{"id":1086395,"date":"2026-02-25T17:25:36","date_gmt":"2026-02-25T16:25:36","guid":{"rendered":"https:\/\/www.claret.cat\/llibre\/la-lala-i-el-lolo-juguen-a-fet-amagar-9788482897875\/"},"modified":"2026-02-26T16:40:21","modified_gmt":"2026-02-26T15:40:21","slug":"la-lala-i-el-lolo-juguen-a-fet-amagar-9788482897875","status":"publish","type":"product","link":"https:\/\/www.claret.cat\/es\/libro\/la-lala-i-el-lolo-juguen-a-fet-amagar-9788482897875\/","title":{"rendered":"LA LALA I EL LOLO: JUGUEN A FET AMAGAR"},"content":{"rendered":"<p>Juguen a fet i amagar!<br \/> Cucut, on ets? Mirem per davant i per darrere&#8230;<\/p>\n<p> La Lala i en Lolo inauguren una nova col\u00b7lecci\u00f3 de llibres de cartr\u00f3 per als m\u00e9s petits, pensada per compartir, jugar i descobrir junts. Amb solapes i mecanismes lliscants, aquests dos primers volums acompanyen una gata curiosa i un gos tranquil en petites aventures quotidianes plenes de sorpresa.<\/p>\n<p> Una proposta resistent, interactiva i molt visual, ideal per a les primeres lectures i els primers jocs amb els llibres.<\/p>\n","protected":false},"excerpt":{"rendered":"<p>EVA MEJUTO<\/p>\n","protected":false},"featured_media":1086730,"template":"","meta":{"_acf_changed":false,"om_disable_all_campaigns":false,"rs_blank_template":"","rs_page_bg_color":"","slide_template_v7":"","inline_featured_image":false,"_monsterinsights_skip_tracking":false,"_monsterinsights_sitenote_active":false,"_monsterinsights_sitenote_note":"","_monsterinsights_sitenote_category":0},"product_brand":[],"product_cat":[131,361],"product_tag":[],"class_list":{"0":"post-1086395","1":"product","2":"type-product","3":"status-publish","4":"has-post-thumbnail","6":"product_cat-contes-per-infants-0-6-anys","7":"product_cat-cuentos-para-ninos-0-6-anos","9":"first","10":"instock","11":"taxable","12":"shipping-taxable","13":"purchasable","14":"product-type-simple"},"acf":{"autor":"EVA MEJUTO","codart":"848289787","libros-coleccion":"","ediciones":"1","encuadernacion":"Carpeta","fecha_de_publicacion":"01\/02\/2026","novedad":"1","paginas":"6","subtitulo":"VOL.02 - LA LALA I EL LOLO","orden":"0","portada":"0","idioma":"cat","booktrailer":"","resenas":"","editorial":[{"ID":147686,"post_author":"3","post_date":"2022-10-14 11:52:28","post_date_gmt":"2022-10-14 09:52:28","post_content":"","post_title":"CUMIO","post_excerpt":"","post_status":"publish","comment_status":"closed","ping_status":"closed","post_password":"","post_name":"cumio","to_ping":"","pinged":"","post_modified":"2022-10-14 11:52:28","post_modified_gmt":"2022-10-14 09:52:28","post_content_filtered":"","post_parent":0,"guid":"http:\/\/dev.claret.cat\/editorial\/cumio\/","menu_order":0,"post_type":"editorial","post_mime_type":"","comment_count":"0","filter":"raw"}]},"aioseo_notices":[],"_links":{"self":[{"href":"https:\/\/www.claret.cat\/es\/wp-json\/wp\/v2\/product\/1086395","targetHints":{"allow":["GET"]}}],"collection":[{"href":"https:\/\/www.claret.cat\/es\/wp-json\/wp\/v2\/product"}],"about":[{"href":"https:\/\/www.claret.cat\/es\/wp-json\/wp\/v2\/types\/product"}],"wp:featuredmedia":[{"embeddable":true,"href":"https:\/\/www.claret.cat\/es\/wp-json\/wp\/v2\/media\/1086730"}],"wp:attachment":[{"href":"https:\/\/www.claret.cat\/es\/wp-json\/wp\/v2\/media?parent=1086395"}],"wp:term":[{"taxonomy":"product_brand","embeddable":true,"href":"https:\/\/www.claret.cat\/es\/wp-json\/wp\/v2\/product_brand?post=1086395"},{"taxonomy":"product_cat","embeddable":true,"href":"https:\/\/www.claret.cat\/es\/wp-json\/wp\/v2\/product_cat?post=1086395"},{"taxonomy":"product_tag","embeddable":true,"href":"https:\/\/www.claret.cat\/es\/wp-json\/wp\/v2\/product_tag?post=1086395"}],"curies":[{"name":"wp","href":"https:\/\/api.w.org\/{rel}","templated":true}]}}