{"id":1086412,"date":"2026-02-25T17:45:02","date_gmt":"2026-02-25T16:45:02","guid":{"rendered":"https:\/\/www.claret.cat\/llibre\/nueva-correspondencia-19551972-9788426430847\/"},"modified":"2026-02-25T19:30:34","modified_gmt":"2026-02-25T18:30:34","slug":"nueva-correspondencia-19551972-9788426430847","status":"publish","type":"product","link":"https:\/\/www.claret.cat\/es\/libro\/nueva-correspondencia-19551972-9788426430847\/","title":{"rendered":"NUEVA CORRESPONDENCIA (1955-1972)"},"content":{"rendered":"<p>Ivonne Bordelois y Cristina Pi\u00f1a han logrado reunir m\u00e1s de cuarenta corresponsales, lo cual supera significativamente el n\u00famero de la edici\u00f3n anterior de las cartas de Alejandra; a muchos nombres relevantes como Adolfo Bioy Casares, Silvina Ocampo, Ana Mar\u00eda Barrenechea o Sylvia Molloy, se agregan ahora los de Manuel Mujica Lainez, Julio Cort\u00e1zar, Arnaldo Calveyra y Ra\u00fal Gustavo Aguirre, entre otros. Alejandra Pizarnik fue una corresponsal atenta y prol\u00edfica que a trav\u00e9s de sus cartas se manten\u00eda comunicada con amigos, escritores, periodistas, investigadores, desde Buenos Aires, pero tambi\u00e9n desde Nueva York, adonde viaj\u00f3 por una beca, o Par\u00eds, la ciudad que amaba y en la que residi\u00f3 tres a\u00f1os.  Reveladora de su universo creativo, personal e \u00edntimo, esta correspondencia muestra una personalidad facetada como pocas: l\u00fadica y divertida con los amigos, agudamente reflexiva con los colegas, fiel a quienes admiraba. Apasionada de los cuadernos, los papeles y las tintas de color, escrib\u00eda seria o humor\u00edsticamente, dibujaba, adjuntaba poemas o fragmentos de su diario. La cr\u00edtica ha dicho: \u00abSombr\u00eda, orgullosa, llena de suturas y de grietas, la obra pizarnikiana responde a una estructura del deseo.\u00bb<br \/>Mar\u00eda Negroni \u00abCada poema [suyo] es el cubo de una inmensa rueda.\u00bb<br \/>Julio Cort\u00e1zar \u00abSituviera que escoger una cocina literaria para instalarme [&#8230;] vivir\u00eda muy a gusto en la de Alejandra Pizarnik.\u00bb<br \/>Roberto Bola\u00f1o \u00abAl encanto de Pizarnik de ser una figura envuelta en el misterio y una personalidad inexplicable, hay que a\u00f1adir el hecho de que palabra por palabra ella escrib\u00eda la noche, y el lector que se acerque a ella descubrir\u00e1 que esa escritura nocturna, que ten\u00eda un alto sentido delriesgo, nac\u00eda de la m\u00e1s pura necesidad, como a pocos escritores del siglo XX se les ha visto.\u00bb<br \/>Enrique Vila-Matas, Babelia \u00abUn hecho excepcional en la literatura argentina, que puede adjudicarse al aura de prestigio casi legendario que ha envuelto la vida y la obra de Alejandra Pizarnik.\u00bb<br \/>C\u00e9sar Aira\u00abUna escritura que no acaba nunca.\u00bb<br \/>Winston Manrique Sabogal, El Pa\u00eds \u00abPara la numerosa legi\u00f3n de los pizarnikianos, estas cartas ser\u00e1n una lectura golosa, incluso en los pasajes que parecen anecd\u00f3ticos y banales, pues su voz est\u00e1 siempre bajo el control de una lucidez extraordinaria y de un deseo inquebrantable de poes\u00eda.\u00bb<br \/>Edgardo Dobry, El Pa\u00eds\u00abLas cartas personales de la gran poeta Pizarnik desvelan parte de su enigm\u00e1tico universo. [&#8230;] Estas misivas son en s\u00ed mismas peque\u00f1as obras de arte. Po\u00e9tica.\u00bb<br \/>La Voz de Galicia<\/p>\n","protected":false},"excerpt":{"rendered":"<p>ALEJANDRA PIZARNIK<\/p>\n","protected":false},"featured_media":1086509,"template":"","meta":{"_acf_changed":false,"om_disable_all_campaigns":false,"rs_blank_template":"","rs_page_bg_color":"","slide_template_v7":"","inline_featured_image":false,"_monsterinsights_skip_tracking":false,"_monsterinsights_sitenote_active":false,"_monsterinsights_sitenote_note":"","_monsterinsights_sitenote_category":0},"product_brand":[],"product_cat":[549,99],"product_tag":[],"class_list":{"0":"post-1086412","1":"product","2":"type-product","3":"status-publish","4":"has-post-thumbnail","6":"product_cat-biografias","7":"product_cat-biografies","9":"first","10":"instock","11":"taxable","12":"shipping-taxable","13":"purchasable","14":"product-type-simple"},"acf":{"autor":"ALEJANDRA PIZARNIK","codart":"842643084","libros-coleccion":"Narrativa","ediciones":"1","encuadernacion":"R\u00fastica","fecha_de_publicacion":"01\/10\/2024","novedad":"1","paginas":"400","subtitulo":"EDICI\u00d3N DE IVONNE BORDELOIS Y CRISTINA PI\u00d1A","orden":"0","portada":"0","idioma":"spa","booktrailer":"","resenas":"","editorial":[{"ID":6296,"post_author":"3","post_date":"2022-07-28 17:49:09","post_date_gmt":"2022-07-28 15:49:09","post_content":"","post_title":"LUMEN","post_excerpt":"","post_status":"publish","comment_status":"closed","ping_status":"closed","post_password":"","post_name":"lumen","to_ping":"","pinged":"","post_modified":"2022-07-28 17:49:09","post_modified_gmt":"2022-07-28 15:49:09","post_content_filtered":"","post_parent":0,"guid":"http:\/\/dev.claret.cat\/editorial\/lumen\/","menu_order":0,"post_type":"editorial","post_mime_type":"","comment_count":"0","filter":"raw"}]},"aioseo_notices":[],"_links":{"self":[{"href":"https:\/\/www.claret.cat\/es\/wp-json\/wp\/v2\/product\/1086412","targetHints":{"allow":["GET"]}}],"collection":[{"href":"https:\/\/www.claret.cat\/es\/wp-json\/wp\/v2\/product"}],"about":[{"href":"https:\/\/www.claret.cat\/es\/wp-json\/wp\/v2\/types\/product"}],"wp:featuredmedia":[{"embeddable":true,"href":"https:\/\/www.claret.cat\/es\/wp-json\/wp\/v2\/media\/1086509"}],"wp:attachment":[{"href":"https:\/\/www.claret.cat\/es\/wp-json\/wp\/v2\/media?parent=1086412"}],"wp:term":[{"taxonomy":"product_brand","embeddable":true,"href":"https:\/\/www.claret.cat\/es\/wp-json\/wp\/v2\/product_brand?post=1086412"},{"taxonomy":"product_cat","embeddable":true,"href":"https:\/\/www.claret.cat\/es\/wp-json\/wp\/v2\/product_cat?post=1086412"},{"taxonomy":"product_tag","embeddable":true,"href":"https:\/\/www.claret.cat\/es\/wp-json\/wp\/v2\/product_tag?post=1086412"}],"curies":[{"name":"wp","href":"https:\/\/api.w.org\/{rel}","templated":true}]}}