{"id":1086415,"date":"2026-02-25T18:05:02","date_gmt":"2026-02-25T17:05:02","guid":{"rendered":"https:\/\/www.claret.cat\/llibre\/sombras-en-la-noche-9791387501471\/"},"modified":"2026-02-26T16:36:37","modified_gmt":"2026-02-26T15:36:37","slug":"sombras-en-la-noche-9791387501471","status":"publish","type":"product","link":"https:\/\/www.claret.cat\/es\/libro\/sombras-en-la-noche-9791387501471\/","title":{"rendered":"SOMBRAS EN LA NOCHE"},"content":{"rendered":"<p>Sombras en la noche es un relato de misterio ambientado en una aldea gallega donde una antigua leyenda sigue viva: la sombra de una mujer que vaga por las noches en un pazo abandonado. La llegada de una mujer al lugar hace emerger un pasado marcado por el miedo y la violencia, que se revela a trav\u00e9s de las voces de tres mujeres.<\/p>\n<p> Con una atm\u00f3sfera oscura y sugerente, la historia explora el terror psicol\u00f3gico, la memoria y el miedo como herencia, construyendo un relato inquietante que interpreta tanto a lectoras y lectores j\u00f3venes como adultos. Las ilustraciones de Iv\u00e1n R., de gran fuerza expresiva, dialogan con el texto y refuerzan un universo visual cargado de simbolismo.<\/p>\n<p> Un \u00e1lbum ilustrado que se mueve entre la narraci\u00f3n juvenil y la literatura para adultos, pensado para quienes buscan historias intensas, evocadoras y con m\u00faltiples capas de lectura.<\/p>\n","protected":false},"excerpt":{"rendered":"<p>PAULA CARBALLEIRA<\/p>\n","protected":false},"featured_media":1086723,"template":"","meta":{"_acf_changed":false,"om_disable_all_campaigns":false,"rs_blank_template":"","rs_page_bg_color":"","slide_template_v7":"","inline_featured_image":false,"_monsterinsights_skip_tracking":false,"_monsterinsights_sitenote_active":false,"_monsterinsights_sitenote_note":"","_monsterinsights_sitenote_category":0},"product_brand":[],"product_cat":[131,361],"product_tag":[],"class_list":{"0":"post-1086415","1":"product","2":"type-product","3":"status-publish","4":"has-post-thumbnail","6":"product_cat-contes-per-infants-0-6-anys","7":"product_cat-cuentos-para-ninos-0-6-anos","9":"first","10":"instock","11":"taxable","12":"shipping-taxable","13":"purchasable","14":"product-type-simple"},"acf":{"autor":"PAULA CARBALLEIRA","codart":"138750147","libros-coleccion":"","ediciones":"1","encuadernacion":"Carton\u00e9","fecha_de_publicacion":"01\/02\/2026","novedad":"1","paginas":"60","subtitulo":"","orden":"0","portada":"0","idioma":"spa","booktrailer":"","resenas":"","editorial":[{"ID":988051,"post_author":"3","post_date":"2024-10-24 12:30:41","post_date_gmt":"2024-10-24 10:30:41","post_content":"","post_title":"Triqueta VerdeU","post_excerpt":"","post_status":"publish","comment_status":"closed","ping_status":"closed","post_password":"","post_name":"triqueta-verdeu","to_ping":"","pinged":"","post_modified":"2024-10-24 12:30:41","post_modified_gmt":"2024-10-24 10:30:41","post_content_filtered":"","post_parent":0,"guid":"https:\/\/www.claret.cat\/editorial\/triqueta-verdeu\/","menu_order":0,"post_type":"editorial","post_mime_type":"","comment_count":"0","filter":"raw"}]},"aioseo_notices":[],"_links":{"self":[{"href":"https:\/\/www.claret.cat\/es\/wp-json\/wp\/v2\/product\/1086415","targetHints":{"allow":["GET"]}}],"collection":[{"href":"https:\/\/www.claret.cat\/es\/wp-json\/wp\/v2\/product"}],"about":[{"href":"https:\/\/www.claret.cat\/es\/wp-json\/wp\/v2\/types\/product"}],"wp:featuredmedia":[{"embeddable":true,"href":"https:\/\/www.claret.cat\/es\/wp-json\/wp\/v2\/media\/1086723"}],"wp:attachment":[{"href":"https:\/\/www.claret.cat\/es\/wp-json\/wp\/v2\/media?parent=1086415"}],"wp:term":[{"taxonomy":"product_brand","embeddable":true,"href":"https:\/\/www.claret.cat\/es\/wp-json\/wp\/v2\/product_brand?post=1086415"},{"taxonomy":"product_cat","embeddable":true,"href":"https:\/\/www.claret.cat\/es\/wp-json\/wp\/v2\/product_cat?post=1086415"},{"taxonomy":"product_tag","embeddable":true,"href":"https:\/\/www.claret.cat\/es\/wp-json\/wp\/v2\/product_tag?post=1086415"}],"curies":[{"name":"wp","href":"https:\/\/api.w.org\/{rel}","templated":true}]}}