{"id":1086418,"date":"2026-02-25T18:05:18","date_gmt":"2026-02-25T17:05:18","guid":{"rendered":"https:\/\/www.claret.cat\/llibre\/porque-te-quiero-9791387501457\/"},"modified":"2026-02-26T16:36:21","modified_gmt":"2026-02-26T15:36:21","slug":"porque-te-quiero-9791387501457","status":"publish","type":"product","link":"https:\/\/www.claret.cat\/es\/libro\/porque-te-quiero-9791387501457\/","title":{"rendered":"PORQUE TE QUIERO"},"content":{"rendered":"<p>Porque te quiero es un \u00e1lbum ilustrado para compartir en familia que celebra el v\u00ednculo afectivo que se construye cada d\u00eda. A trav\u00e9s de escenas cotidianas y llenas de ternura, el libro muestra las m\u00faltiples formas de decir &#8216;te quiero&#8217; con gestos sencillos: estar, cuidar, acompa\u00f1ar y escuchar.<\/p>\n<p> Con un lenguaje cercano y unas ilustraciones c\u00e1lidas, la historia invita a ni\u00f1as y ni\u00f1os a reconocerse en situaciones familiares, reforzando la seguridad emocional y el sentimiento de pertenencia. Un libro pensado para leer juntos, abrazar y recordar que el amor se demuestra en los peque\u00f1os gestos.<\/p>\n","protected":false},"excerpt":{"rendered":"<p>LUCA TORTOLINI<\/p>\n","protected":false},"featured_media":1086721,"template":"","meta":{"_acf_changed":false,"om_disable_all_campaigns":false,"rs_blank_template":"","rs_page_bg_color":"","slide_template_v7":"","inline_featured_image":false,"_monsterinsights_skip_tracking":false,"_monsterinsights_sitenote_active":false,"_monsterinsights_sitenote_note":"","_monsterinsights_sitenote_category":0},"product_brand":[],"product_cat":[131,361],"product_tag":[],"class_list":{"0":"post-1086418","1":"product","2":"type-product","3":"status-publish","4":"has-post-thumbnail","6":"product_cat-contes-per-infants-0-6-anys","7":"product_cat-cuentos-para-ninos-0-6-anos","9":"first","10":"instock","11":"taxable","12":"shipping-taxable","13":"purchasable","14":"product-type-simple"},"acf":{"autor":"LUCA TORTOLINI","codart":"138750145","libros-coleccion":"","ediciones":"1","encuadernacion":"Carton\u00e9","fecha_de_publicacion":"01\/02\/2026","novedad":"1","paginas":"45","subtitulo":"","orden":"0","portada":"0","idioma":"spa","booktrailer":"","resenas":"","editorial":[{"ID":988051,"post_author":"3","post_date":"2024-10-24 12:30:41","post_date_gmt":"2024-10-24 10:30:41","post_content":"","post_title":"Triqueta VerdeU","post_excerpt":"","post_status":"publish","comment_status":"closed","ping_status":"closed","post_password":"","post_name":"triqueta-verdeu","to_ping":"","pinged":"","post_modified":"2024-10-24 12:30:41","post_modified_gmt":"2024-10-24 10:30:41","post_content_filtered":"","post_parent":0,"guid":"https:\/\/www.claret.cat\/editorial\/triqueta-verdeu\/","menu_order":0,"post_type":"editorial","post_mime_type":"","comment_count":"0","filter":"raw"}]},"aioseo_notices":[],"_links":{"self":[{"href":"https:\/\/www.claret.cat\/es\/wp-json\/wp\/v2\/product\/1086418","targetHints":{"allow":["GET"]}}],"collection":[{"href":"https:\/\/www.claret.cat\/es\/wp-json\/wp\/v2\/product"}],"about":[{"href":"https:\/\/www.claret.cat\/es\/wp-json\/wp\/v2\/types\/product"}],"wp:featuredmedia":[{"embeddable":true,"href":"https:\/\/www.claret.cat\/es\/wp-json\/wp\/v2\/media\/1086721"}],"wp:attachment":[{"href":"https:\/\/www.claret.cat\/es\/wp-json\/wp\/v2\/media?parent=1086418"}],"wp:term":[{"taxonomy":"product_brand","embeddable":true,"href":"https:\/\/www.claret.cat\/es\/wp-json\/wp\/v2\/product_brand?post=1086418"},{"taxonomy":"product_cat","embeddable":true,"href":"https:\/\/www.claret.cat\/es\/wp-json\/wp\/v2\/product_cat?post=1086418"},{"taxonomy":"product_tag","embeddable":true,"href":"https:\/\/www.claret.cat\/es\/wp-json\/wp\/v2\/product_tag?post=1086418"}],"curies":[{"name":"wp","href":"https:\/\/api.w.org\/{rel}","templated":true}]}}