{"id":1086421,"date":"2026-02-25T18:05:33","date_gmt":"2026-02-25T17:05:33","guid":{"rendered":"https:\/\/www.claret.cat\/llibre\/lector-no-7-9788486545888\/"},"modified":"2026-03-04T14:05:14","modified_gmt":"2026-03-04T13:05:14","slug":"lector-no-7-9788486545888","status":"publish","type":"product","link":"https:\/\/www.claret.cat\/es\/libro\/lector-no-7-9788486545888\/","title":{"rendered":"LECTOR N\u00ba 7"},"content":{"rendered":"<p>Els quaderns de prim\u00e0ria &#8216;Lector: Velocitat i comprensi\u00f3 lectora&#8217; s\u00f3n un ajut espec\u00edfic per a millorar la capacitat lectora dels aprenents de &#8216;lector&#8217;, que es basen en el principi: &#8216;A llegir se n&#8221;apr\u00e8n llegint&#8217;.<br \/>&#8211; Estan pensats perqu\u00e8 el nen\/a els treballi individualment i, per implicar-lo en el seu proc\u00e9s lector.<br \/>&#8211; A tots els quaderns hi ha dos autocontrols on el nen\/a comprova el seu aven\u00e7<\/p>\n","protected":false},"excerpt":{"rendered":"<p>AAVV<\/p>\n","protected":false},"featured_media":1086422,"template":"","meta":{"_acf_changed":false,"om_disable_all_campaigns":false,"rs_blank_template":"","rs_page_bg_color":"","slide_template_v7":"","inline_featured_image":false,"_monsterinsights_skip_tracking":false,"_monsterinsights_sitenote_active":false,"_monsterinsights_sitenote_note":"","_monsterinsights_sitenote_category":0},"product_brand":[],"product_cat":[333,122],"product_tag":[],"class_list":{"0":"post-1086421","1":"product","2":"type-product","3":"status-publish","4":"has-post-thumbnail","6":"product_cat-cuadernos-de-vacaciones","7":"product_cat-quaderns-de-vacances","9":"first","10":"instock","11":"taxable","12":"shipping-taxable","13":"purchasable","14":"product-type-simple"},"acf":{"autor":"AAVV","codart":"848654588","libros-coleccion":"","ediciones":"1","encuadernacion":"R\u00fastica","fecha_de_publicacion":"01\/01\/2006","novedad":"1","paginas":"0","subtitulo":"ENTRENAMENT LECTOR, VELOCITAT I COMPRENSI\u00d3","orden":"0","portada":"0","idioma":"cat","booktrailer":"","resenas":"","editorial":[{"ID":449155,"post_author":"3","post_date":"2023-06-30 14:10:03","post_date_gmt":"2023-06-30 12:10:03","post_content":"","post_title":"Editorial Nadal","post_excerpt":"","post_status":"publish","comment_status":"closed","ping_status":"closed","post_password":"","post_name":"editorial-nadal","to_ping":"","pinged":"","post_modified":"2023-06-30 14:10:03","post_modified_gmt":"2023-06-30 12:10:03","post_content_filtered":"","post_parent":0,"guid":"https:\/\/www.claret.cat\/editorial\/editorial-nadal\/","menu_order":0,"post_type":"editorial","post_mime_type":"","comment_count":"0","filter":"raw"}]},"aioseo_notices":[],"_links":{"self":[{"href":"https:\/\/www.claret.cat\/es\/wp-json\/wp\/v2\/product\/1086421","targetHints":{"allow":["GET"]}}],"collection":[{"href":"https:\/\/www.claret.cat\/es\/wp-json\/wp\/v2\/product"}],"about":[{"href":"https:\/\/www.claret.cat\/es\/wp-json\/wp\/v2\/types\/product"}],"wp:featuredmedia":[{"embeddable":true,"href":"https:\/\/www.claret.cat\/es\/wp-json\/wp\/v2\/media\/1086422"}],"wp:attachment":[{"href":"https:\/\/www.claret.cat\/es\/wp-json\/wp\/v2\/media?parent=1086421"}],"wp:term":[{"taxonomy":"product_brand","embeddable":true,"href":"https:\/\/www.claret.cat\/es\/wp-json\/wp\/v2\/product_brand?post=1086421"},{"taxonomy":"product_cat","embeddable":true,"href":"https:\/\/www.claret.cat\/es\/wp-json\/wp\/v2\/product_cat?post=1086421"},{"taxonomy":"product_tag","embeddable":true,"href":"https:\/\/www.claret.cat\/es\/wp-json\/wp\/v2\/product_tag?post=1086421"}],"curies":[{"name":"wp","href":"https:\/\/api.w.org\/{rel}","templated":true}]}}