{"id":1086443,"date":"2026-02-25T18:15:27","date_gmt":"2026-02-25T17:15:27","guid":{"rendered":"https:\/\/www.claret.cat\/llibre\/una-nena-nova-al-parc-9788418937040\/"},"modified":"2026-02-26T16:14:46","modified_gmt":"2026-02-26T15:14:46","slug":"una-nena-nova-al-parc-9788418937040","status":"publish","type":"product","link":"https:\/\/www.claret.cat\/es\/libro\/una-nena-nova-al-parc-9788418937040\/","title":{"rendered":"UNA NENA NOVA AL PARC!"},"content":{"rendered":"<p>Una nena nova al parc! \u00c9s un \u00e0lbum il\u00b7lustrat molt divertit i tendre que conta la hist\u00f2ria d&#8221;amistat de dos nens: Pere i Violeta. Ell est\u00e0 com a boig per con\u00e8ixer a nous amics i, quan es troba amb Violeta al parc, vol que sigui la seva amiga! Per\u00f2, per aaconseguir-ho, haur\u00e0 d&#8221;aprendre que cada persona \u00e9s diferent.    A m\u00e9s de l&#8221;amistat de Violeta i Pere, aquest parc t\u00e9 moltes altres hist\u00f2ries amagades que el lector pot anar descobrint en les seg\u00fcents lectures.<\/p>\n","protected":false},"excerpt":{"rendered":"<p>LEYVA, CRISTINA<\/p>\n","protected":false},"featured_media":1086656,"template":"","meta":{"_acf_changed":false,"om_disable_all_campaigns":false,"rs_blank_template":"","rs_page_bg_color":"","slide_template_v7":"","inline_featured_image":false,"_monsterinsights_skip_tracking":false,"_monsterinsights_sitenote_active":false,"_monsterinsights_sitenote_note":"","_monsterinsights_sitenote_category":0},"product_brand":[],"product_cat":[131,361],"product_tag":[],"class_list":{"0":"post-1086443","1":"product","2":"type-product","3":"status-publish","4":"has-post-thumbnail","6":"product_cat-contes-per-infants-0-6-anys","7":"product_cat-cuentos-para-ninos-0-6-anos","9":"first","10":"instock","11":"taxable","12":"shipping-taxable","13":"purchasable","14":"product-type-simple"},"acf":{"autor":"LEYVA, CRISTINA","codart":"841893704","libros-coleccion":"","ediciones":"1","encuadernacion":"Carton\u00e9","fecha_de_publicacion":"01\/09\/2023","novedad":"1","paginas":"32","subtitulo":"","orden":"0","portada":"0","idioma":"cat","booktrailer":"","resenas":"","editorial":[{"ID":992135,"post_author":"3","post_date":"2024-11-15 18:25:56","post_date_gmt":"2024-11-15 17:25:56","post_content":"","post_title":"ESTRELLA AZUL","post_excerpt":"","post_status":"publish","comment_status":"closed","ping_status":"closed","post_password":"","post_name":"estrella-azul","to_ping":"","pinged":"","post_modified":"2024-11-15 18:25:56","post_modified_gmt":"2024-11-15 17:25:56","post_content_filtered":"","post_parent":0,"guid":"https:\/\/www.claret.cat\/editorial\/estrella-azul\/","menu_order":0,"post_type":"editorial","post_mime_type":"","comment_count":"0","filter":"raw"}]},"aioseo_notices":[],"_links":{"self":[{"href":"https:\/\/www.claret.cat\/es\/wp-json\/wp\/v2\/product\/1086443","targetHints":{"allow":["GET"]}}],"collection":[{"href":"https:\/\/www.claret.cat\/es\/wp-json\/wp\/v2\/product"}],"about":[{"href":"https:\/\/www.claret.cat\/es\/wp-json\/wp\/v2\/types\/product"}],"wp:featuredmedia":[{"embeddable":true,"href":"https:\/\/www.claret.cat\/es\/wp-json\/wp\/v2\/media\/1086656"}],"wp:attachment":[{"href":"https:\/\/www.claret.cat\/es\/wp-json\/wp\/v2\/media?parent=1086443"}],"wp:term":[{"taxonomy":"product_brand","embeddable":true,"href":"https:\/\/www.claret.cat\/es\/wp-json\/wp\/v2\/product_brand?post=1086443"},{"taxonomy":"product_cat","embeddable":true,"href":"https:\/\/www.claret.cat\/es\/wp-json\/wp\/v2\/product_cat?post=1086443"},{"taxonomy":"product_tag","embeddable":true,"href":"https:\/\/www.claret.cat\/es\/wp-json\/wp\/v2\/product_tag?post=1086443"}],"curies":[{"name":"wp","href":"https:\/\/api.w.org\/{rel}","templated":true}]}}