{"id":1086449,"date":"2026-02-25T18:20:18","date_gmt":"2026-02-25T17:20:18","guid":{"rendered":"https:\/\/www.claret.cat\/llibre\/oceanica-9788482897905\/"},"modified":"2026-02-25T18:21:28","modified_gmt":"2026-02-25T17:21:28","slug":"oceanica-9788482897905","status":"publish","type":"product","link":"https:\/\/www.claret.cat\/es\/libro\/oceanica-9788482897905\/","title":{"rendered":"OCE\u00c0NICA"},"content":{"rendered":"<p>UN VIATGE IL\u00b7LUSTRAT AL COR DEL PLANETA BLAU<\/p>\n<p> Oce\u00e1nica \u00e9s un llibre divulgatiu il\u00b7lustrat que ofereix una visi\u00f3 completa de l\u2019oce\u00e0: el seu origen, el seu funcionament, les criatures que l\u2019habiten i el seu paper essencial per a la vida a la Terra. A trav\u00e9s d\u2019explicacions clares, rigor cient\u00edfic i un llenguatge accessible, proposa un recorregut pel m\u00f3n mar\u00ed, des de les profunditats m\u00e9s extremes fins als ecosistemes costaners.<\/p>\n<p> Amb il\u00b7lustracions detallades i un enfocament que combina ci\u00e8ncia i consci\u00e8ncia ambiental, el llibre fomenta l\u2019inter\u00e8s pel coneixement i el respecte pel mar i els seus habitants. Una obra pensada per aprendre, observar i comprendre la import\u00e0ncia de cuidar l\u2019oce\u00e0.<\/p>\n","protected":false},"excerpt":{"rendered":"<p>CATALINA VELASCO<\/p>\n","protected":false},"featured_media":1086450,"template":"","meta":{"_acf_changed":false,"om_disable_all_campaigns":false,"rs_blank_template":"","rs_page_bg_color":"","slide_template_v7":"","inline_featured_image":false,"_monsterinsights_skip_tracking":false,"_monsterinsights_sitenote_active":false,"_monsterinsights_sitenote_note":"","_monsterinsights_sitenote_category":0},"product_brand":[],"product_cat":[131,361],"product_tag":[],"class_list":{"0":"post-1086449","1":"product","2":"type-product","3":"status-publish","4":"has-post-thumbnail","6":"product_cat-contes-per-infants-0-6-anys","7":"product_cat-cuentos-para-ninos-0-6-anos","9":"first","10":"instock","11":"taxable","12":"shipping-taxable","13":"purchasable","14":"product-type-simple"},"acf":{"autor":"CATALINA VELASCO","codart":"848289790","libros-coleccion":"","ediciones":"1","encuadernacion":"Carton\u00e9","fecha_de_publicacion":"01\/02\/2026","novedad":"1","paginas":"0","subtitulo":"","orden":"0","portada":"0","idioma":"cat","booktrailer":"","resenas":"","editorial":[{"ID":147686,"post_author":"3","post_date":"2022-10-14 11:52:28","post_date_gmt":"2022-10-14 09:52:28","post_content":"","post_title":"CUMIO","post_excerpt":"","post_status":"publish","comment_status":"closed","ping_status":"closed","post_password":"","post_name":"cumio","to_ping":"","pinged":"","post_modified":"2022-10-14 11:52:28","post_modified_gmt":"2022-10-14 09:52:28","post_content_filtered":"","post_parent":0,"guid":"http:\/\/dev.claret.cat\/editorial\/cumio\/","menu_order":0,"post_type":"editorial","post_mime_type":"","comment_count":"0","filter":"raw"}]},"aioseo_notices":[],"_links":{"self":[{"href":"https:\/\/www.claret.cat\/es\/wp-json\/wp\/v2\/product\/1086449","targetHints":{"allow":["GET"]}}],"collection":[{"href":"https:\/\/www.claret.cat\/es\/wp-json\/wp\/v2\/product"}],"about":[{"href":"https:\/\/www.claret.cat\/es\/wp-json\/wp\/v2\/types\/product"}],"wp:featuredmedia":[{"embeddable":true,"href":"https:\/\/www.claret.cat\/es\/wp-json\/wp\/v2\/media\/1086450"}],"wp:attachment":[{"href":"https:\/\/www.claret.cat\/es\/wp-json\/wp\/v2\/media?parent=1086449"}],"wp:term":[{"taxonomy":"product_brand","embeddable":true,"href":"https:\/\/www.claret.cat\/es\/wp-json\/wp\/v2\/product_brand?post=1086449"},{"taxonomy":"product_cat","embeddable":true,"href":"https:\/\/www.claret.cat\/es\/wp-json\/wp\/v2\/product_cat?post=1086449"},{"taxonomy":"product_tag","embeddable":true,"href":"https:\/\/www.claret.cat\/es\/wp-json\/wp\/v2\/product_tag?post=1086449"}],"curies":[{"name":"wp","href":"https:\/\/api.w.org\/{rel}","templated":true}]}}