{"id":1086526,"date":"2026-02-26T10:40:09","date_gmt":"2026-02-26T09:40:09","guid":{"rendered":"https:\/\/www.claret.cat\/llibre\/lectio-divina-para-tiempos-fuertes-cuaresma-y-semana-santa-2026-9788479668303\/"},"modified":"2026-02-26T10:40:36","modified_gmt":"2026-02-26T09:40:36","slug":"lectio-divina-para-tiempos-fuertes-cuaresma-y-semana-santa-2026-9788479668303","status":"publish","type":"product","link":"https:\/\/www.claret.cat\/es\/libro\/lectio-divina-para-tiempos-fuertes-cuaresma-y-semana-santa-2026-9788479668303\/","title":{"rendered":"LECTIO DIVINA PARA TIEMPOS FUERTES : CUARESMA Y SEMANA SANTA 2026"},"content":{"rendered":"<p>\u00abEs la Palabra de Dios la que suscita la fe, la alimenta, la regenera. Es la Palabra de Dios la que toca los corazones, los convierte a Dios y a su l\u00f3gica, que tan distinta es de la nuestra; es la Palabra de Dios la que renueva continuamente nuestras comunidades&#8230; Creo que todos podemos mejorar un poco bajo este aspecto: volvernos todos m\u00e1s oyentes de la Palabra de Dios, para ser menos ricos de nuestras palabras y m\u00e1s ricos de las suyas\u00bb. \u201cNuestro Salvador, amad\u00edsimos hermanos, ha nacido hoy; alegr\u00e9monos. Que nadie se considere excluido de esta alegr\u00eda, pues el motivo de este gozo es com\u00fan para todos; nuestro Se\u00f1or, en efecto, vencedor del pecado y de la muerte, as\u00ed como no encontr\u00f3 a nadie libre de culpa, as\u00ed ha venido para salvarnos a todos. Al\u00e9grese, pues, el justo, porque se acerca a la recompensa; regoc\u00edjese el pecador, porque se le brinda el perd\u00f3n\u201d.<\/p>\n","protected":false},"excerpt":{"rendered":"<p>MOLINA, OLGA<\/p>\n","protected":false},"featured_media":1086527,"template":"","meta":{"_acf_changed":false,"om_disable_all_campaigns":false,"rs_blank_template":"","rs_page_bg_color":"","slide_template_v7":"","inline_featured_image":false,"_monsterinsights_skip_tracking":false,"_monsterinsights_sitenote_active":false,"_monsterinsights_sitenote_note":"","_monsterinsights_sitenote_category":0},"product_brand":[],"product_cat":[495,245,396,247],"product_tag":[],"class_list":{"0":"post-1086526","1":"product","2":"type-product","3":"status-publish","4":"has-post-thumbnail","6":"product_cat-diversa-espiritualidad-1_espiritualidad","7":"product_cat-diversa","8":"product_cat-oracion","9":"product_cat-pregaria","11":"first","12":"instock","13":"taxable","14":"shipping-taxable","15":"purchasable","16":"product-type-simple"},"acf":{"autor":"MOLINA, OLGA","codart":"847966830","libros-coleccion":"","ediciones":"1","encuadernacion":"R\u00fastica","fecha_de_publicacion":"24\/02\/2026","novedad":"1","paginas":"124","subtitulo":"NO SOLO DE PAN","orden":"0","portada":"0","idioma":"spa","booktrailer":"","resenas":"","editorial":[{"ID":6337,"post_author":"3","post_date":"2022-07-28 17:50:01","post_date_gmt":"2022-07-28 15:50:01","post_content":"","post_title":"Publicaciones Claretianas","post_excerpt":"","post_status":"publish","comment_status":"closed","ping_status":"closed","post_password":"","post_name":"publicaciones-claretianas","to_ping":"","pinged":"","post_modified":"2022-07-28 17:50:01","post_modified_gmt":"2022-07-28 15:50:01","post_content_filtered":"","post_parent":0,"guid":"http:\/\/dev.claret.cat\/editorial\/publicaciones-claretianas\/","menu_order":0,"post_type":"editorial","post_mime_type":"","comment_count":"0","filter":"raw"}]},"aioseo_notices":[],"_links":{"self":[{"href":"https:\/\/www.claret.cat\/es\/wp-json\/wp\/v2\/product\/1086526","targetHints":{"allow":["GET"]}}],"collection":[{"href":"https:\/\/www.claret.cat\/es\/wp-json\/wp\/v2\/product"}],"about":[{"href":"https:\/\/www.claret.cat\/es\/wp-json\/wp\/v2\/types\/product"}],"wp:featuredmedia":[{"embeddable":true,"href":"https:\/\/www.claret.cat\/es\/wp-json\/wp\/v2\/media\/1086527"}],"wp:attachment":[{"href":"https:\/\/www.claret.cat\/es\/wp-json\/wp\/v2\/media?parent=1086526"}],"wp:term":[{"taxonomy":"product_brand","embeddable":true,"href":"https:\/\/www.claret.cat\/es\/wp-json\/wp\/v2\/product_brand?post=1086526"},{"taxonomy":"product_cat","embeddable":true,"href":"https:\/\/www.claret.cat\/es\/wp-json\/wp\/v2\/product_cat?post=1086526"},{"taxonomy":"product_tag","embeddable":true,"href":"https:\/\/www.claret.cat\/es\/wp-json\/wp\/v2\/product_tag?post=1086526"}],"curies":[{"name":"wp","href":"https:\/\/api.w.org\/{rel}","templated":true}]}}