{"id":1086556,"date":"2026-02-26T12:30:02","date_gmt":"2026-02-26T11:30:02","guid":{"rendered":"https:\/\/www.claret.cat\/llibre\/el-pequeno-mentiroso-9791387664565\/"},"modified":"2026-03-30T16:55:14","modified_gmt":"2026-03-30T14:55:14","slug":"el-pequeno-mentiroso-9791387664565","status":"publish","type":"product","link":"https:\/\/www.claret.cat\/es\/libro\/el-pequeno-mentiroso-9791387664565\/","title":{"rendered":"EL PEQUE\u00d1O MENTIROSO"},"content":{"rendered":"<p>Una novela poderosa de esperanza y perd\u00f3n con un importante mensaje atemporal, NO olvidar nunca la HistoriaSal\u00f3nica, 1943. Nico Krispis nunca ha mentido. Su amiga Fannie lo adora por ello, y su hermano Sebastian le guarda rencor por ambas razones.Con el estallido de la II Guerra Mundial, la inocencia y la bondad de Nico se utilizan en contra de la comunidad jud\u00eda por parte de un oficial alem\u00e1n con la promesa de salvar a su familia. Cuando Nico se da cuenta de las terribles consecuencias, ya no podr\u00e1 volver a decir la verdad nunca m\u00e1s. Pasar\u00e1 el resto de su vida cambiando de nombre, lugar e identidad, desesperado por encontrar una forma de perdonarse a s\u00ed mismo.El poder de la verdad para encontrar la redenci\u00f3n, sin importar cu\u00e1nto nos culpemos por nuestros errores.<br \/>\u00bfPOR QU\u00c9 LEER EL PEQUE\u00d1O MENTIROSO?La nueva novela de Mitch Albom, autor del inolvidable libro Martes con mi viejo profesor.La exploraci\u00f3n de la verdad y la mentira como tema atemporal que conecta con los lectores.Una historia poco conocida del Holocausto, de gran impacto hist\u00f3rico y emocional.<\/p>\n","protected":false},"excerpt":{"rendered":"<p>MITCH ALBOM<\/p>\n","protected":false},"featured_media":1086744,"template":"","meta":{"_acf_changed":false,"om_disable_all_campaigns":false,"rs_blank_template":"","rs_page_bg_color":"","slide_template_v7":"","inline_featured_image":false,"_monsterinsights_skip_tracking":false,"_monsterinsights_sitenote_active":false,"_monsterinsights_sitenote_note":"","_monsterinsights_sitenote_category":0},"product_brand":[],"product_cat":[127,357],"product_tag":[],"class_list":{"0":"post-1086556","1":"product","2":"type-product","3":"status-publish","4":"has-post-thumbnail","6":"product_cat-novella-contemporania","7":"product_cat-novela-contemporanea","9":"first","10":"instock","11":"taxable","12":"shipping-taxable","13":"purchasable","14":"product-type-simple"},"acf":{"autor":"MITCH ALBOM","codart":"138766456","libros-coleccion":"","ediciones":"1","encuadernacion":"R\u00fastica","fecha_de_publicacion":"01\/01\/2026","novedad":"1","paginas":"342","subtitulo":"EL PODER DE LA VERDAD PARA ENCONTRAR LA REDENCI\u00d3N","orden":"0","portada":"0","idioma":"spa","booktrailer":"","resenas":"","editorial":[{"ID":6297,"post_author":"3","post_date":"2022-07-28 17:49:10","post_date_gmt":"2022-07-28 15:49:10","post_content":"","post_title":"Maeva Ediciones","post_excerpt":"","post_status":"publish","comment_status":"closed","ping_status":"closed","post_password":"","post_name":"maeva-ediciones","to_ping":"","pinged":"","post_modified":"2022-07-28 17:49:10","post_modified_gmt":"2022-07-28 15:49:10","post_content_filtered":"","post_parent":0,"guid":"http:\/\/dev.claret.cat\/editorial\/maeva-ediciones\/","menu_order":0,"post_type":"editorial","post_mime_type":"","comment_count":"0","filter":"raw"}]},"aioseo_notices":[],"_links":{"self":[{"href":"https:\/\/www.claret.cat\/es\/wp-json\/wp\/v2\/product\/1086556","targetHints":{"allow":["GET"]}}],"collection":[{"href":"https:\/\/www.claret.cat\/es\/wp-json\/wp\/v2\/product"}],"about":[{"href":"https:\/\/www.claret.cat\/es\/wp-json\/wp\/v2\/types\/product"}],"wp:featuredmedia":[{"embeddable":true,"href":"https:\/\/www.claret.cat\/es\/wp-json\/wp\/v2\/media\/1086744"}],"wp:attachment":[{"href":"https:\/\/www.claret.cat\/es\/wp-json\/wp\/v2\/media?parent=1086556"}],"wp:term":[{"taxonomy":"product_brand","embeddable":true,"href":"https:\/\/www.claret.cat\/es\/wp-json\/wp\/v2\/product_brand?post=1086556"},{"taxonomy":"product_cat","embeddable":true,"href":"https:\/\/www.claret.cat\/es\/wp-json\/wp\/v2\/product_cat?post=1086556"},{"taxonomy":"product_tag","embeddable":true,"href":"https:\/\/www.claret.cat\/es\/wp-json\/wp\/v2\/product_tag?post=1086556"}],"curies":[{"name":"wp","href":"https:\/\/api.w.org\/{rel}","templated":true}]}}