{"id":108657,"date":"2022-10-12T09:49:06","date_gmt":"2022-10-12T07:49:06","guid":{"rendered":"http:\/\/dev.claret.cat\/producte\/polican-5-el-senor-de-las-pulgas\/"},"modified":"2026-02-27T19:11:45","modified_gmt":"2026-02-27T18:11:45","slug":"polican-5-el-senor-de-las-pulgas-9788413185507","status":"publish","type":"product","link":"https:\/\/www.claret.cat\/es\/libro\/polican-5-el-senor-de-las-pulgas-9788413185507\/","title":{"rendered":"POLICAN 5: EL SE\u00d1OR DE LAS PULGAS"},"content":{"rendered":"<p>El nuevo tebeo de Jorge y Berto estar\u00e1, una vez m\u00e1s, inspirado por un libraco tocho que les ha hecho\u00a0 leer su profe: El se\u00f1or de las moscas. \u00bfEl argumento? El astuto gato Perico ha vuelto a escaparse de la c\u00e1rcel. Pero en esta ocasi\u00f3n lo ha hecho por un buen motivo: Cerdapio y sus secuaces Troncho y Pizco, tres antiguos colegas de los Bicho Scouts, quieren vengarse de \u00e9l. Y pretenden hacerlo atacando a quien m\u00e1s quiere Perico: Periquillo, su hijo&#8230; Es decir, su clon. Perico huye en un intento desesperado de poner a Periquillo a salvo; pero el astuto Cerdapio le pisa los talones, montado en su robo-brontosaurio gigante con rayos mort\u00edferos de la muerte. Menos mal que los amigos de Periquillo, encabezados por Polic\u00e1n, acuden al rescate. Y as\u00ed comenzar\u00e1 una estremecedora aventura en la que Perico est\u00e1 a punto (\u00a1pero solo a punto!) de volverse bueno, llena de Flip-O-Ramas, superheroicidades y chistes pero que muy malos.<\/p>\n","protected":false},"excerpt":{"rendered":"<p>PILKEY, DAV<\/p>\n","protected":false},"featured_media":108658,"template":"","meta":{"_acf_changed":false,"om_disable_all_campaigns":false,"rs_blank_template":"","rs_page_bg_color":"","slide_template_v7":"","inline_featured_image":false,"_monsterinsights_skip_tracking":false,"_monsterinsights_sitenote_active":false,"_monsterinsights_sitenote_note":"","_monsterinsights_sitenote_category":0},"product_brand":[],"product_cat":[132,362],"product_tag":[],"class_list":{"0":"post-108657","1":"product","2":"type-product","3":"status-publish","4":"has-post-thumbnail","6":"product_cat-lectures-per-preadolescents-6-12-anys","7":"product_cat-libros-preadolescentes-6-12-anos","9":"first","10":"instock","11":"taxable","12":"shipping-taxable","13":"purchasable","14":"product-type-simple"},"acf":{"editorial":[{"ID":147854,"post_author":"3","post_date":"2022-10-14 11:53:43","post_date_gmt":"2022-10-14 09:53:43","post_content":"","post_title":"EDICIONES SM","post_excerpt":"","post_status":"publish","comment_status":"closed","ping_status":"closed","post_password":"","post_name":"ediciones-sm","to_ping":"","pinged":"","post_modified":"2022-10-14 11:53:43","post_modified_gmt":"2022-10-14 09:53:43","post_content_filtered":"","post_parent":0,"guid":"http:\/\/dev.claret.cat\/editorial\/ediciones-sm\/","menu_order":0,"post_type":"editorial","post_mime_type":"","comment_count":"0","filter":"raw"}],"autores-libros":[{"ID":153712,"post_author":"3","post_date":"2022-10-14 14:58:56","post_date_gmt":"2022-10-14 12:58:56","post_content":"","post_title":"DAV PILKEY","post_excerpt":"","post_status":"publish","comment_status":"closed","ping_status":"closed","post_password":"","post_name":"dav-pilkey","to_ping":"","pinged":"","post_modified":"2022-10-14 14:58:56","post_modified_gmt":"2022-10-14 12:58:56","post_content_filtered":"","post_parent":0,"guid":"http:\/\/dev.claret.cat\/autor\/dav-pilkey\/","menu_order":0,"post_type":"autor","post_mime_type":"","comment_count":"0","filter":"raw"}],"autor":"PILKEY, DAV","codart":"841318550","libros-coleccion":"Capit\u00e1n Calzoncillos","ediciones":"1","encuadernacion":"Carton\u00e9","fecha_de_publicacion":"01\/07\/2020","novedad":"1","paginas":"249","subtitulo":"","orden":"0","portada":"0","idioma":"spa","booktrailer":"","resenas":""},"aioseo_notices":[],"_links":{"self":[{"href":"https:\/\/www.claret.cat\/es\/wp-json\/wp\/v2\/product\/108657","targetHints":{"allow":["GET"]}}],"collection":[{"href":"https:\/\/www.claret.cat\/es\/wp-json\/wp\/v2\/product"}],"about":[{"href":"https:\/\/www.claret.cat\/es\/wp-json\/wp\/v2\/types\/product"}],"wp:featuredmedia":[{"embeddable":true,"href":"https:\/\/www.claret.cat\/es\/wp-json\/wp\/v2\/media\/108658"}],"wp:attachment":[{"href":"https:\/\/www.claret.cat\/es\/wp-json\/wp\/v2\/media?parent=108657"}],"wp:term":[{"taxonomy":"product_brand","embeddable":true,"href":"https:\/\/www.claret.cat\/es\/wp-json\/wp\/v2\/product_brand?post=108657"},{"taxonomy":"product_cat","embeddable":true,"href":"https:\/\/www.claret.cat\/es\/wp-json\/wp\/v2\/product_cat?post=108657"},{"taxonomy":"product_tag","embeddable":true,"href":"https:\/\/www.claret.cat\/es\/wp-json\/wp\/v2\/product_tag?post=108657"}],"curies":[{"name":"wp","href":"https:\/\/api.w.org\/{rel}","templated":true}]}}