{"id":1086582,"date":"2026-02-26T13:20:17","date_gmt":"2026-02-26T12:20:17","guid":{"rendered":"https:\/\/www.claret.cat\/llibre\/mitos-griegos-que-nos-habitan-9791399008234\/"},"modified":"2026-02-26T14:06:40","modified_gmt":"2026-02-26T13:06:40","slug":"mitos-griegos-que-nos-habitan-9791399008234","status":"publish","type":"product","link":"https:\/\/www.claret.cat\/es\/libro\/mitos-griegos-que-nos-habitan-9791399008234\/","title":{"rendered":"MITOS GRIEGOS QUE NOS HABITAN"},"content":{"rendered":"<p>\u00bfPor qu\u00e9 seguimos hablando de Narciso, \u00cdcaro, Prometeo, S\u00edsifo o Ant\u00edgona en pleno siglo XXI? \u00bfQu\u00e9 pueden decirnos los mitos griegos en la era de los algoritmos, el estr\u00e9s, la hiperconexi\u00f3n y la posverdad? En Mitos griegos que nos habitan, Pedro Jos\u00e9 Grande ofrece una respuesta clara: estos relatos antiguos siguen siendo herramientas poderosas para comprendernos y para imaginar otras formas de vivir. Los mitos no son reliquias del pasado, sino lenguajes simb\u00f3licos que iluminan nuestras contradicciones m\u00e1s actuales. A lo largo de cuarenta cap\u00edtulos breves y accesibles, el libro recorre los grandes mitos de la Grecia cl\u00e1sica y los pone en di\u00e1logo con los desaf\u00edos contempor\u00e1neos: redes sociales, vigilancia digital, crisis emocional, consumo, dopamina, identidad l\u00edquida, burnout, polarizaci\u00f3n, amor, feminismo, violencia, ecolog\u00eda, disidencia. Cada mito se convierte as\u00ed en un espejo inesperado de lo que somos y de lo que podr\u00edamos llegar a ser. Para este viaje, el autor convoca una amplia constelaci\u00f3n de escritores y fil\u00f3sofos cuyas ideas actualizan y revitalizan los mitos, tejiendo un puente entre la sabidur\u00eda antigua y los dilemas del presente. El resultado es un libro que invita a detenernos, reflexionar y mirar nuestra vida cotidiana con una profundidad nueva.<\/p>\n","protected":false},"excerpt":{"rendered":"<p>GRANDE S\u00c1NCHEZ, PEDRO JOSE<\/p>\n","protected":false},"featured_media":1086630,"template":"","meta":{"_acf_changed":false,"om_disable_all_campaigns":false,"rs_blank_template":"","rs_page_bg_color":"","slide_template_v7":"","inline_featured_image":false,"_monsterinsights_skip_tracking":false,"_monsterinsights_sitenote_active":false,"_monsterinsights_sitenote_note":"","_monsterinsights_sitenote_category":0},"product_brand":[],"product_cat":[544,94],"product_tag":[],"class_list":{"0":"post-1086582","1":"product","2":"type-product","3":"status-publish","4":"has-post-thumbnail","6":"product_cat-religiones","7":"product_cat-religions","9":"first","10":"instock","11":"taxable","12":"shipping-taxable","13":"purchasable","14":"product-type-simple"},"acf":{"autor":"GRANDE S\u00c1NCHEZ, PEDRO JOSE","codart":"139900823","libros-coleccion":"","ediciones":"1","encuadernacion":"R\u00fastica","fecha_de_publicacion":"01\/02\/2026","novedad":"1","paginas":"176","subtitulo":"","orden":"0","portada":"0","idioma":"spa","booktrailer":"","resenas":"","editorial":[{"ID":1066219,"post_author":"3","post_date":"2025-11-17 12:36:21","post_date_gmt":"2025-11-17 11:36:21","post_content":"","post_title":"SUR;BOOKMAN","post_excerpt":"","post_status":"publish","comment_status":"closed","ping_status":"closed","post_password":"","post_name":"surbookman","to_ping":"","pinged":"","post_modified":"2025-11-17 12:36:21","post_modified_gmt":"2025-11-17 11:36:21","post_content_filtered":"","post_parent":0,"guid":"https:\/\/www.claret.cat\/editorial\/surbookman\/","menu_order":0,"post_type":"editorial","post_mime_type":"","comment_count":"0","filter":"raw"}]},"aioseo_notices":[],"_links":{"self":[{"href":"https:\/\/www.claret.cat\/es\/wp-json\/wp\/v2\/product\/1086582","targetHints":{"allow":["GET"]}}],"collection":[{"href":"https:\/\/www.claret.cat\/es\/wp-json\/wp\/v2\/product"}],"about":[{"href":"https:\/\/www.claret.cat\/es\/wp-json\/wp\/v2\/types\/product"}],"wp:featuredmedia":[{"embeddable":true,"href":"https:\/\/www.claret.cat\/es\/wp-json\/wp\/v2\/media\/1086630"}],"wp:attachment":[{"href":"https:\/\/www.claret.cat\/es\/wp-json\/wp\/v2\/media?parent=1086582"}],"wp:term":[{"taxonomy":"product_brand","embeddable":true,"href":"https:\/\/www.claret.cat\/es\/wp-json\/wp\/v2\/product_brand?post=1086582"},{"taxonomy":"product_cat","embeddable":true,"href":"https:\/\/www.claret.cat\/es\/wp-json\/wp\/v2\/product_cat?post=1086582"},{"taxonomy":"product_tag","embeddable":true,"href":"https:\/\/www.claret.cat\/es\/wp-json\/wp\/v2\/product_tag?post=1086582"}],"curies":[{"name":"wp","href":"https:\/\/api.w.org\/{rel}","templated":true}]}}