{"id":1086588,"date":"2026-02-26T13:35:47","date_gmt":"2026-02-26T12:35:47","guid":{"rendered":"https:\/\/www.claret.cat\/llibre\/francisco-de-asis-el-signo-de-un-hermano-9781111382322\/"},"modified":"2026-02-26T13:56:04","modified_gmt":"2026-02-26T12:56:04","slug":"francisco-de-asis-el-signo-de-un-hermano-9781111382322","status":"publish","type":"product","link":"https:\/\/www.claret.cat\/es\/libro\/francisco-de-asis-el-signo-de-un-hermano-9781111382322\/","title":{"rendered":"FRANCISCO DE ASIS: EL SIGNO DE UN HERMANO"},"content":{"rendered":"<p>A partir de 2026, el Grupo Editorial San Pablo se ha hecho cargo de la coordinaci\u00f3n, edici\u00f3n y distribuci\u00f3n de la revista FRONTERA HEGIAN, junto con la CONFER nacional. Nuestro objetivo es, a trav\u00e9s de la publicaci\u00f3n de esta revista, seguir prestando nuestro servicio a la vida consagrada en Espa\u00f1a y en el resto del mundo. El presente n\u00famero est\u00e1 dedicado al VIII Centenario de la muerte de san Francisco de As\u00eds. Fecha muy significativa para la Familia Franciscana, pero tambi\u00e9n para la Iglesia entera. Los textos que contiene nos acercan a la figura del Poverello, no s\u00f3lo desde su aspecto biogr\u00e1fico, sino tambi\u00e9n de su pensamiento y espiritualidad.<\/p>\n","protected":false},"excerpt":{"rendered":"<p>G\u00d3MEZ-LIM\u00d3N,  M\u00aa \u00c1NGELES ; TORRECILLA IBA\u00d1EZ, JES\u00daS ; OLIVER, JUAN<\/p>\n","protected":false},"featured_media":1086589,"template":"","meta":{"_acf_changed":false,"om_disable_all_campaigns":false,"rs_blank_template":"","rs_page_bg_color":"","slide_template_v7":"","inline_featured_image":false,"_monsterinsights_skip_tracking":false,"_monsterinsights_sitenote_active":false,"_monsterinsights_sitenote_note":"","_monsterinsights_sitenote_category":0},"product_brand":[],"product_cat":[493,243],"product_tag":[],"class_list":{"0":"post-1086588","1":"product","2":"type-product","3":"status-publish","4":"has-post-thumbnail","6":"product_cat-franciscana-espiritualidad-1_espiritualidad","7":"product_cat-franciscana","9":"first","10":"instock","11":"taxable","12":"shipping-taxable","13":"purchasable","14":"product-type-simple"},"acf":{"autor":"G\u00d3MEZ-LIM\u00d3N,  M\u00aa \u00c1NGELES ; TORRECILLA IBA\u00d1EZ, JES\u00daS ; OLIVER, JUAN","codart":"111138232","libros-coleccion":"","ediciones":"1","encuadernacion":"R\u00fastica","fecha_de_publicacion":"26\/02\/2026","novedad":"1","paginas":"128","subtitulo":"EN EL VIII CENTENARIO DE SU MUERTE","orden":"0","portada":"0","idioma":"spa","booktrailer":"","resenas":"","editorial":[{"ID":6356,"post_author":"3","post_date":"2022-07-28 17:50:26","post_date_gmt":"2022-07-28 15:50:26","post_content":"","post_title":"SAN PABLO COMUNICACI\u00d3N","post_excerpt":"","post_status":"publish","comment_status":"closed","ping_status":"closed","post_password":"","post_name":"san-pablo-comunicacion","to_ping":"","pinged":"","post_modified":"2022-07-28 17:50:26","post_modified_gmt":"2022-07-28 15:50:26","post_content_filtered":"","post_parent":0,"guid":"http:\/\/dev.claret.cat\/editorial\/san-pablo-comunicacion\/","menu_order":0,"post_type":"editorial","post_mime_type":"","comment_count":"0","filter":"raw"}]},"aioseo_notices":[],"_links":{"self":[{"href":"https:\/\/www.claret.cat\/es\/wp-json\/wp\/v2\/product\/1086588","targetHints":{"allow":["GET"]}}],"collection":[{"href":"https:\/\/www.claret.cat\/es\/wp-json\/wp\/v2\/product"}],"about":[{"href":"https:\/\/www.claret.cat\/es\/wp-json\/wp\/v2\/types\/product"}],"wp:featuredmedia":[{"embeddable":true,"href":"https:\/\/www.claret.cat\/es\/wp-json\/wp\/v2\/media\/1086589"}],"wp:attachment":[{"href":"https:\/\/www.claret.cat\/es\/wp-json\/wp\/v2\/media?parent=1086588"}],"wp:term":[{"taxonomy":"product_brand","embeddable":true,"href":"https:\/\/www.claret.cat\/es\/wp-json\/wp\/v2\/product_brand?post=1086588"},{"taxonomy":"product_cat","embeddable":true,"href":"https:\/\/www.claret.cat\/es\/wp-json\/wp\/v2\/product_cat?post=1086588"},{"taxonomy":"product_tag","embeddable":true,"href":"https:\/\/www.claret.cat\/es\/wp-json\/wp\/v2\/product_tag?post=1086588"}],"curies":[{"name":"wp","href":"https:\/\/api.w.org\/{rel}","templated":true}]}}