{"id":1086594,"date":"2026-02-26T13:40:04","date_gmt":"2026-02-26T12:40:04","guid":{"rendered":"https:\/\/www.claret.cat\/llibre\/nuevo-testamento-ilustrado-para-ninos-9788428574259\/"},"modified":"2026-02-26T13:56:09","modified_gmt":"2026-02-26T12:56:09","slug":"nuevo-testamento-ilustrado-para-ninos-9788428574259","status":"publish","type":"product","link":"https:\/\/www.claret.cat\/es\/libro\/nuevo-testamento-ilustrado-para-ninos-9788428574259\/","title":{"rendered":"NUEVO TESTAMENTO ILUSTRADO PARA NI\u00d1OS"},"content":{"rendered":"<p>Este atractivo Nuevo Testamento con una cubierta de Primera Comuni\u00f3n estampada en oro, selecciona en 42 episodios los m\u00e1s incre\u00edbles pasajes y los personajes m\u00e1s relevantes de la vida de Jes\u00fas: la adoraci\u00f3n de los magos, las tentaciones en el desierto, las Bienaventuranzas o las par\u00e1bolas y los milagros m\u00e1s conocidos. Cada historia, contada en cuatro p\u00e1ginas, est\u00e1 llena de acci\u00f3n gracias a sus coloridas y expresivas ilustraciones a toda p\u00e1gina, con textos adaptados para iniciar a los ni\u00f1os en la lectura de los textos b\u00edblicos.<\/p>\n","protected":false},"excerpt":{"rendered":"<p>EQUIPO SAN PABLO<\/p>\n","protected":false},"featured_media":1086595,"template":"","meta":{"_acf_changed":false,"om_disable_all_campaigns":false,"rs_blank_template":"","rs_page_bg_color":"","slide_template_v7":"","inline_featured_image":false,"_monsterinsights_skip_tracking":false,"_monsterinsights_sitenote_active":false,"_monsterinsights_sitenote_note":"","_monsterinsights_sitenote_category":0},"product_brand":[],"product_cat":[420,296],"product_tag":[],"class_list":{"0":"post-1086594","1":"product","2":"type-product","3":"status-publish","4":"has-post-thumbnail","6":"product_cat-biblias","7":"product_cat-biblies","9":"first","10":"instock","11":"taxable","12":"shipping-taxable","13":"purchasable","14":"product-type-simple"},"acf":{"autor":"EQUIPO SAN PABLO","codart":"842857425","libros-coleccion":"","ediciones":"1","encuadernacion":"Carton\u00e9","fecha_de_publicacion":"26\/02\/2026","novedad":"1","paginas":"256","subtitulo":"RECUERDO DE MI PRIMERA COMUNI\u00d3N ","orden":"0","portada":"0","idioma":"spa","booktrailer":"","resenas":"","editorial":[{"ID":6356,"post_author":"3","post_date":"2022-07-28 17:50:26","post_date_gmt":"2022-07-28 15:50:26","post_content":"","post_title":"SAN PABLO COMUNICACI\u00d3N","post_excerpt":"","post_status":"publish","comment_status":"closed","ping_status":"closed","post_password":"","post_name":"san-pablo-comunicacion","to_ping":"","pinged":"","post_modified":"2022-07-28 17:50:26","post_modified_gmt":"2022-07-28 15:50:26","post_content_filtered":"","post_parent":0,"guid":"http:\/\/dev.claret.cat\/editorial\/san-pablo-comunicacion\/","menu_order":0,"post_type":"editorial","post_mime_type":"","comment_count":"0","filter":"raw"}]},"aioseo_notices":[],"_links":{"self":[{"href":"https:\/\/www.claret.cat\/es\/wp-json\/wp\/v2\/product\/1086594","targetHints":{"allow":["GET"]}}],"collection":[{"href":"https:\/\/www.claret.cat\/es\/wp-json\/wp\/v2\/product"}],"about":[{"href":"https:\/\/www.claret.cat\/es\/wp-json\/wp\/v2\/types\/product"}],"wp:featuredmedia":[{"embeddable":true,"href":"https:\/\/www.claret.cat\/es\/wp-json\/wp\/v2\/media\/1086595"}],"wp:attachment":[{"href":"https:\/\/www.claret.cat\/es\/wp-json\/wp\/v2\/media?parent=1086594"}],"wp:term":[{"taxonomy":"product_brand","embeddable":true,"href":"https:\/\/www.claret.cat\/es\/wp-json\/wp\/v2\/product_brand?post=1086594"},{"taxonomy":"product_cat","embeddable":true,"href":"https:\/\/www.claret.cat\/es\/wp-json\/wp\/v2\/product_cat?post=1086594"},{"taxonomy":"product_tag","embeddable":true,"href":"https:\/\/www.claret.cat\/es\/wp-json\/wp\/v2\/product_tag?post=1086594"}],"curies":[{"name":"wp","href":"https:\/\/api.w.org\/{rel}","templated":true}]}}