{"id":1086597,"date":"2026-02-26T13:40:39","date_gmt":"2026-02-26T12:40:39","guid":{"rendered":"https:\/\/www.claret.cat\/llibre\/sanar-la-muerte-de-un-ser-querido-9788428575072\/"},"modified":"2026-03-05T13:15:17","modified_gmt":"2026-03-05T12:15:17","slug":"sanar-la-muerte-de-un-ser-querido-9788428575072","status":"publish","type":"product","link":"https:\/\/www.claret.cat\/es\/libro\/sanar-la-muerte-de-un-ser-querido-9788428575072\/","title":{"rendered":"SANAR LA MUERTE DE UN SER QUERIDO"},"content":{"rendered":"<p>Una gu\u00eda integral para comprender y sanar las heridas profundas que afectan todas las dimensiones de la persona: corporal, emocional, mental, social y espiritual. Este libro aborda el duelo \u2014especialmente ante la muerte de un ser querido\u2014 como un camino para transformar el sufrimiento, recuperar la esperanza y reconstruir el sentido de la vida. Con recursos pr\u00e1cticos y una perspectiva de fe, ofrece orientaciones tanto para quienes atraviesan un duelo como para agentes pastorales y acompa\u00f1antes, promoviendo una aut\u00e9ntica relaci\u00f3n de ayuda. Un aporte clave para fortalecer la pastoral del duelo y anunciar, en medio del dolor, la luz de la Resurrecci\u00f3n.<\/p>\n","protected":false},"excerpt":{"rendered":"<p>BAUTISTA , MATEO ; BAZZINO, CECILIA<\/p>\n","protected":false},"featured_media":1088166,"template":"","meta":{"_acf_changed":false,"om_disable_all_campaigns":false,"rs_blank_template":"","rs_page_bg_color":"","slide_template_v7":"","inline_featured_image":false,"_monsterinsights_skip_tracking":false,"_monsterinsights_sitenote_active":false,"_monsterinsights_sitenote_note":"","_monsterinsights_sitenote_category":0},"product_brand":[],"product_cat":[118,567],"product_tag":[],"class_list":{"0":"post-1086597","1":"product","2":"type-product","3":"status-publish","4":"has-post-thumbnail","6":"product_cat-mort-i-dol","7":"product_cat-muerte-y-duelo","9":"first","10":"instock","11":"taxable","12":"shipping-taxable","13":"purchasable","14":"product-type-simple"},"acf":{"autor":"BAUTISTA , MATEO ; BAZZINO, CECILIA","codart":"842857507","libros-coleccion":"","ediciones":"1","encuadernacion":"R\u00fastica","fecha_de_publicacion":"26\/02\/2026","novedad":"1","paginas":"160","subtitulo":"","orden":"0","portada":"0","idioma":"spa","booktrailer":"","resenas":"","editorial":[{"ID":6356,"post_author":"3","post_date":"2022-07-28 17:50:26","post_date_gmt":"2022-07-28 15:50:26","post_content":"","post_title":"SAN PABLO COMUNICACI\u00d3N","post_excerpt":"","post_status":"publish","comment_status":"closed","ping_status":"closed","post_password":"","post_name":"san-pablo-comunicacion","to_ping":"","pinged":"","post_modified":"2022-07-28 17:50:26","post_modified_gmt":"2022-07-28 15:50:26","post_content_filtered":"","post_parent":0,"guid":"http:\/\/dev.claret.cat\/editorial\/san-pablo-comunicacion\/","menu_order":0,"post_type":"editorial","post_mime_type":"","comment_count":"0","filter":"raw"}]},"aioseo_notices":[],"_links":{"self":[{"href":"https:\/\/www.claret.cat\/es\/wp-json\/wp\/v2\/product\/1086597","targetHints":{"allow":["GET"]}}],"collection":[{"href":"https:\/\/www.claret.cat\/es\/wp-json\/wp\/v2\/product"}],"about":[{"href":"https:\/\/www.claret.cat\/es\/wp-json\/wp\/v2\/types\/product"}],"wp:featuredmedia":[{"embeddable":true,"href":"https:\/\/www.claret.cat\/es\/wp-json\/wp\/v2\/media\/1088166"}],"wp:attachment":[{"href":"https:\/\/www.claret.cat\/es\/wp-json\/wp\/v2\/media?parent=1086597"}],"wp:term":[{"taxonomy":"product_brand","embeddable":true,"href":"https:\/\/www.claret.cat\/es\/wp-json\/wp\/v2\/product_brand?post=1086597"},{"taxonomy":"product_cat","embeddable":true,"href":"https:\/\/www.claret.cat\/es\/wp-json\/wp\/v2\/product_cat?post=1086597"},{"taxonomy":"product_tag","embeddable":true,"href":"https:\/\/www.claret.cat\/es\/wp-json\/wp\/v2\/product_tag?post=1086597"}],"curies":[{"name":"wp","href":"https:\/\/api.w.org\/{rel}","templated":true}]}}