{"id":1086603,"date":"2026-02-26T13:41:40","date_gmt":"2026-02-26T12:41:40","guid":{"rendered":"https:\/\/www.claret.cat\/llibre\/viacrucis-para-acompanar-a-jesus-9788428575010\/"},"modified":"2026-04-07T11:16:45","modified_gmt":"2026-04-07T09:16:45","slug":"viacrucis-para-acompanar-a-jesus-9788428575010","status":"publish","type":"product","link":"https:\/\/www.claret.cat\/es\/libro\/viacrucis-para-acompanar-a-jesus-9788428575010\/","title":{"rendered":"VIACRUCIS PARA ACOMPA\u00d1AR A JES\u00daS"},"content":{"rendered":"<p>El Viacrucis es una pr\u00e1ctica devocional, promovida y bendecida por la Iglesia, que ha hecho mucho bien a generaciones de creyentes que, desde la Edad Media, se han acercado con dolor del coraz\u00f3n a meditar los misterios de la pasi\u00f3n y muerte del Se\u00f1or. Este Viacrucis para acompa\u00f1ar a Jes\u00fas es un recorrido por los hitos estelares de la pasi\u00f3n y muerte del Se\u00f1or, que nos ayuda a adentrarnos en su misterioso camino hacia el Calvario a lo largo de sus quince estaciones, admirando la infinitud de su amor por toda la humanidad. Al mismo tiempo, nos invita a responder con amor a su entrega generosa, renovando y fortaleciendo nuestra fraternidad, amando y sirviendo a nuestros hermanos, especialmente a los que m\u00e1s nos necesitan.<\/p>\n","protected":false},"excerpt":{"rendered":"<p>CARRERA, JUAN ANTONIO <\/p>\n","protected":false},"featured_media":1086604,"template":"","meta":{"_acf_changed":false,"om_disable_all_campaigns":false,"rs_blank_template":"","rs_page_bg_color":"","slide_template_v7":"","inline_featured_image":false,"_monsterinsights_skip_tracking":false,"_monsterinsights_sitenote_active":false,"_monsterinsights_sitenote_note":"","_monsterinsights_sitenote_category":0},"product_brand":[],"product_cat":[399,253,485,232,234,487,258,503],"product_tag":[],"class_list":{"0":"post-1086603","1":"product","2":"type-product","3":"status-publish","4":"has-post-thumbnail","6":"product_cat-any-liturgic-liturgia-1_espiritualidad","7":"product_cat-any-liturgic","8":"product_cat-autores-espiritualidad-1_espiritualidad","9":"product_cat-autors-espiritualitat","10":"product_cat-cristocentrica","11":"product_cat-cristocentrica-espiritualidad-1_espiritualidad","12":"product_cat-paraliturgia","13":"product_cat-paraliturgia-liturgia-1_espiritualidad","15":"first","16":"instock","17":"taxable","18":"shipping-taxable","19":"purchasable","20":"product-type-simple"},"acf":{"autor":"CARRERA, JUAN ANTONIO ","codart":"842857501","libros-coleccion":"Materiales lit\u00fargico-pastorales","ediciones":"1","encuadernacion":"R\u00fastica","fecha_de_publicacion":"26\/02\/2026","novedad":"1","paginas":"48","subtitulo":"CA","orden":"0","portada":"0","idioma":"spa","booktrailer":"","resenas":"","editorial":[{"ID":6356,"post_author":"3","post_date":"2022-07-28 17:50:26","post_date_gmt":"2022-07-28 15:50:26","post_content":"","post_title":"SAN PABLO COMUNICACI\u00d3N","post_excerpt":"","post_status":"publish","comment_status":"closed","ping_status":"closed","post_password":"","post_name":"san-pablo-comunicacion","to_ping":"","pinged":"","post_modified":"2022-07-28 17:50:26","post_modified_gmt":"2022-07-28 15:50:26","post_content_filtered":"","post_parent":0,"guid":"http:\/\/dev.claret.cat\/editorial\/san-pablo-comunicacion\/","menu_order":0,"post_type":"editorial","post_mime_type":"","comment_count":"0","filter":"raw"}]},"aioseo_notices":[],"_links":{"self":[{"href":"https:\/\/www.claret.cat\/es\/wp-json\/wp\/v2\/product\/1086603","targetHints":{"allow":["GET"]}}],"collection":[{"href":"https:\/\/www.claret.cat\/es\/wp-json\/wp\/v2\/product"}],"about":[{"href":"https:\/\/www.claret.cat\/es\/wp-json\/wp\/v2\/types\/product"}],"wp:featuredmedia":[{"embeddable":true,"href":"https:\/\/www.claret.cat\/es\/wp-json\/wp\/v2\/media\/1086604"}],"wp:attachment":[{"href":"https:\/\/www.claret.cat\/es\/wp-json\/wp\/v2\/media?parent=1086603"}],"wp:term":[{"taxonomy":"product_brand","embeddable":true,"href":"https:\/\/www.claret.cat\/es\/wp-json\/wp\/v2\/product_brand?post=1086603"},{"taxonomy":"product_cat","embeddable":true,"href":"https:\/\/www.claret.cat\/es\/wp-json\/wp\/v2\/product_cat?post=1086603"},{"taxonomy":"product_tag","embeddable":true,"href":"https:\/\/www.claret.cat\/es\/wp-json\/wp\/v2\/product_tag?post=1086603"}],"curies":[{"name":"wp","href":"https:\/\/api.w.org\/{rel}","templated":true}]}}