{"id":1086612,"date":"2026-02-26T13:50:58","date_gmt":"2026-02-26T12:50:58","guid":{"rendered":"https:\/\/www.claret.cat\/llibre\/el-imprescindible-arte-del-matiz-9788428575034\/"},"modified":"2026-02-26T16:41:37","modified_gmt":"2026-02-26T15:41:37","slug":"el-imprescindible-arte-del-matiz-9788428575034","status":"publish","type":"product","link":"https:\/\/www.claret.cat\/es\/libro\/el-imprescindible-arte-del-matiz-9788428575034\/","title":{"rendered":"EL IMPRESCINDIBLE ARTE DEL MATIZ"},"content":{"rendered":"<p>En estas p\u00e1ginas, Mart\u00ed Colom nos lanza a la aventura del pensar, su intenci\u00f3n desde el inicio es provocar nuestra reflexi\u00f3n, porque el modo de comprender la realidad y de comprendernos nos permite llegar a la verdad, mejorarnos y transformar el mundo en el que vivimos. \u00abCuando mueren los matices, muere la verdad. Muchas veces, una mentira no es otra cosa que una verdad explicada en blanco y negro\u00bb. As\u00ed arranca este ensayo, nacido de la constataci\u00f3n de que hoy podemos perder el rastro de lo verdadero por culpa de la tendencia, tan actual, de casarnos con relatos simplistas que desde\u00f1an los matices y terminan dibujando una caricatura de la realidad en la que ya no queda sitio para las sorpresas, las dudas ni las preguntas. En un mundo donde proliferan cada vez m\u00e1s los discursos que niegan la complejidad de la vida, y por eso la traicionan, el arte del matiz ser\u00e1 clave para salvaguardar la verdad.&nbsp;<\/p>\n","protected":false},"excerpt":{"rendered":"<p>COLOM, MART\u00cd<\/p>\n","protected":false},"featured_media":1086738,"template":"","meta":{"_acf_changed":false,"om_disable_all_campaigns":false,"rs_blank_template":"","rs_page_bg_color":"","slide_template_v7":"","inline_featured_image":false,"_monsterinsights_skip_tracking":false,"_monsterinsights_sitenote_active":false,"_monsterinsights_sitenote_note":"","_monsterinsights_sitenote_category":0},"product_brand":[],"product_cat":[275,413,288,514],"product_tag":[],"class_list":{"0":"post-1086612","1":"product","2":"type-product","3":"status-publish","4":"has-post-thumbnail","6":"product_cat-fonamental","7":"product_cat-fundamental","8":"product_cat-moral-fonamental","9":"product_cat-moral-fundamental","11":"first","12":"instock","13":"taxable","14":"shipping-taxable","15":"purchasable","16":"product-type-simple"},"acf":{"autor":"COLOM, MART\u00cd","codart":"842857503","libros-coleccion":"","ediciones":"1","encuadernacion":"R\u00fastica","fecha_de_publicacion":"26\/02\/2026","novedad":"1","paginas":"148","subtitulo":"EN UN MUNDO POLARIZADO, SOLO LOS MATICES SALVAGUARDAN LA VERDAD ","orden":"0","portada":"0","idioma":"spa","booktrailer":"","resenas":"","editorial":[{"ID":6356,"post_author":"3","post_date":"2022-07-28 17:50:26","post_date_gmt":"2022-07-28 15:50:26","post_content":"","post_title":"SAN PABLO COMUNICACI\u00d3N","post_excerpt":"","post_status":"publish","comment_status":"closed","ping_status":"closed","post_password":"","post_name":"san-pablo-comunicacion","to_ping":"","pinged":"","post_modified":"2022-07-28 17:50:26","post_modified_gmt":"2022-07-28 15:50:26","post_content_filtered":"","post_parent":0,"guid":"http:\/\/dev.claret.cat\/editorial\/san-pablo-comunicacion\/","menu_order":0,"post_type":"editorial","post_mime_type":"","comment_count":"0","filter":"raw"}]},"aioseo_notices":[],"_links":{"self":[{"href":"https:\/\/www.claret.cat\/es\/wp-json\/wp\/v2\/product\/1086612","targetHints":{"allow":["GET"]}}],"collection":[{"href":"https:\/\/www.claret.cat\/es\/wp-json\/wp\/v2\/product"}],"about":[{"href":"https:\/\/www.claret.cat\/es\/wp-json\/wp\/v2\/types\/product"}],"wp:featuredmedia":[{"embeddable":true,"href":"https:\/\/www.claret.cat\/es\/wp-json\/wp\/v2\/media\/1086738"}],"wp:attachment":[{"href":"https:\/\/www.claret.cat\/es\/wp-json\/wp\/v2\/media?parent=1086612"}],"wp:term":[{"taxonomy":"product_brand","embeddable":true,"href":"https:\/\/www.claret.cat\/es\/wp-json\/wp\/v2\/product_brand?post=1086612"},{"taxonomy":"product_cat","embeddable":true,"href":"https:\/\/www.claret.cat\/es\/wp-json\/wp\/v2\/product_cat?post=1086612"},{"taxonomy":"product_tag","embeddable":true,"href":"https:\/\/www.claret.cat\/es\/wp-json\/wp\/v2\/product_tag?post=1086612"}],"curies":[{"name":"wp","href":"https:\/\/api.w.org\/{rel}","templated":true}]}}