{"id":1086624,"date":"2026-02-26T13:57:14","date_gmt":"2026-02-26T12:57:14","guid":{"rendered":"https:\/\/www.claret.cat\/llibre\/respirar-salmos-9788428575065-2\/"},"modified":"2026-02-26T13:57:14","modified_gmt":"2026-02-26T12:57:14","slug":"respirar-salmos-9788428575065-2","status":"publish","type":"product","link":"https:\/\/www.claret.cat\/es\/libro\/respirar-salmos-9788428575065-2\/","title":{"rendered":"RESPIRAR SALMOS"},"content":{"rendered":"<p>Desde San Pablo queremos ofrecer un soporte para los momentos de oraci\u00f3n, tanto personales como en grupo, propios de los tiempos de Cuaresma y Pascua. Dos reputadas te\u00f3logas, Dolores Aleixander y Mar\u00eda Dolores L\u00f3pez, nos invitan a focalizar la atenci\u00f3n de nuestros rezos en el libro de los Salmos, que tambi\u00e9n fue la base que el propio Jesucristo utilizaba para alabar y comunicarse con su Padre, con el objetivo de poder unirnos a \u00e9l en la parte m\u00e1s angustiosa y solitaria de su vida p\u00fablica. Adem\u00e1s, al proponer la oraci\u00f3n al ritmo de la respiraci\u00f3n, consiguen que la experiencia del acercamiento a Jes\u00fas sea realmente interiorizada hasta hacerla completamente nuestra y poder sentir que lo acompa\u00f1amos en su camino. Por otra parte, las bellas ilustraciones de Bernadette L\u00f3pez hacen de este libro una verdadera joya espiritual.<\/p>\n","protected":false},"excerpt":{"rendered":"<p>Desde San Pablo queremos ofrecer un soporte para los momentos de oraci\u00f3n, tanto personales como en grupo, propios de los tiempos de Cuaresma y Pascua. Dos reputadas te\u00f3logas, Dolores Aleixander y Mar\u00eda Dolores L\u00f3pez, nos invitan a focalizar la atenci\u00f3n de nuestros rezos en el libro de los Salmos, que tambi\u00e9n fue la base que [&hellip;]<\/p>\n","protected":false},"featured_media":0,"template":"","meta":{"_acf_changed":false,"om_disable_all_campaigns":false,"rs_blank_template":"","rs_page_bg_color":"","slide_template_v7":"","inline_featured_image":false,"_monsterinsights_skip_tracking":false,"_monsterinsights_sitenote_active":false,"_monsterinsights_sitenote_note":"","_monsterinsights_sitenote_category":0},"product_brand":[],"product_cat":[241],"product_tag":[],"class_list":{"0":"post-1086624","1":"product","2":"type-product","3":"status-publish","5":"product_cat-testimonis","7":"first","8":"instock","9":"taxable","10":"shipping-taxable","11":"product-type-simple"},"acf":{"subtitulo":null,"editorial":null,"autor":null,"autores-libros":null,"traductores-libros":null,"ilustradores-libros":null,"fecha_de_publicacion":null,"libros-coleccion":null,"paginas":null,"encuadernacion":null,"ediciones":null,"formato":null,"idioma":null,"linkebook":null,"precioebook":null,"ebookportada":null,"ficha":null,"muestra":null,"presentacion":null,"booktrailer":null,"resenas":null,"codart":null,"portada":null,"orden":null,"novedad":null,"recomendamos":null,"mas_vendido":null},"aioseo_notices":[],"_links":{"self":[{"href":"https:\/\/www.claret.cat\/es\/wp-json\/wp\/v2\/product\/1086624","targetHints":{"allow":["GET"]}}],"collection":[{"href":"https:\/\/www.claret.cat\/es\/wp-json\/wp\/v2\/product"}],"about":[{"href":"https:\/\/www.claret.cat\/es\/wp-json\/wp\/v2\/types\/product"}],"wp:attachment":[{"href":"https:\/\/www.claret.cat\/es\/wp-json\/wp\/v2\/media?parent=1086624"}],"wp:term":[{"taxonomy":"product_brand","embeddable":true,"href":"https:\/\/www.claret.cat\/es\/wp-json\/wp\/v2\/product_brand?post=1086624"},{"taxonomy":"product_cat","embeddable":true,"href":"https:\/\/www.claret.cat\/es\/wp-json\/wp\/v2\/product_cat?post=1086624"},{"taxonomy":"product_tag","embeddable":true,"href":"https:\/\/www.claret.cat\/es\/wp-json\/wp\/v2\/product_tag?post=1086624"}],"curies":[{"name":"wp","href":"https:\/\/api.w.org\/{rel}","templated":true}]}}