{"id":1086625,"date":"2026-02-26T13:58:22","date_gmt":"2026-02-26T12:58:22","guid":{"rendered":"https:\/\/www.claret.cat\/llibre\/san-damian-de-molokai-a-nuestro-lado-9788428575089-2\/"},"modified":"2026-02-26T13:58:22","modified_gmt":"2026-02-26T12:58:22","slug":"san-damian-de-molokai-a-nuestro-lado-9788428575089-2","status":"publish","type":"product","link":"https:\/\/www.claret.cat\/es\/libro\/san-damian-de-molokai-a-nuestro-lado-9788428575089-2\/","title":{"rendered":"SAN DAMI\u00c1N DE MOLOKAI A NUESTRO LADO"},"content":{"rendered":"<p>San Dami\u00e1n de Molokai a nuestro lado narra la vida de un religioso de los Sagrados Corazones que eligi\u00f3 compartir la vida y el destino de los leprosos en Molokai, viviendo el Evangelio con cercan\u00eda y coherencia. M\u00e1s que un h\u00e9roe, fue un hombre profundamente humano que hizo de la compasi\u00f3n su modo de estar en el mundo. Con un lenguaje actual y visual, el libro muestra que su testimonio sigue interpel\u00e1ndonos: todo lugar puede ser hoy un Molokai y toda exclusi\u00f3n, una llamada a amar mejor.<\/p>\n","protected":false},"excerpt":{"rendered":"<p>San Dami\u00e1n de Molokai a nuestro lado narra la vida de un religioso de los Sagrados Corazones que eligi\u00f3 compartir la vida y el destino de los leprosos en Molokai, viviendo el Evangelio con cercan\u00eda y coherencia. M\u00e1s que un h\u00e9roe, fue un hombre profundamente humano que hizo de la compasi\u00f3n su modo de estar [&hellip;]<\/p>\n","protected":false},"featured_media":0,"template":"","meta":{"_acf_changed":false,"om_disable_all_campaigns":false,"rs_blank_template":"","rs_page_bg_color":"","slide_template_v7":"","inline_featured_image":false,"_monsterinsights_skip_tracking":false,"_monsterinsights_sitenote_active":false,"_monsterinsights_sitenote_note":"","_monsterinsights_sitenote_category":0},"product_brand":[],"product_cat":[241],"product_tag":[],"class_list":{"0":"post-1086625","1":"product","2":"type-product","3":"status-publish","5":"product_cat-testimonis","7":"first","8":"instock","9":"taxable","10":"shipping-taxable","11":"product-type-simple"},"acf":{"subtitulo":null,"editorial":null,"autor":null,"autores-libros":null,"traductores-libros":null,"ilustradores-libros":null,"fecha_de_publicacion":null,"libros-coleccion":null,"paginas":null,"encuadernacion":null,"ediciones":null,"formato":null,"idioma":null,"linkebook":null,"precioebook":null,"ebookportada":null,"ficha":null,"muestra":null,"presentacion":null,"booktrailer":null,"resenas":null,"codart":null,"portada":null,"orden":null,"novedad":null,"recomendamos":null,"mas_vendido":null},"aioseo_notices":[],"_links":{"self":[{"href":"https:\/\/www.claret.cat\/es\/wp-json\/wp\/v2\/product\/1086625","targetHints":{"allow":["GET"]}}],"collection":[{"href":"https:\/\/www.claret.cat\/es\/wp-json\/wp\/v2\/product"}],"about":[{"href":"https:\/\/www.claret.cat\/es\/wp-json\/wp\/v2\/types\/product"}],"wp:attachment":[{"href":"https:\/\/www.claret.cat\/es\/wp-json\/wp\/v2\/media?parent=1086625"}],"wp:term":[{"taxonomy":"product_brand","embeddable":true,"href":"https:\/\/www.claret.cat\/es\/wp-json\/wp\/v2\/product_brand?post=1086625"},{"taxonomy":"product_cat","embeddable":true,"href":"https:\/\/www.claret.cat\/es\/wp-json\/wp\/v2\/product_cat?post=1086625"},{"taxonomy":"product_tag","embeddable":true,"href":"https:\/\/www.claret.cat\/es\/wp-json\/wp\/v2\/product_tag?post=1086625"}],"curies":[{"name":"wp","href":"https:\/\/api.w.org\/{rel}","templated":true}]}}