{"id":1086658,"date":"2026-02-26T16:15:02","date_gmt":"2026-02-26T15:15:02","guid":{"rendered":"https:\/\/www.claret.cat\/llibre\/oracion-de-la-lluvia-9788432173356\/"},"modified":"2026-02-26T16:35:24","modified_gmt":"2026-02-26T15:35:24","slug":"oracion-de-la-lluvia-9788432173356","status":"publish","type":"product","link":"https:\/\/www.claret.cat\/es\/libro\/oracion-de-la-lluvia-9788432173356\/","title":{"rendered":"ORACI\u00d3N DE LA LLUVIA"},"content":{"rendered":"<p>Premio Adon\u00e1is 2025 \u00abpor su emoci\u00f3n creciente que atraviesa el tiempo, las generaciones y las herencias literarias con un lirismo a la vez hondo y luminoso\u00bb.<\/p>\n<p>Oraci\u00f3n de la lluvia obtuvo el Premio Adon\u00e1is 2025, un galard\u00f3n concedido -seg\u00fan se\u00f1al\u00f3 el jurado- \u00abpor su emoci\u00f3n creciente que atraviesa el tiempo, las generaciones y las herencias literarias con un lirismo a la vez hondo y luminoso\u00bb.<\/p>\n<p><\/p>\n<p>El libro se presenta como una plegaria desplegada en dos movimientos, \u00abLo divino\u00bb y \u00abLo humano\u00bb, que conforman un discurso po\u00e9tico desarrollado en torno a la dimensi\u00f3n simb\u00f3lica de la lluvia. Esta se convierte en hilo conductor de un itinerario vital concebido como homenaje a diversas figuras de la literatura y el arte, a la vez que dibuja una educaci\u00f3n sentimental hondamente enraizada en la tradici\u00f3n.<\/p>\n<p><\/p>\n<p>Los poemas evocan la infancia, la familia y el retorno a los or\u00edgenes: el tiempo de los abuelos o ese no-tiempo ajeno a la medici\u00f3n de los relojes. En este espacio, la palabra se alza como presencia de los ausentes y, simult\u00e1neamente, como afirmaci\u00f3n celebratoria de la existencia, sostenida por una mirada de asombro receptivo tanto al misterio del mundo como a los gestos m\u00ednimos que lo revelan.<\/p>\n<p><\/p>\n<p>El poemario acoge tambi\u00e9n el canto \u00edntimo de una madre a su hija, tejido con una intensidad que desborda los l\u00edmites cronol\u00f3gicos y enlaza voces, linajes y generaciones. En conjunto, se trata de una poes\u00eda de l\u00ednea clara, abierta a la exploraci\u00f3n de nuevas formas expresivas desde las que construir una estirpe femenina en di\u00e1logo con la memoria, las genealog\u00edas y los ecos del tiempo.<\/p>\n","protected":false},"excerpt":{"rendered":"<p>L\u00d3PEZ, CARMEN MAR\u00cdA <\/p>\n","protected":false},"featured_media":1086659,"template":"","meta":{"_acf_changed":false,"om_disable_all_campaigns":false,"rs_blank_template":"","rs_page_bg_color":"","slide_template_v7":"","inline_featured_image":false,"_monsterinsights_skip_tracking":false,"_monsterinsights_sitenote_active":false,"_monsterinsights_sitenote_note":"","_monsterinsights_sitenote_category":0},"product_brand":[],"product_cat":[121,340],"product_tag":[],"class_list":{"0":"post-1086658","1":"product","2":"type-product","3":"status-publish","4":"has-post-thumbnail","6":"product_cat-poesia","7":"product_cat-poesia-5_otras","9":"first","10":"instock","11":"taxable","12":"shipping-taxable","13":"purchasable","14":"product-type-simple"},"acf":{"autor":"L\u00d3PEZ, CARMEN MAR\u00cdA ","codart":"843217335","libros-coleccion":"","ediciones":"1","encuadernacion":"R\u00fastica","fecha_de_publicacion":"26\/02\/2026","novedad":"1","paginas":"72","subtitulo":"ACC\u00c9SIT DEL PREMIO ADON\u00c1IS 2025","orden":"0","portada":"0","idioma":"spa","booktrailer":"","resenas":"","editorial":[{"ID":6348,"post_author":"3","post_date":"2022-07-28 17:50:16","post_date_gmt":"2022-07-28 15:50:16","post_content":"","post_title":"Rialp","post_excerpt":"","post_status":"publish","comment_status":"closed","ping_status":"closed","post_password":"","post_name":"rialp","to_ping":"","pinged":"","post_modified":"2022-07-28 17:50:16","post_modified_gmt":"2022-07-28 15:50:16","post_content_filtered":"","post_parent":0,"guid":"http:\/\/dev.claret.cat\/editorial\/rialp\/","menu_order":0,"post_type":"editorial","post_mime_type":"","comment_count":"0","filter":"raw"}]},"aioseo_notices":[],"_links":{"self":[{"href":"https:\/\/www.claret.cat\/es\/wp-json\/wp\/v2\/product\/1086658","targetHints":{"allow":["GET"]}}],"collection":[{"href":"https:\/\/www.claret.cat\/es\/wp-json\/wp\/v2\/product"}],"about":[{"href":"https:\/\/www.claret.cat\/es\/wp-json\/wp\/v2\/types\/product"}],"wp:featuredmedia":[{"embeddable":true,"href":"https:\/\/www.claret.cat\/es\/wp-json\/wp\/v2\/media\/1086659"}],"wp:attachment":[{"href":"https:\/\/www.claret.cat\/es\/wp-json\/wp\/v2\/media?parent=1086658"}],"wp:term":[{"taxonomy":"product_brand","embeddable":true,"href":"https:\/\/www.claret.cat\/es\/wp-json\/wp\/v2\/product_brand?post=1086658"},{"taxonomy":"product_cat","embeddable":true,"href":"https:\/\/www.claret.cat\/es\/wp-json\/wp\/v2\/product_cat?post=1086658"},{"taxonomy":"product_tag","embeddable":true,"href":"https:\/\/www.claret.cat\/es\/wp-json\/wp\/v2\/product_tag?post=1086658"}],"curies":[{"name":"wp","href":"https:\/\/api.w.org\/{rel}","templated":true}]}}