{"id":1086664,"date":"2026-02-26T16:16:15","date_gmt":"2026-02-26T15:16:15","guid":{"rendered":"https:\/\/www.claret.cat\/llibre\/los-geranios-descosios-9788432173417\/"},"modified":"2026-02-26T16:35:35","modified_gmt":"2026-02-26T15:35:35","slug":"los-geranios-descosios-9788432173417","status":"publish","type":"product","link":"https:\/\/www.claret.cat\/es\/libro\/los-geranios-descosios-9788432173417\/","title":{"rendered":"LOS GERANIOS DESCOS\u00cdOS"},"content":{"rendered":"<p>Acc\u00e9sit del Premio Adon\u00e1is 2025 \u00abpor su capacidad para abordar el duelo con un tono eleg\u00edaco que combina lo popular y lo culto, con resonancias tel\u00faricas y hondas referencias a una estirpe femenina\u00bb.<\/p>\n<p>Los geranios descos\u00edos surge de la vivencia directa de la p\u00e9rdida de un ser querido -la abuela- y del impulso de nombrar la impotencia, la incertidumbre y el sufrimiento desde una conciencia que se enfrenta por primera vez al enigma irrevocable de la muerte. La obra fue distinguida con un acc\u00e9sit del Premio Adon\u00e1is 2025 \u00abpor su capacidad para abordar el duelo con un tono eleg\u00edaco que combina lo popular y lo culto, con resonancias tel\u00faricas y hondas referencias a una estirpe femenina\u00bb.<\/p>\n<p><\/p>\n<p>El libro plantea, adem\u00e1s, una reflexi\u00f3n sobre la identidad y la memoria compartida de las mujeres: las del \u00e1mbito familiar, las de la tradici\u00f3n y aquellas otras silenciadas. Mediante el amor, los cuidados, los rituales y la palabra heredada, estos poemas hilan una genealog\u00eda \u00edntima y coral en la que escribir se convierte en un gesto de arraigo y despedida. As\u00ed, Los geranios descos\u00edos se presenta como una invitaci\u00f3n a adentrarse en un territorio de voces y ra\u00edces y a reconocerse en \u00e9l como quien regresa a casa sabiendo que, incluso en la ausencia, algo persiste y florece.<\/p>\n<p><\/p>\n<p>En definitiva, el lector se halla ante un poemario de hondo calado en la poes\u00eda espa\u00f1ola actual, donde la figura de la abuela ocupa un lugar central como depositaria de la memoria, el afecto y la transmisi\u00f3n simb\u00f3lica, y desde cuya evocaci\u00f3n ?convertida en materia l\u00edrica? se revela una mirada conmovedora sobre la finitud y el misterio de la existencia.<\/p>\n","protected":false},"excerpt":{"rendered":"<p>ANGULO DORADO, ROC\u00cdO<\/p>\n","protected":false},"featured_media":1086665,"template":"","meta":{"_acf_changed":false,"om_disable_all_campaigns":false,"rs_blank_template":"","rs_page_bg_color":"","slide_template_v7":"","inline_featured_image":false,"_monsterinsights_skip_tracking":false,"_monsterinsights_sitenote_active":false,"_monsterinsights_sitenote_note":"","_monsterinsights_sitenote_category":0},"product_brand":[],"product_cat":[340,121],"product_tag":[],"class_list":{"0":"post-1086664","1":"product","2":"type-product","3":"status-publish","4":"has-post-thumbnail","6":"product_cat-poesia-5_otras","7":"product_cat-poesia","9":"first","10":"instock","11":"taxable","12":"shipping-taxable","13":"purchasable","14":"product-type-simple"},"acf":{"autor":"ANGULO DORADO, ROC\u00cdO","codart":"843217341","libros-coleccion":"","ediciones":"1","encuadernacion":"R\u00fastica","fecha_de_publicacion":"26\/02\/2026","novedad":"1","paginas":"74","subtitulo":"ACC\u00c9SIT DEL PREMIO ADON\u00c1IS 2025","orden":"0","portada":"0","idioma":"spa","booktrailer":"","resenas":"","editorial":[{"ID":6348,"post_author":"3","post_date":"2022-07-28 17:50:16","post_date_gmt":"2022-07-28 15:50:16","post_content":"","post_title":"Rialp","post_excerpt":"","post_status":"publish","comment_status":"closed","ping_status":"closed","post_password":"","post_name":"rialp","to_ping":"","pinged":"","post_modified":"2022-07-28 17:50:16","post_modified_gmt":"2022-07-28 15:50:16","post_content_filtered":"","post_parent":0,"guid":"http:\/\/dev.claret.cat\/editorial\/rialp\/","menu_order":0,"post_type":"editorial","post_mime_type":"","comment_count":"0","filter":"raw"}]},"aioseo_notices":[],"_links":{"self":[{"href":"https:\/\/www.claret.cat\/es\/wp-json\/wp\/v2\/product\/1086664","targetHints":{"allow":["GET"]}}],"collection":[{"href":"https:\/\/www.claret.cat\/es\/wp-json\/wp\/v2\/product"}],"about":[{"href":"https:\/\/www.claret.cat\/es\/wp-json\/wp\/v2\/types\/product"}],"wp:featuredmedia":[{"embeddable":true,"href":"https:\/\/www.claret.cat\/es\/wp-json\/wp\/v2\/media\/1086665"}],"wp:attachment":[{"href":"https:\/\/www.claret.cat\/es\/wp-json\/wp\/v2\/media?parent=1086664"}],"wp:term":[{"taxonomy":"product_brand","embeddable":true,"href":"https:\/\/www.claret.cat\/es\/wp-json\/wp\/v2\/product_brand?post=1086664"},{"taxonomy":"product_cat","embeddable":true,"href":"https:\/\/www.claret.cat\/es\/wp-json\/wp\/v2\/product_cat?post=1086664"},{"taxonomy":"product_tag","embeddable":true,"href":"https:\/\/www.claret.cat\/es\/wp-json\/wp\/v2\/product_tag?post=1086664"}],"curies":[{"name":"wp","href":"https:\/\/api.w.org\/{rel}","templated":true}]}}