{"id":1086667,"date":"2026-02-26T16:16:35","date_gmt":"2026-02-26T15:16:35","guid":{"rendered":"https:\/\/www.claret.cat\/llibre\/perlefter-9788432172298\/"},"modified":"2026-02-26T18:41:04","modified_gmt":"2026-02-26T17:41:04","slug":"perlefter-9788432172298","status":"publish","type":"product","link":"https:\/\/www.claret.cat\/es\/libro\/perlefter-9788432172298\/","title":{"rendered":"PERLEFTER"},"content":{"rendered":"<p>Perlefter es un fragmento de novela p\u00f3stumo, ir\u00f3nico y sugerente, que retrata la relaci\u00f3n entre un acomodado urbanita y su joven pariente.<\/p>\n<p>Perlefter es un fragmento de novela que fue descubierto entre los papeles del autor tras su muerte. El libro narra la vida de Alexander Perlefter, un acomodado urbanita austr\u00edaco con quien su pariente, Naphthali Kroj, un narrador de provincia, ha ido a vivir tras quedarse hu\u00e9rfano. Rico en iron\u00eda, Perlefter es una incorporaci\u00f3n importante al canon del autor.<\/p>\n","protected":false},"excerpt":{"rendered":"<p>ROTH, JOSEPH<\/p>\n","protected":false},"featured_media":1086841,"template":"","meta":{"_acf_changed":false,"om_disable_all_campaigns":false,"rs_blank_template":"","rs_page_bg_color":"","slide_template_v7":"","inline_featured_image":false,"_monsterinsights_skip_tracking":false,"_monsterinsights_sitenote_active":false,"_monsterinsights_sitenote_note":"","_monsterinsights_sitenote_category":0},"product_brand":[],"product_cat":[354,123],"product_tag":[],"class_list":{"0":"post-1086667","1":"product","2":"type-product","3":"status-publish","4":"has-post-thumbnail","6":"product_cat-clasica","7":"product_cat-classica","9":"first","10":"instock","11":"taxable","12":"shipping-taxable","13":"purchasable","14":"product-type-simple"},"acf":{"autor":"ROTH, JOSEPH","codart":"843217229","libros-coleccion":"","ediciones":"1","encuadernacion":"R\u00fastica","fecha_de_publicacion":"26\/02\/2026","novedad":"1","paginas":"172","subtitulo":"RELATO DE UNA VIDA BURGUESA ","orden":"0","portada":"0","idioma":"spa","booktrailer":"","resenas":"","editorial":[{"ID":6348,"post_author":"3","post_date":"2022-07-28 17:50:16","post_date_gmt":"2022-07-28 15:50:16","post_content":"","post_title":"Rialp","post_excerpt":"","post_status":"publish","comment_status":"closed","ping_status":"closed","post_password":"","post_name":"rialp","to_ping":"","pinged":"","post_modified":"2022-07-28 17:50:16","post_modified_gmt":"2022-07-28 15:50:16","post_content_filtered":"","post_parent":0,"guid":"http:\/\/dev.claret.cat\/editorial\/rialp\/","menu_order":0,"post_type":"editorial","post_mime_type":"","comment_count":"0","filter":"raw"}]},"aioseo_notices":[],"_links":{"self":[{"href":"https:\/\/www.claret.cat\/es\/wp-json\/wp\/v2\/product\/1086667","targetHints":{"allow":["GET"]}}],"collection":[{"href":"https:\/\/www.claret.cat\/es\/wp-json\/wp\/v2\/product"}],"about":[{"href":"https:\/\/www.claret.cat\/es\/wp-json\/wp\/v2\/types\/product"}],"wp:featuredmedia":[{"embeddable":true,"href":"https:\/\/www.claret.cat\/es\/wp-json\/wp\/v2\/media\/1086841"}],"wp:attachment":[{"href":"https:\/\/www.claret.cat\/es\/wp-json\/wp\/v2\/media?parent=1086667"}],"wp:term":[{"taxonomy":"product_brand","embeddable":true,"href":"https:\/\/www.claret.cat\/es\/wp-json\/wp\/v2\/product_brand?post=1086667"},{"taxonomy":"product_cat","embeddable":true,"href":"https:\/\/www.claret.cat\/es\/wp-json\/wp\/v2\/product_cat?post=1086667"},{"taxonomy":"product_tag","embeddable":true,"href":"https:\/\/www.claret.cat\/es\/wp-json\/wp\/v2\/product_tag?post=1086667"}],"curies":[{"name":"wp","href":"https:\/\/api.w.org\/{rel}","templated":true}]}}