{"id":1086672,"date":"2026-02-26T16:17:18","date_gmt":"2026-02-26T15:17:18","guid":{"rendered":"https:\/\/www.claret.cat\/llibre\/quo-vadis-9788432173325\/"},"modified":"2026-02-26T16:45:45","modified_gmt":"2026-02-26T15:45:45","slug":"quo-vadis-9788432173325","status":"publish","type":"product","link":"https:\/\/www.claret.cat\/es\/libro\/quo-vadis-9788432173325\/","title":{"rendered":"QUO VADIS?"},"content":{"rendered":"<p>Bajo el gobierno tir\u00e1nico de Ner\u00f3n, un amor imposible enfrenta al poder con la fe. La pasi\u00f3n de Marco Vinicio por la cristiana Ligia se convierte en el eje de una historia de ambici\u00f3n, violencia y esperanza.<\/p>\n<p>Siglo I d. C. Roma es la due\u00f1a del mundo, pero est\u00e1 podrida por dentro. Gobierna Ner\u00f3n, un emperador eg\u00f3latra, artista frustrado y cruel, rodeado de una corte de hombres c\u00ednicos. Entre ellos est\u00e1 Marco Vinicio, un joven oficial romano que, enamorado de Ligia, una reh\u00e9n b\u00e1rbara y cristiana, har\u00e1 lo posible por hacerse con ella.<\/p>\n<p><\/p>\n<p>El \u00e9xito de Quo Vadis? no fue solo literario, sino un fen\u00f3meno cultural que convirti\u00f3 a Henryk Sienkiewicz en el autor m\u00e1s famoso de su \u00e9poca. Publicada por entregas entre 1895 y 1896, la novela se tradujo a m\u00e1s de 50 idiomas.<\/p>\n","protected":false},"excerpt":{"rendered":"<p>SIENKIEWICZ, HENRYK<\/p>\n","protected":false},"featured_media":1086740,"template":"","meta":{"_acf_changed":false,"om_disable_all_campaigns":false,"rs_blank_template":"","rs_page_bg_color":"","slide_template_v7":"","inline_featured_image":false,"_monsterinsights_skip_tracking":false,"_monsterinsights_sitenote_active":false,"_monsterinsights_sitenote_note":"","_monsterinsights_sitenote_category":0},"product_brand":[],"product_cat":[133,363],"product_tag":[],"class_list":{"0":"post-1086672","1":"product","2":"type-product","3":"status-publish","4":"has-post-thumbnail","6":"product_cat-lectures-per-adolescents-12-18-anys","7":"product_cat-lecturas-por-adolescentes-12-18-anos","9":"first","10":"instock","11":"taxable","12":"shipping-taxable","13":"purchasable","14":"product-type-simple"},"acf":{"autor":"SIENKIEWICZ, HENRYK","codart":"843217332","libros-coleccion":"","ediciones":"1","encuadernacion":"R\u00fastica","fecha_de_publicacion":"26\/02\/2026","novedad":"1","paginas":"274","subtitulo":"","orden":"0","portada":"0","idioma":"spa","booktrailer":"","resenas":"","editorial":[{"ID":6348,"post_author":"3","post_date":"2022-07-28 17:50:16","post_date_gmt":"2022-07-28 15:50:16","post_content":"","post_title":"Rialp","post_excerpt":"","post_status":"publish","comment_status":"closed","ping_status":"closed","post_password":"","post_name":"rialp","to_ping":"","pinged":"","post_modified":"2022-07-28 17:50:16","post_modified_gmt":"2022-07-28 15:50:16","post_content_filtered":"","post_parent":0,"guid":"http:\/\/dev.claret.cat\/editorial\/rialp\/","menu_order":0,"post_type":"editorial","post_mime_type":"","comment_count":"0","filter":"raw"}]},"aioseo_notices":[],"_links":{"self":[{"href":"https:\/\/www.claret.cat\/es\/wp-json\/wp\/v2\/product\/1086672","targetHints":{"allow":["GET"]}}],"collection":[{"href":"https:\/\/www.claret.cat\/es\/wp-json\/wp\/v2\/product"}],"about":[{"href":"https:\/\/www.claret.cat\/es\/wp-json\/wp\/v2\/types\/product"}],"wp:featuredmedia":[{"embeddable":true,"href":"https:\/\/www.claret.cat\/es\/wp-json\/wp\/v2\/media\/1086740"}],"wp:attachment":[{"href":"https:\/\/www.claret.cat\/es\/wp-json\/wp\/v2\/media?parent=1086672"}],"wp:term":[{"taxonomy":"product_brand","embeddable":true,"href":"https:\/\/www.claret.cat\/es\/wp-json\/wp\/v2\/product_brand?post=1086672"},{"taxonomy":"product_cat","embeddable":true,"href":"https:\/\/www.claret.cat\/es\/wp-json\/wp\/v2\/product_cat?post=1086672"},{"taxonomy":"product_tag","embeddable":true,"href":"https:\/\/www.claret.cat\/es\/wp-json\/wp\/v2\/product_tag?post=1086672"}],"curies":[{"name":"wp","href":"https:\/\/api.w.org\/{rel}","templated":true}]}}