{"id":1086675,"date":"2026-02-26T16:20:11","date_gmt":"2026-02-26T15:20:11","guid":{"rendered":"https:\/\/www.claret.cat\/llibre\/bello-9788432172731\/"},"modified":"2026-02-26T16:25:59","modified_gmt":"2026-02-26T15:25:59","slug":"bello-9788432172731","status":"publish","type":"product","link":"https:\/\/www.claret.cat\/es\/libro\/bello-9788432172731\/","title":{"rendered":"BELLO"},"content":{"rendered":"<p>La naturaleza optimiza sus formas para alcanzar una eficiencia biol\u00f3gica mayor, que va acompa\u00f1ada de una marcada tendencia evolutiva hacia lo bello y la extinci\u00f3n de lo inarm\u00f3nico.<\/p>\n<p>Es recurrente la presencia de la Proporci\u00f3n \u00c1urea en elementos tan diversos como el sistema solar, el desarrollo embrionario, la evoluci\u00f3n del cr\u00e1neo humano o la trayectoria de caza de los halcones. La naturaleza optimiza sus formas para alcanzar una eficiencia biol\u00f3gica mayor, que va acompa\u00f1ada de una marcada tendencia evolutiva hacia lo bello y la extinci\u00f3n de lo inarm\u00f3nico.<\/p>\n<p><\/p>\n<p>Son ejemplos de planteamientos y estrategias que, aprovechando esta proporci\u00f3n, conectan mediante diferentes algoritmos \u00e1mbitos como el color y la m\u00fasica. La traducci\u00f3n de estos algoritmos ?los colores de la naturaleza (flores, conchas, mariposas o minerales) en notas musicales? permite la contemplaci\u00f3n de estas formas naturales en una experiencia audiovisual \u00fanica.<\/p>\n","protected":false},"excerpt":{"rendered":"<p>L\u00d3PEZ MORATALLA, NATALIA ; FONT ARELLANO, MAR\u00cdA <\/p>\n","protected":false},"featured_media":1086676,"template":"","meta":{"_acf_changed":false,"om_disable_all_campaigns":false,"rs_blank_template":"","rs_page_bg_color":"","slide_template_v7":"","inline_featured_image":false,"_monsterinsights_skip_tracking":false,"_monsterinsights_sitenote_active":false,"_monsterinsights_sitenote_note":"","_monsterinsights_sitenote_category":0},"product_brand":[],"product_cat":[104,554],"product_tag":[],"class_list":{"0":"post-1086675","1":"product","2":"type-product","3":"status-publish","4":"has-post-thumbnail","6":"product_cat-ciencia","7":"product_cat-ciencia-5_otras-spa","9":"first","10":"instock","11":"taxable","12":"shipping-taxable","13":"purchasable","14":"product-type-simple"},"acf":{"autor":"L\u00d3PEZ MORATALLA, NATALIA ; FONT ARELLANO, MAR\u00cdA ","codart":"843217273","libros-coleccion":"","ediciones":"1","encuadernacion":"R\u00fastica","fecha_de_publicacion":"26\/02\/2026","novedad":"1","paginas":"424","subtitulo":"DEL BIG BANG AL HOMO SAPIENS: LA EVOLUCI\u00d3N EN BUSCA DE LA BELLEZA","orden":"0","portada":"0","idioma":"spa","booktrailer":"","resenas":"","editorial":[{"ID":6348,"post_author":"3","post_date":"2022-07-28 17:50:16","post_date_gmt":"2022-07-28 15:50:16","post_content":"","post_title":"Rialp","post_excerpt":"","post_status":"publish","comment_status":"closed","ping_status":"closed","post_password":"","post_name":"rialp","to_ping":"","pinged":"","post_modified":"2022-07-28 17:50:16","post_modified_gmt":"2022-07-28 15:50:16","post_content_filtered":"","post_parent":0,"guid":"http:\/\/dev.claret.cat\/editorial\/rialp\/","menu_order":0,"post_type":"editorial","post_mime_type":"","comment_count":"0","filter":"raw"}]},"aioseo_notices":[],"_links":{"self":[{"href":"https:\/\/www.claret.cat\/es\/wp-json\/wp\/v2\/product\/1086675","targetHints":{"allow":["GET"]}}],"collection":[{"href":"https:\/\/www.claret.cat\/es\/wp-json\/wp\/v2\/product"}],"about":[{"href":"https:\/\/www.claret.cat\/es\/wp-json\/wp\/v2\/types\/product"}],"wp:featuredmedia":[{"embeddable":true,"href":"https:\/\/www.claret.cat\/es\/wp-json\/wp\/v2\/media\/1086676"}],"wp:attachment":[{"href":"https:\/\/www.claret.cat\/es\/wp-json\/wp\/v2\/media?parent=1086675"}],"wp:term":[{"taxonomy":"product_brand","embeddable":true,"href":"https:\/\/www.claret.cat\/es\/wp-json\/wp\/v2\/product_brand?post=1086675"},{"taxonomy":"product_cat","embeddable":true,"href":"https:\/\/www.claret.cat\/es\/wp-json\/wp\/v2\/product_cat?post=1086675"},{"taxonomy":"product_tag","embeddable":true,"href":"https:\/\/www.claret.cat\/es\/wp-json\/wp\/v2\/product_tag?post=1086675"}],"curies":[{"name":"wp","href":"https:\/\/api.w.org\/{rel}","templated":true}]}}