{"id":1086686,"date":"2026-02-26T16:26:09","date_gmt":"2026-02-26T15:26:09","guid":{"rendered":"https:\/\/www.claret.cat\/llibre\/nueve-dias-para-hacerse-amigo-del-espiritu-santo-9788432172793-2\/"},"modified":"2026-02-26T16:26:09","modified_gmt":"2026-02-26T15:26:09","slug":"nueve-dias-para-hacerse-amigo-del-espiritu-santo-9788432172793-2","status":"publish","type":"product","link":"https:\/\/www.claret.cat\/es\/libro\/nueve-dias-para-hacerse-amigo-del-espiritu-santo-9788432172793-2\/","title":{"rendered":"NUEVE D\u00cdAS PARA HACERSE AMIGO DEL ESP\u00cdRITU SANTO"},"content":{"rendered":"<p>A trav\u00e9s de un programa de nueve d\u00edas, Cantalamessa gu\u00eda al lector para conocer y acoger en el coraz\u00f3n al Esp\u00edritu Santo.<\/p>\n<p>El Esp\u00edritu Santo es el alma de la vida espiritual del cristiano: sin \u00e9l no es posible orar ni comprender la Palabra de Dios, ni amar. Y sin embargo, \u00a1es tan desconocido!<\/p>\n<p><\/p>\n<p>El autor nos ofrece nueve d\u00edas para descubrirlo, invitarlo a entrar en nuestro coraz\u00f3n, hacernos amigos de \u00e9l y renovar nuestra vida espiritual desde dentro.<\/p>\n","protected":false},"excerpt":{"rendered":"<p>A trav\u00e9s de un programa de nueve d\u00edas, Cantalamessa gu\u00eda al lector para conocer y acoger en el coraz\u00f3n al Esp\u00edritu Santo. El Esp\u00edritu Santo es el alma de la vida espiritual del cristiano: sin \u00e9l no es posible orar ni comprender la Palabra de Dios, ni amar. Y sin embargo, \u00a1es tan desconocido! El [&hellip;]<\/p>\n","protected":false},"featured_media":0,"template":"","meta":{"_acf_changed":false,"om_disable_all_campaigns":false,"rs_blank_template":"","rs_page_bg_color":"","slide_template_v7":"","inline_featured_image":false,"_monsterinsights_skip_tracking":false,"_monsterinsights_sitenote_active":false,"_monsterinsights_sitenote_note":"","_monsterinsights_sitenote_category":0},"product_brand":[],"product_cat":[241],"product_tag":[],"class_list":{"0":"post-1086686","1":"product","2":"type-product","3":"status-publish","5":"product_cat-testimonis","7":"first","8":"instock","9":"taxable","10":"shipping-taxable","11":"product-type-simple"},"acf":{"subtitulo":null,"editorial":null,"autor":null,"autores-libros":null,"traductores-libros":null,"ilustradores-libros":null,"fecha_de_publicacion":null,"libros-coleccion":null,"paginas":null,"encuadernacion":null,"ediciones":null,"formato":null,"idioma":null,"linkebook":null,"precioebook":null,"ebookportada":null,"ficha":null,"muestra":null,"presentacion":null,"booktrailer":null,"resenas":null,"codart":null,"portada":null,"orden":null,"novedad":null,"recomendamos":null,"mas_vendido":null},"aioseo_notices":[],"_links":{"self":[{"href":"https:\/\/www.claret.cat\/es\/wp-json\/wp\/v2\/product\/1086686","targetHints":{"allow":["GET"]}}],"collection":[{"href":"https:\/\/www.claret.cat\/es\/wp-json\/wp\/v2\/product"}],"about":[{"href":"https:\/\/www.claret.cat\/es\/wp-json\/wp\/v2\/types\/product"}],"wp:attachment":[{"href":"https:\/\/www.claret.cat\/es\/wp-json\/wp\/v2\/media?parent=1086686"}],"wp:term":[{"taxonomy":"product_brand","embeddable":true,"href":"https:\/\/www.claret.cat\/es\/wp-json\/wp\/v2\/product_brand?post=1086686"},{"taxonomy":"product_cat","embeddable":true,"href":"https:\/\/www.claret.cat\/es\/wp-json\/wp\/v2\/product_cat?post=1086686"},{"taxonomy":"product_tag","embeddable":true,"href":"https:\/\/www.claret.cat\/es\/wp-json\/wp\/v2\/product_tag?post=1086686"}],"curies":[{"name":"wp","href":"https:\/\/api.w.org\/{rel}","templated":true}]}}