{"id":1086695,"date":"2026-02-26T16:31:49","date_gmt":"2026-02-26T15:31:49","guid":{"rendered":"https:\/\/www.claret.cat\/llibre\/la-moral-cristiana-es-un-camino-9788432173080\/"},"modified":"2026-02-26T16:31:49","modified_gmt":"2026-02-26T15:31:49","slug":"la-moral-cristiana-es-un-camino-9788432173080","status":"publish","type":"product","link":"https:\/\/www.claret.cat\/es\/libro\/la-moral-cristiana-es-un-camino-9788432173080\/","title":{"rendered":"LA MORAL CRISTIANA ES UN CAMINO"},"content":{"rendered":"<p>La moral cristiana no es un conjunto de normas, sino un camino de imitaci\u00f3n de Cristo en la vida cotidiana, centrado en el amor a Dios y al pr\u00f3jimo.<\/p>\n<p>La moral cristiana no es un c\u00f3digo de prohibiciones, sino un camino de seguimiento e imitaci\u00f3n de Jesucristo en cada acci\u00f3n cotidiana. El n\u00facleo de esta vida es el amor a Dios y al pr\u00f3jimo, y esos son los ejes que resumen todos los mandamientos y orientan la conducta de quien busca la santidad.<\/p>\n<p><\/p>\n<p>Ese elevado ideal transforma la relaci\u00f3n del individuo con la familia y la sociedad y le impulsa a respetar la vida humana, que se vuelve sagrada. Al mismo tiempo, el creyente se siente poseedor de dos sorprendentes dones que le permiten actuar con rectitud bajo la gu\u00eda del Esp\u00edritu Santo: la conciencia y la libertad.<\/p>\n","protected":false},"excerpt":{"rendered":"<p>La moral cristiana no es un conjunto de normas, sino un camino de imitaci\u00f3n de Cristo en la vida cotidiana, centrado en el amor a Dios y al pr\u00f3jimo. La moral cristiana no es un c\u00f3digo de prohibiciones, sino un camino de seguimiento e imitaci\u00f3n de Jesucristo en cada acci\u00f3n cotidiana. El n\u00facleo de esta [&hellip;]<\/p>\n","protected":false},"featured_media":0,"template":"","meta":{"_acf_changed":false,"om_disable_all_campaigns":false,"rs_blank_template":"","rs_page_bg_color":"","slide_template_v7":"","inline_featured_image":false,"_monsterinsights_skip_tracking":false,"_monsterinsights_sitenote_active":false,"_monsterinsights_sitenote_note":"","_monsterinsights_sitenote_category":0},"product_brand":[],"product_cat":[241],"product_tag":[],"class_list":{"0":"post-1086695","1":"product","2":"type-product","3":"status-publish","5":"product_cat-testimonis","7":"first","8":"instock","9":"taxable","10":"shipping-taxable","11":"product-type-simple"},"acf":{"subtitulo":null,"editorial":null,"autor":null,"autores-libros":null,"traductores-libros":null,"ilustradores-libros":null,"fecha_de_publicacion":null,"libros-coleccion":null,"paginas":null,"encuadernacion":null,"ediciones":null,"formato":null,"idioma":null,"linkebook":null,"precioebook":null,"ebookportada":null,"ficha":null,"muestra":null,"presentacion":null,"booktrailer":null,"resenas":null,"codart":null,"portada":null,"orden":null,"novedad":null,"recomendamos":null,"mas_vendido":null},"aioseo_notices":[],"_links":{"self":[{"href":"https:\/\/www.claret.cat\/es\/wp-json\/wp\/v2\/product\/1086695","targetHints":{"allow":["GET"]}}],"collection":[{"href":"https:\/\/www.claret.cat\/es\/wp-json\/wp\/v2\/product"}],"about":[{"href":"https:\/\/www.claret.cat\/es\/wp-json\/wp\/v2\/types\/product"}],"wp:attachment":[{"href":"https:\/\/www.claret.cat\/es\/wp-json\/wp\/v2\/media?parent=1086695"}],"wp:term":[{"taxonomy":"product_brand","embeddable":true,"href":"https:\/\/www.claret.cat\/es\/wp-json\/wp\/v2\/product_brand?post=1086695"},{"taxonomy":"product_cat","embeddable":true,"href":"https:\/\/www.claret.cat\/es\/wp-json\/wp\/v2\/product_cat?post=1086695"},{"taxonomy":"product_tag","embeddable":true,"href":"https:\/\/www.claret.cat\/es\/wp-json\/wp\/v2\/product_tag?post=1086695"}],"curies":[{"name":"wp","href":"https:\/\/api.w.org\/{rel}","templated":true}]}}