{"id":1086701,"date":"2026-02-26T16:33:32","date_gmt":"2026-02-26T15:33:32","guid":{"rendered":"https:\/\/www.claret.cat\/llibre\/a-que-esperas-para-ser-feliz-9788432172557-2\/"},"modified":"2026-02-26T16:33:32","modified_gmt":"2026-02-26T15:33:32","slug":"a-que-esperas-para-ser-feliz-9788432172557-2","status":"publish","type":"product","link":"https:\/\/www.claret.cat\/es\/libro\/a-que-esperas-para-ser-feliz-9788432172557-2\/","title":{"rendered":"\u00bfA QU\u00c9 ESPERAS PARA SER FELIZ?"},"content":{"rendered":"<p>Este libro ofrece un camino para encontrar bienestar y sentido incluso ante el sufrimiento inevitable. A trav\u00e9s de filosof\u00eda, psicolog\u00eda y casos pr\u00e1cticos, el autor ense\u00f1a a cultivar resiliencia, paz interior y virtud, mostrando que la verdadera plenitud va m\u00e1s all\u00e1 del placer moment\u00e1neo.<\/p>\n<p>\u00bfC\u00f3mo alcanzar el bienestar personal si tantas veces el dolor parece inevitable? \u00bfC\u00f3mo superar el desgarro del sufrimiento de la p\u00e9rdida, y encontrar un sentido a la existencia? El autor explora las principales respuestas: el estoicismo, la psicolog\u00eda positiva, el optimismo y la esperanza.<\/p>\n<p><\/p>\n<p>Mediante casos pr\u00e1cticos como el desempleo, la enfermedad o la muerte, ofrece estrategias para cultivar la paz interior y la resiliencia, distinguiendo entre la felicidad pasajera del placer y la plenitud m\u00e1s profunda de la virtud. Mantener una perspectiva trascendente contribuye de manera decisiva a alcanzar una vida lograda.<\/p>\n","protected":false},"excerpt":{"rendered":"<p>Este libro ofrece un camino para encontrar bienestar y sentido incluso ante el sufrimiento inevitable. A trav\u00e9s de filosof\u00eda, psicolog\u00eda y casos pr\u00e1cticos, el autor ense\u00f1a a cultivar resiliencia, paz interior y virtud, mostrando que la verdadera plenitud va m\u00e1s all\u00e1 del placer moment\u00e1neo. \u00bfC\u00f3mo alcanzar el bienestar personal si tantas veces el dolor parece [&hellip;]<\/p>\n","protected":false},"featured_media":0,"template":"","meta":{"_acf_changed":false,"om_disable_all_campaigns":false,"rs_blank_template":"","rs_page_bg_color":"","slide_template_v7":"","inline_featured_image":false,"_monsterinsights_skip_tracking":false,"_monsterinsights_sitenote_active":false,"_monsterinsights_sitenote_note":"","_monsterinsights_sitenote_category":0},"product_brand":[],"product_cat":[241],"product_tag":[],"class_list":{"0":"post-1086701","1":"product","2":"type-product","3":"status-publish","5":"product_cat-testimonis","7":"first","8":"instock","9":"taxable","10":"shipping-taxable","11":"product-type-simple"},"acf":{"subtitulo":null,"editorial":null,"autor":null,"autores-libros":null,"traductores-libros":null,"ilustradores-libros":null,"fecha_de_publicacion":null,"libros-coleccion":null,"paginas":null,"encuadernacion":null,"ediciones":null,"formato":null,"idioma":null,"linkebook":null,"precioebook":null,"ebookportada":null,"ficha":null,"muestra":null,"presentacion":null,"booktrailer":null,"resenas":null,"codart":null,"portada":null,"orden":null,"novedad":null,"recomendamos":null,"mas_vendido":null},"aioseo_notices":[],"_links":{"self":[{"href":"https:\/\/www.claret.cat\/es\/wp-json\/wp\/v2\/product\/1086701","targetHints":{"allow":["GET"]}}],"collection":[{"href":"https:\/\/www.claret.cat\/es\/wp-json\/wp\/v2\/product"}],"about":[{"href":"https:\/\/www.claret.cat\/es\/wp-json\/wp\/v2\/types\/product"}],"wp:attachment":[{"href":"https:\/\/www.claret.cat\/es\/wp-json\/wp\/v2\/media?parent=1086701"}],"wp:term":[{"taxonomy":"product_brand","embeddable":true,"href":"https:\/\/www.claret.cat\/es\/wp-json\/wp\/v2\/product_brand?post=1086701"},{"taxonomy":"product_cat","embeddable":true,"href":"https:\/\/www.claret.cat\/es\/wp-json\/wp\/v2\/product_cat?post=1086701"},{"taxonomy":"product_tag","embeddable":true,"href":"https:\/\/www.claret.cat\/es\/wp-json\/wp\/v2\/product_tag?post=1086701"}],"curies":[{"name":"wp","href":"https:\/\/api.w.org\/{rel}","templated":true}]}}