{"id":1086710,"date":"2026-02-26T16:34:52","date_gmt":"2026-02-26T15:34:52","guid":{"rendered":"https:\/\/www.claret.cat\/llibre\/ponte-en-orden-9788432173141-2\/"},"modified":"2026-02-26T16:41:04","modified_gmt":"2026-02-26T15:41:04","slug":"ponte-en-orden-9788432173141-2","status":"publish","type":"product","link":"https:\/\/www.claret.cat\/es\/libro\/ponte-en-orden-9788432173141-2\/","title":{"rendered":"PONTE EN ORDEN"},"content":{"rendered":"<p>Este breve libro invita a mirar hacia dentro y asumir la responsabilidad personal como base de una sociedad m\u00e1s justa. Ofrece claves para comprender el verdadero sentido del orden y avanzar en el crecimiento personal.<\/p>\n<p>Muchos se\u00f1alan con el dedo a instituciones, pol\u00edticos, magistrados, profesores, vecinos e inmigrantes&#8230; Denuncian, buscan culpables&#8230; pero casi nadie se se\u00f1ala a s\u00ed mismo como origen del desorden. Construir una sociedad ordenada y justa requiere personas ordenadas y justas.<\/p>\n<p><\/p>\n<p>En no pocos momentos quiz\u00e1 sintamos esa invitaci\u00f3n firme y urgente: ?Deber\u00eda poner m\u00e1s orden en mi vida?. Este peque\u00f1o libro pretende ayudar en ese empe\u00f1o, iluminar la mente para que comprenda el verdadero significado del orden, y apoyar los esfuerzos de quienes tratan de mejorarse y de mejorar el entorno en el que viven.<\/p>\n","protected":false},"excerpt":{"rendered":"<p>PEDERZINI, NOVELLO<\/p>\n","protected":false},"featured_media":1086719,"template":"","meta":{"_acf_changed":false,"om_disable_all_campaigns":false,"rs_blank_template":"","rs_page_bg_color":"","slide_template_v7":"","inline_featured_image":false,"_monsterinsights_skip_tracking":false,"_monsterinsights_sitenote_active":false,"_monsterinsights_sitenote_note":"","_monsterinsights_sitenote_category":0},"product_brand":[],"product_cat":[179,377],"product_tag":[],"class_list":{"0":"post-1086710","1":"product","2":"type-product","3":"status-publish","4":"has-post-thumbnail","6":"product_cat-autoajuda-i-salut-mental","7":"product_cat-autoayuda-y-salud-mental","9":"first","10":"instock","11":"taxable","12":"shipping-taxable","13":"purchasable","14":"product-type-simple"},"acf":{"autor":"PEDERZINI, NOVELLO","codart":"843217314","libros-coleccion":"","ediciones":"1","encuadernacion":"R\u00fastica","fecha_de_publicacion":"26\/02\/2026","novedad":"1","paginas":"120","subtitulo":"PROPUESTAS PARA UN ESTILO DE VIDA M\u00c1S HUMANO Y M\u00c1S SANO ","orden":"0","portada":"0","idioma":"spa","booktrailer":"","resenas":"","editorial":[{"ID":6348,"post_author":"3","post_date":"2022-07-28 17:50:16","post_date_gmt":"2022-07-28 15:50:16","post_content":"","post_title":"Rialp","post_excerpt":"","post_status":"publish","comment_status":"closed","ping_status":"closed","post_password":"","post_name":"rialp","to_ping":"","pinged":"","post_modified":"2022-07-28 17:50:16","post_modified_gmt":"2022-07-28 15:50:16","post_content_filtered":"","post_parent":0,"guid":"http:\/\/dev.claret.cat\/editorial\/rialp\/","menu_order":0,"post_type":"editorial","post_mime_type":"","comment_count":"0","filter":"raw"}]},"aioseo_notices":[],"_links":{"self":[{"href":"https:\/\/www.claret.cat\/es\/wp-json\/wp\/v2\/product\/1086710","targetHints":{"allow":["GET"]}}],"collection":[{"href":"https:\/\/www.claret.cat\/es\/wp-json\/wp\/v2\/product"}],"about":[{"href":"https:\/\/www.claret.cat\/es\/wp-json\/wp\/v2\/types\/product"}],"wp:featuredmedia":[{"embeddable":true,"href":"https:\/\/www.claret.cat\/es\/wp-json\/wp\/v2\/media\/1086719"}],"wp:attachment":[{"href":"https:\/\/www.claret.cat\/es\/wp-json\/wp\/v2\/media?parent=1086710"}],"wp:term":[{"taxonomy":"product_brand","embeddable":true,"href":"https:\/\/www.claret.cat\/es\/wp-json\/wp\/v2\/product_brand?post=1086710"},{"taxonomy":"product_cat","embeddable":true,"href":"https:\/\/www.claret.cat\/es\/wp-json\/wp\/v2\/product_cat?post=1086710"},{"taxonomy":"product_tag","embeddable":true,"href":"https:\/\/www.claret.cat\/es\/wp-json\/wp\/v2\/product_tag?post=1086710"}],"curies":[{"name":"wp","href":"https:\/\/api.w.org\/{rel}","templated":true}]}}