{"id":1086764,"date":"2026-02-26T17:10:32","date_gmt":"2026-02-26T16:10:32","guid":{"rendered":"https:\/\/www.claret.cat\/llibre\/biologia-etica-i-cristianisme-9788466110228\/"},"modified":"2026-02-26T17:15:32","modified_gmt":"2026-02-26T16:15:32","slug":"biologia-etica-i-cristianisme-9788466110228","status":"publish","type":"product","link":"https:\/\/www.claret.cat\/es\/libro\/biologia-etica-i-cristianisme-9788466110228\/","title":{"rendered":"BIOLOGIA, \u00c8TICA I CRISTIANISME"},"content":{"rendered":"","protected":false},"excerpt":{"rendered":"<p>N\u00da\u00d1EZ-CUBERO, MAR\u00cdA PILAR<\/p>\n","protected":false},"featured_media":1086765,"template":"","meta":{"_acf_changed":false,"om_disable_all_campaigns":false,"rs_blank_template":"","rs_page_bg_color":"","slide_template_v7":"","inline_featured_image":false,"_monsterinsights_skip_tracking":false,"_monsterinsights_sitenote_active":false,"_monsterinsights_sitenote_note":"","_monsterinsights_sitenote_category":0},"product_brand":[],"product_cat":[289,515],"product_tag":[],"class_list":{"0":"post-1086764","1":"product","2":"type-product","3":"status-publish","4":"has-post-thumbnail","6":"product_cat-moral-de-la-persona-bioetica","7":"product_cat-moral-de-la-persona-bioetica-teologia-1_espiritualidad","9":"first","10":"instock","11":"taxable","12":"shipping-taxable","13":"purchasable","14":"product-type-simple"},"acf":{"autor":"N\u00da\u00d1EZ-CUBERO, MAR\u00cdA PILAR","codart":"846611022","libros-coleccion":"","ediciones":"0","encuadernacion":"R\u00fastica","fecha_de_publicacion":"01\/09\/2004","novedad":"0","paginas":"176","subtitulo":"","orden":"999","portada":"0","idioma":"cat","booktrailer":"","resenas":"","editorial":[{"ID":147680,"post_author":"3","post_date":"2022-10-14 11:52:25","post_date_gmt":"2022-10-14 09:52:25","post_content":"","post_title":"CRUILLA, EDITORIAL","post_excerpt":"","post_status":"publish","comment_status":"closed","ping_status":"closed","post_password":"","post_name":"cruilla-editorial","to_ping":"","pinged":"","post_modified":"2022-10-14 11:52:25","post_modified_gmt":"2022-10-14 09:52:25","post_content_filtered":"","post_parent":0,"guid":"http:\/\/dev.claret.cat\/editorial\/cruilla-editorial\/","menu_order":0,"post_type":"editorial","post_mime_type":"","comment_count":"0","filter":"raw"}],"autores-libros":[{"ID":1086763,"post_author":"3","post_date":"2026-02-26 17:10:06","post_date_gmt":"2026-02-26 16:10:06","post_content":"","post_title":"MAR\u00cdA PILAR N\u00da\u00d1EZ-CUBERO","post_excerpt":"","post_status":"publish","comment_status":"closed","ping_status":"closed","post_password":"","post_name":"maria-pilar-nunez-cubero","to_ping":"","pinged":"","post_modified":"2026-02-26 17:10:06","post_modified_gmt":"2026-02-26 16:10:06","post_content_filtered":"","post_parent":0,"guid":"https:\/\/www.claret.cat\/autor\/maria-pilar-nunez-cubero\/","menu_order":0,"post_type":"autor","post_mime_type":"","comment_count":"0","filter":"raw"}]},"aioseo_notices":[],"_links":{"self":[{"href":"https:\/\/www.claret.cat\/es\/wp-json\/wp\/v2\/product\/1086764","targetHints":{"allow":["GET"]}}],"collection":[{"href":"https:\/\/www.claret.cat\/es\/wp-json\/wp\/v2\/product"}],"about":[{"href":"https:\/\/www.claret.cat\/es\/wp-json\/wp\/v2\/types\/product"}],"wp:featuredmedia":[{"embeddable":true,"href":"https:\/\/www.claret.cat\/es\/wp-json\/wp\/v2\/media\/1086765"}],"wp:attachment":[{"href":"https:\/\/www.claret.cat\/es\/wp-json\/wp\/v2\/media?parent=1086764"}],"wp:term":[{"taxonomy":"product_brand","embeddable":true,"href":"https:\/\/www.claret.cat\/es\/wp-json\/wp\/v2\/product_brand?post=1086764"},{"taxonomy":"product_cat","embeddable":true,"href":"https:\/\/www.claret.cat\/es\/wp-json\/wp\/v2\/product_cat?post=1086764"},{"taxonomy":"product_tag","embeddable":true,"href":"https:\/\/www.claret.cat\/es\/wp-json\/wp\/v2\/product_tag?post=1086764"}],"curies":[{"name":"wp","href":"https:\/\/api.w.org\/{rel}","templated":true}]}}