{"id":1086767,"date":"2026-02-26T17:15:03","date_gmt":"2026-02-26T16:15:03","guid":{"rendered":"https:\/\/www.claret.cat\/llibre\/sabueso-9791388003066\/"},"modified":"2026-02-26T18:25:46","modified_gmt":"2026-02-26T17:25:46","slug":"sabueso-9791388003066","status":"publish","type":"product","link":"https:\/\/www.claret.cat\/es\/libro\/sabueso-9791388003066\/","title":{"rendered":"SABUESO"},"content":{"rendered":"<p>En el Frente Occidental de la Primera Guerra Mundial, William Barrow descubre que sobrevivir no depende solo de esquivar balas o gas. Integrado en una unidad marcada por la violencia, los rituales y la deshumanizaci\u00f3n, pronto comprende que la verdadera amenaza no siempre llega desde las trincheras enemigas, sino que puede surgir desde dentro.<\/p>\n<p>Un relato tenso donde el misterio y el crimen se funden con los l\u00edmites m\u00e1s fr\u00e1giles de la condici\u00f3n humana.<\/p>\n","protected":false},"excerpt":{"rendered":"<p>ROMESBURG, S.\/FREEMAN, S.\/VAZQUEZ, R.\/BIRCH, J.<\/p>\n","protected":false},"featured_media":1086768,"template":"","meta":{"_acf_changed":false,"om_disable_all_campaigns":false,"rs_blank_template":"","rs_page_bg_color":"","slide_template_v7":"","inline_featured_image":false,"_monsterinsights_skip_tracking":false,"_monsterinsights_sitenote_active":false,"_monsterinsights_sitenote_note":"","_monsterinsights_sitenote_category":0},"product_brand":[],"product_cat":[108,558],"product_tag":[],"class_list":{"0":"post-1086767","1":"product","2":"type-product","3":"status-publish","4":"has-post-thumbnail","6":"product_cat-comic","7":"product_cat-comic-3_infantil-juvenil-spa-spa","9":"first","10":"instock","11":"taxable","12":"shipping-taxable","13":"purchasable","14":"product-type-simple"},"acf":{"autor":"ROMESBURG, S.\/FREEMAN, S.\/VAZQUEZ, R.\/BIRCH, J.","codart":"138800306","libros-coleccion":"","ediciones":"1","encuadernacion":"R\u00fastica","fecha_de_publicacion":"01\/01\/2026","novedad":"1","paginas":"90","subtitulo":"","orden":"0","portada":"0","idioma":"spa","booktrailer":"","resenas":"","editorial":[{"ID":1005181,"post_author":"3","post_date":"2025-02-14 12:25:19","post_date_gmt":"2025-02-14 11:25:19","post_content":"","post_title":"Cartem C\u00f3mics","post_excerpt":"","post_status":"publish","comment_status":"closed","ping_status":"closed","post_password":"","post_name":"cartem-comics","to_ping":"","pinged":"","post_modified":"2025-02-14 12:25:19","post_modified_gmt":"2025-02-14 11:25:19","post_content_filtered":"","post_parent":0,"guid":"https:\/\/www.claret.cat\/editorial\/cartem-comics\/","menu_order":0,"post_type":"editorial","post_mime_type":"","comment_count":"0","filter":"raw"}]},"aioseo_notices":[],"_links":{"self":[{"href":"https:\/\/www.claret.cat\/es\/wp-json\/wp\/v2\/product\/1086767","targetHints":{"allow":["GET"]}}],"collection":[{"href":"https:\/\/www.claret.cat\/es\/wp-json\/wp\/v2\/product"}],"about":[{"href":"https:\/\/www.claret.cat\/es\/wp-json\/wp\/v2\/types\/product"}],"wp:featuredmedia":[{"embeddable":true,"href":"https:\/\/www.claret.cat\/es\/wp-json\/wp\/v2\/media\/1086768"}],"wp:attachment":[{"href":"https:\/\/www.claret.cat\/es\/wp-json\/wp\/v2\/media?parent=1086767"}],"wp:term":[{"taxonomy":"product_brand","embeddable":true,"href":"https:\/\/www.claret.cat\/es\/wp-json\/wp\/v2\/product_brand?post=1086767"},{"taxonomy":"product_cat","embeddable":true,"href":"https:\/\/www.claret.cat\/es\/wp-json\/wp\/v2\/product_cat?post=1086767"},{"taxonomy":"product_tag","embeddable":true,"href":"https:\/\/www.claret.cat\/es\/wp-json\/wp\/v2\/product_tag?post=1086767"}],"curies":[{"name":"wp","href":"https:\/\/api.w.org\/{rel}","templated":true}]}}