{"id":1086770,"date":"2026-02-26T17:15:38","date_gmt":"2026-02-26T16:15:38","guid":{"rendered":"https:\/\/www.claret.cat\/llibre\/un-pie-en-el-paraiso-9791388003325\/"},"modified":"2026-02-26T17:27:50","modified_gmt":"2026-02-26T16:27:50","slug":"un-pie-en-el-paraiso-9791388003325","status":"publish","type":"product","link":"https:\/\/www.claret.cat\/es\/libro\/un-pie-en-el-paraiso-9791388003325\/","title":{"rendered":"UN PIE EN EL PARA\u00cdSO"},"content":{"rendered":"<p>A\u00f1os 50, condado de Oconee, coraz\u00f3n de los Apalaches del Sur. La compa\u00f1\u00eda el\u00e9ctrica va a inundar el valle para crear un embalse y borrar tierras, casas y recuerdos.<br \/>El veterano Holland Winchester desaparece sin dejar rastro y su madre est\u00e1 convencida de que lo han matado. El sheriff Alexander regresa a su tierra natal para investigar, enfrent\u00e1ndose a ra\u00edces que cre\u00eda olvidadas.<br \/>Relato coral sobre culpa, deseo y justicia, contado desde cuatro puntos de vista, donde cada versi\u00f3n ilumina una cara distinta de la misma historia.<\/p>\n","protected":false},"excerpt":{"rendered":"<p>FOLETTI, MICHELE<\/p>\n","protected":false},"featured_media":1086771,"template":"","meta":{"_acf_changed":false,"om_disable_all_campaigns":false,"rs_blank_template":"","rs_page_bg_color":"","slide_template_v7":"","inline_featured_image":false,"_monsterinsights_skip_tracking":false,"_monsterinsights_sitenote_active":false,"_monsterinsights_sitenote_note":"","_monsterinsights_sitenote_category":0},"product_brand":[],"product_cat":[558,108],"product_tag":[],"class_list":{"0":"post-1086770","1":"product","2":"type-product","3":"status-publish","4":"has-post-thumbnail","6":"product_cat-comic-3_infantil-juvenil-spa-spa","7":"product_cat-comic","9":"first","10":"instock","11":"taxable","12":"shipping-taxable","13":"purchasable","14":"product-type-simple"},"acf":{"autor":"FOLETTI, MICHELE","codart":"138800332","libros-coleccion":"","ediciones":"1","encuadernacion":"R\u00fastica","fecha_de_publicacion":"01\/02\/2026","novedad":"1","paginas":"176","subtitulo":"","orden":"0","portada":"0","idioma":"spa","booktrailer":"","resenas":"","editorial":[{"ID":1005181,"post_author":"3","post_date":"2025-02-14 12:25:19","post_date_gmt":"2025-02-14 11:25:19","post_content":"","post_title":"Cartem C\u00f3mics","post_excerpt":"","post_status":"publish","comment_status":"closed","ping_status":"closed","post_password":"","post_name":"cartem-comics","to_ping":"","pinged":"","post_modified":"2025-02-14 12:25:19","post_modified_gmt":"2025-02-14 11:25:19","post_content_filtered":"","post_parent":0,"guid":"https:\/\/www.claret.cat\/editorial\/cartem-comics\/","menu_order":0,"post_type":"editorial","post_mime_type":"","comment_count":"0","filter":"raw"}]},"aioseo_notices":[],"_links":{"self":[{"href":"https:\/\/www.claret.cat\/es\/wp-json\/wp\/v2\/product\/1086770","targetHints":{"allow":["GET"]}}],"collection":[{"href":"https:\/\/www.claret.cat\/es\/wp-json\/wp\/v2\/product"}],"about":[{"href":"https:\/\/www.claret.cat\/es\/wp-json\/wp\/v2\/types\/product"}],"wp:featuredmedia":[{"embeddable":true,"href":"https:\/\/www.claret.cat\/es\/wp-json\/wp\/v2\/media\/1086771"}],"wp:attachment":[{"href":"https:\/\/www.claret.cat\/es\/wp-json\/wp\/v2\/media?parent=1086770"}],"wp:term":[{"taxonomy":"product_brand","embeddable":true,"href":"https:\/\/www.claret.cat\/es\/wp-json\/wp\/v2\/product_brand?post=1086770"},{"taxonomy":"product_cat","embeddable":true,"href":"https:\/\/www.claret.cat\/es\/wp-json\/wp\/v2\/product_cat?post=1086770"},{"taxonomy":"product_tag","embeddable":true,"href":"https:\/\/www.claret.cat\/es\/wp-json\/wp\/v2\/product_tag?post=1086770"}],"curies":[{"name":"wp","href":"https:\/\/api.w.org\/{rel}","templated":true}]}}