{"id":1086796,"date":"2026-02-26T17:33:50","date_gmt":"2026-02-26T16:33:50","guid":{"rendered":"https:\/\/www.claret.cat\/llibre\/meditacion-en-la-vacuidad-9788418015373\/"},"modified":"2026-02-26T17:34:13","modified_gmt":"2026-02-26T16:34:13","slug":"meditacion-en-la-vacuidad-9788418015373","status":"publish","type":"product","link":"https:\/\/www.claret.cat\/es\/libro\/meditacion-en-la-vacuidad-9788418015373\/","title":{"rendered":"MEDITACI\u00d3N EN LA VACUIDAD"},"content":{"rendered":"<p>En esta, su mayor obra, Jeffrey Hopkins, uno de los m\u00e1ximos eruditos-practicantes del mundo del Budismo Tibetano, ofrece una clara exposici\u00f3n de la visi\u00f3n Pra\u00afsa?gika-Ma\u00afdhyamika de la vacuidad como es presentada en la tradici\u00f3n Ge-luk-b\u00afa del Budismo Tibetano. Al traer esta filosof\u00eda compleja y a la vez extraordinaria a la vida, describe las pr\u00e1cticas meditativas mediante las cuales podemos realizar la vacuidad mostrando que a trav\u00e9s de ello, lejos de ser algo abstracto, estas ense\u00f1anzas pueden ser algo muy pr\u00e1ctico y v\u00edvido. Presentado en seis partes, este libro es indispensable para aquellos que desean profundizar en el pensamiento budista.<br \/> Meditaci\u00f3n en la Vacuidad es enormemente estimulante e importante. En el momento de su publicaci\u00f3n original en 1983 este libro de Jeffrey Hopkins fue, y claramente a\u00fan es, la obra m\u00e1s importante del pensamiento del Budismo Tibetano en una lengua Occidental. Ha suscitado el estudio el Budismo Ma\u00afdhyamika a un nuevo nivel de sofisticaci\u00f3n.<\/p>\n","protected":false},"excerpt":{"rendered":"<p>HOPKINS, JEFFREY<\/p>\n","protected":false},"featured_media":1086797,"template":"","meta":{"_acf_changed":false,"om_disable_all_campaigns":false,"rs_blank_template":"","rs_page_bg_color":"","slide_template_v7":"","inline_featured_image":false,"_monsterinsights_skip_tracking":false,"_monsterinsights_sitenote_active":false,"_monsterinsights_sitenote_note":"","_monsterinsights_sitenote_category":0},"product_brand":[],"product_cat":[90,540],"product_tag":[],"class_list":{"0":"post-1086796","1":"product","2":"type-product","3":"status-publish","4":"has-post-thumbnail","6":"product_cat-altres","7":"product_cat-otros","9":"first","10":"instock","11":"taxable","12":"shipping-taxable","13":"purchasable","14":"product-type-simple"},"acf":{"autor":"HOPKINS, JEFFREY","codart":"841801537","libros-coleccion":"FILOSOFIAS Y RELIGIONES","ediciones":"1","encuadernacion":"R\u00fastica","fecha_de_publicacion":"01\/12\/2021","novedad":"1","paginas":"0","subtitulo":"ANTIGUA SABIDUR\u00cdA BIDISTA PARA TIEMPOS ACTUALES","orden":"0","portada":"0","idioma":"spa","booktrailer":"","resenas":"","editorial":[{"ID":148473,"post_author":"3","post_date":"2022-10-14 11:58:31","post_date_gmt":"2022-10-14 09:58:31","post_content":"","post_title":"Luci\u00e9rnaga CAS","post_excerpt":"","post_status":"publish","comment_status":"closed","ping_status":"closed","post_password":"","post_name":"luciernaga-cas","to_ping":"","pinged":"","post_modified":"2022-10-14 11:58:31","post_modified_gmt":"2022-10-14 09:58:31","post_content_filtered":"","post_parent":0,"guid":"http:\/\/dev.claret.cat\/editorial\/luciernaga-cas\/","menu_order":0,"post_type":"editorial","post_mime_type":"","comment_count":"0","filter":"raw"}],"autores-libros":[{"ID":1086795,"post_author":"3","post_date":"2026-02-26 17:33:44","post_date_gmt":"2026-02-26 16:33:44","post_content":"","post_title":"JEFFREY HOPKINS","post_excerpt":"","post_status":"publish","comment_status":"closed","ping_status":"closed","post_password":"","post_name":"jeffrey-hopkins","to_ping":"","pinged":"","post_modified":"2026-02-26 17:33:44","post_modified_gmt":"2026-02-26 16:33:44","post_content_filtered":"","post_parent":0,"guid":"https:\/\/www.claret.cat\/autor\/jeffrey-hopkins\/","menu_order":0,"post_type":"autor","post_mime_type":"","comment_count":"0","filter":"raw"}]},"aioseo_notices":[],"_links":{"self":[{"href":"https:\/\/www.claret.cat\/es\/wp-json\/wp\/v2\/product\/1086796","targetHints":{"allow":["GET"]}}],"collection":[{"href":"https:\/\/www.claret.cat\/es\/wp-json\/wp\/v2\/product"}],"about":[{"href":"https:\/\/www.claret.cat\/es\/wp-json\/wp\/v2\/types\/product"}],"wp:featuredmedia":[{"embeddable":true,"href":"https:\/\/www.claret.cat\/es\/wp-json\/wp\/v2\/media\/1086797"}],"wp:attachment":[{"href":"https:\/\/www.claret.cat\/es\/wp-json\/wp\/v2\/media?parent=1086796"}],"wp:term":[{"taxonomy":"product_brand","embeddable":true,"href":"https:\/\/www.claret.cat\/es\/wp-json\/wp\/v2\/product_brand?post=1086796"},{"taxonomy":"product_cat","embeddable":true,"href":"https:\/\/www.claret.cat\/es\/wp-json\/wp\/v2\/product_cat?post=1086796"},{"taxonomy":"product_tag","embeddable":true,"href":"https:\/\/www.claret.cat\/es\/wp-json\/wp\/v2\/product_tag?post=1086796"}],"curies":[{"name":"wp","href":"https:\/\/api.w.org\/{rel}","templated":true}]}}