{"id":1086805,"date":"2026-02-26T17:45:49","date_gmt":"2026-02-26T16:45:49","guid":{"rendered":"https:\/\/www.claret.cat\/llibre\/visiones-esenias-9788417230487\/"},"modified":"2026-02-26T17:46:11","modified_gmt":"2026-02-26T16:46:11","slug":"visiones-esenias-9788417230487","status":"publish","type":"product","link":"https:\/\/www.claret.cat\/es\/libro\/visiones-esenias-9788417230487\/","title":{"rendered":"VISIONES ESENIAS"},"content":{"rendered":"<p>En esta obra volvemos a encontrarnos con un Daniel Meurois m\u00edstico y escritor, que completa su excepcional testimonio con una nueva inmersi\u00f3n en los anales ak\u00e1sicos, el Libro del Tiempo.<br \/>En Visiones esenias volveremos a descubrir a Mar\u00eda Magdalena, Mar\u00eda, Marta y otras tantas figuras cuya presencia a\u00fan permanece en nuestra memoria, y que anuncian de forma anticipada la aparici\u00f3n de lo que actualmente se llama \u00ablo femenino sagrado\u00bb.<\/p>\n","protected":false},"excerpt":{"rendered":"<p>MEUROIS , DANIEL<\/p>\n","protected":false},"featured_media":1086807,"template":"","meta":{"_acf_changed":false,"om_disable_all_campaigns":false,"rs_blank_template":"","rs_page_bg_color":"","slide_template_v7":"","inline_featured_image":false,"_monsterinsights_skip_tracking":false,"_monsterinsights_sitenote_active":false,"_monsterinsights_sitenote_note":"","_monsterinsights_sitenote_category":0},"product_brand":[],"product_cat":[346,80],"product_tag":[],"class_list":{"0":"post-1086805","1":"product","2":"type-product","3":"status-publish","4":"has-post-thumbnail","6":"product_cat-libros-liturgia","7":"product_cat-liturgia","9":"first","10":"instock","11":"taxable","12":"shipping-taxable","13":"purchasable","14":"product-type-simple"},"acf":{"autor":"MEUROIS , DANIEL","codart":"841723048","libros-coleccion":"ISTHAR LUNA SOL","ediciones":"1","encuadernacion":"R\u00fastica","fecha_de_publicacion":"01\/05\/2019","novedad":"1","paginas":"201","subtitulo":"","orden":"0","portada":"0","idioma":"spa","booktrailer":"","resenas":"","editorial":[{"ID":147354,"post_author":"3","post_date":"2022-10-14 11:49:55","post_date_gmt":"2022-10-14 09:49:55","post_content":"","post_title":"(161).ISTHAR LUNA-SOL","post_excerpt":"","post_status":"publish","comment_status":"closed","ping_status":"closed","post_password":"","post_name":"161-isthar-luna-sol","to_ping":"","pinged":"","post_modified":"2022-10-14 11:49:55","post_modified_gmt":"2022-10-14 09:49:55","post_content_filtered":"","post_parent":0,"guid":"http:\/\/dev.claret.cat\/editorial\/161-isthar-luna-sol\/","menu_order":0,"post_type":"editorial","post_mime_type":"","comment_count":"0","filter":"raw"}],"autores-libros":[{"ID":153614,"post_author":"3","post_date":"2022-10-14 14:58:09","post_date_gmt":"2022-10-14 12:58:09","post_content":"","post_title":"DANIEL MEUROIS","post_excerpt":"","post_status":"publish","comment_status":"closed","ping_status":"closed","post_password":"","post_name":"daniel-meurois","to_ping":"","pinged":"","post_modified":"2022-10-14 14:58:09","post_modified_gmt":"2022-10-14 12:58:09","post_content_filtered":"","post_parent":0,"guid":"http:\/\/dev.claret.cat\/autor\/daniel-meurois\/","menu_order":0,"post_type":"autor","post_mime_type":"","comment_count":"0","filter":"raw"}]},"aioseo_notices":[],"_links":{"self":[{"href":"https:\/\/www.claret.cat\/es\/wp-json\/wp\/v2\/product\/1086805","targetHints":{"allow":["GET"]}}],"collection":[{"href":"https:\/\/www.claret.cat\/es\/wp-json\/wp\/v2\/product"}],"about":[{"href":"https:\/\/www.claret.cat\/es\/wp-json\/wp\/v2\/types\/product"}],"wp:featuredmedia":[{"embeddable":true,"href":"https:\/\/www.claret.cat\/es\/wp-json\/wp\/v2\/media\/1086807"}],"wp:attachment":[{"href":"https:\/\/www.claret.cat\/es\/wp-json\/wp\/v2\/media?parent=1086805"}],"wp:term":[{"taxonomy":"product_brand","embeddable":true,"href":"https:\/\/www.claret.cat\/es\/wp-json\/wp\/v2\/product_brand?post=1086805"},{"taxonomy":"product_cat","embeddable":true,"href":"https:\/\/www.claret.cat\/es\/wp-json\/wp\/v2\/product_cat?post=1086805"},{"taxonomy":"product_tag","embeddable":true,"href":"https:\/\/www.claret.cat\/es\/wp-json\/wp\/v2\/product_tag?post=1086805"}],"curies":[{"name":"wp","href":"https:\/\/api.w.org\/{rel}","templated":true}]}}