{"id":108681,"date":"2022-10-12T09:49:26","date_gmt":"2022-10-12T07:49:26","guid":{"rendered":"http:\/\/dev.claret.cat\/producte\/proyecto-kumi-4-eso-un-san-valentin-diferente\/"},"modified":"2023-01-28T18:17:56","modified_gmt":"2023-01-28T17:17:56","slug":"proyecto-kumi-4-eso-un-san-valentin-diferente-9788414028551","status":"publish","type":"product","link":"https:\/\/www.claret.cat\/es\/libro\/proyecto-kumi-4-eso-un-san-valentin-diferente-9788414028551\/","title":{"rendered":"PROYECTO KUMI 4 ESO : UN SAN VALENT\u00cdN DIFERENTE"},"content":{"rendered":"","protected":false},"excerpt":{"rendered":"<p>PELLICER IBORRA, CARMEN \/ VARELA D\u00c1VILA, MART\u00cdN \/ L\u00d3PEZ OLIV\u00c1N, ROSA<\/p>\n","protected":false},"featured_media":276467,"template":"","meta":{"_acf_changed":false,"om_disable_all_campaigns":false,"rs_blank_template":"","rs_page_bg_color":"","slide_template_v7":"","inline_featured_image":false,"_monsterinsights_skip_tracking":false,"_monsterinsights_sitenote_active":false,"_monsterinsights_sitenote_note":"","_monsterinsights_sitenote_category":0},"product_brand":[],"product_cat":[90,540],"product_tag":[],"class_list":{"0":"post-108681","1":"product","2":"type-product","3":"status-publish","4":"has-post-thumbnail","6":"product_cat-altres","7":"product_cat-otros","9":"first","10":"instock","11":"taxable","12":"shipping-taxable","13":"purchasable","14":"product-type-simple"},"acf":{"editorial":[{"ID":6229,"post_author":"3","post_date":"2022-07-28 17:47:40","post_date_gmt":"2022-07-28 15:47:40","post_content":"","post_title":"Editorial Luis Vives (Edelvives)","post_excerpt":"","post_status":"publish","comment_status":"closed","ping_status":"closed","post_password":"","post_name":"editorial-luis-vives-edelvives","to_ping":"","pinged":"","post_modified":"2022-07-28 17:47:40","post_modified_gmt":"2022-07-28 15:47:40","post_content_filtered":"","post_parent":0,"guid":"http:\/\/dev.claret.cat\/editorial\/editorial-luis-vives-edelvives\/","menu_order":0,"post_type":"editorial","post_mime_type":"","comment_count":"0","filter":"raw"}],"autores-libros":[{"ID":164320,"post_author":"3","post_date":"2022-10-14 17:46:08","post_date_gmt":"2022-10-14 15:46:08","post_content":"","post_title":"MART\u00cdN VARELA D\u00c1VILA","post_excerpt":"","post_status":"publish","comment_status":"closed","ping_status":"closed","post_password":"","post_name":"martin-varela-davila","to_ping":"","pinged":"","post_modified":"2022-10-14 17:46:08","post_modified_gmt":"2022-10-14 15:46:08","post_content_filtered":"","post_parent":0,"guid":"http:\/\/dev.claret.cat\/autor\/martin-varela-davila\/","menu_order":0,"post_type":"autor","post_mime_type":"","comment_count":"0","filter":"raw"},{"ID":168492,"post_author":"3","post_date":"2022-10-14 22:19:33","post_date_gmt":"2022-10-14 20:19:33","post_content":"","post_title":"ROSA L\u00d3PEZ OLIV\u00c1N","post_excerpt":"","post_status":"publish","comment_status":"closed","ping_status":"closed","post_password":"","post_name":"rosa-lopez-olivan","to_ping":"","pinged":"","post_modified":"2022-10-14 22:19:33","post_modified_gmt":"2022-10-14 20:19:33","post_content_filtered":"","post_parent":0,"guid":"http:\/\/dev.claret.cat\/autor\/rosa-lopez-olivan\/","menu_order":0,"post_type":"autor","post_mime_type":"","comment_count":"0","filter":"raw"},{"ID":152437,"post_author":"3","post_date":"2022-10-14 14:48:45","post_date_gmt":"2022-10-14 12:48:45","post_content":"","post_title":"CARMEN PELLICER IBORRA","post_excerpt":"","post_status":"publish","comment_status":"closed","ping_status":"closed","post_password":"","post_name":"carmen-pellicer-iborra","to_ping":"","pinged":"","post_modified":"2022-10-14 14:48:45","post_modified_gmt":"2022-10-14 12:48:45","post_content_filtered":"","post_parent":0,"guid":"http:\/\/dev.claret.cat\/autor\/carmen-pellicer-iborra\/","menu_order":0,"post_type":"autor","post_mime_type":"","comment_count":"0","filter":"raw"}],"autor":"PELLICER IBORRA, CARMEN \/ VARELA D\u00c1VILA, MART\u00cdN \/ L\u00d3PEZ OLIV\u00c1N, ROSA","codart":"841402855","libros-coleccion":"","ediciones":"1","encuadernacion":"R\u00fastica","fecha_de_publicacion":"01\/05\/2020","novedad":"1","paginas":"32","subtitulo":"","orden":"0","portada":"0","idioma":"spa"},"aioseo_notices":[],"_links":{"self":[{"href":"https:\/\/www.claret.cat\/es\/wp-json\/wp\/v2\/product\/108681","targetHints":{"allow":["GET"]}}],"collection":[{"href":"https:\/\/www.claret.cat\/es\/wp-json\/wp\/v2\/product"}],"about":[{"href":"https:\/\/www.claret.cat\/es\/wp-json\/wp\/v2\/types\/product"}],"wp:featuredmedia":[{"embeddable":true,"href":"https:\/\/www.claret.cat\/es\/wp-json\/wp\/v2\/media\/276467"}],"wp:attachment":[{"href":"https:\/\/www.claret.cat\/es\/wp-json\/wp\/v2\/media?parent=108681"}],"wp:term":[{"taxonomy":"product_brand","embeddable":true,"href":"https:\/\/www.claret.cat\/es\/wp-json\/wp\/v2\/product_brand?post=108681"},{"taxonomy":"product_cat","embeddable":true,"href":"https:\/\/www.claret.cat\/es\/wp-json\/wp\/v2\/product_cat?post=108681"},{"taxonomy":"product_tag","embeddable":true,"href":"https:\/\/www.claret.cat\/es\/wp-json\/wp\/v2\/product_tag?post=108681"}],"curies":[{"name":"wp","href":"https:\/\/api.w.org\/{rel}","templated":true}]}}