{"id":1086856,"date":"2026-02-27T11:20:03","date_gmt":"2026-02-27T10:20:03","guid":{"rendered":"https:\/\/www.claret.cat\/llibre\/sopas-ensaladas-sandwiches-9788419509529\/"},"modified":"2026-03-17T12:37:57","modified_gmt":"2026-03-17T11:37:57","slug":"sopas-ensaladas-sandwiches-9788419509529","status":"publish","type":"product","link":"https:\/\/www.claret.cat\/es\/libro\/sopas-ensaladas-sandwiches-9788419509529\/","title":{"rendered":"SOPAS, ENSALADAS, S\u00c1NDWICHES"},"content":{"rendered":"<p>El aclamado chef, autor bestseller de The New York Times, productor ejecutivo y actor de The Bear redefine la ic\u00f3nica trinidad de la cocina: sopas, ensaladas y s\u00e1ndwiches<\/p>\n<p> Lo m\u00e1s probable es que hayas tomado una sopa, una ensalada o un s\u00e1ndwich en la \u00faltima semana. Este tr\u00edo forma parte de muchas de nuestras comidas, pero rara vez se le presta la atenci\u00f3n que merece. Por eso, Matty Matheson ha creado m\u00e1s de 120 recetas sencillas y divertidas que redefinen estos b\u00e1sicos de la cocina casera.<\/p>\n<p> Matty Matheson, conocido por sus sabores atrevidos e innovadores, ha creado un libro de cocina que revolucionar\u00e1 tu forma de pensar sobre estos b\u00e1sicos de la cocina. Este libro es para todos y ofrece las versiones exclusivas de Matty de los cl\u00e1sicos, preparadas con el m\u00ednimo esfuerzo para un sabor m\u00e1ximo.<\/p>\n<p> Repleto de historias personales, 126 deliciosas recetas y v\u00edvidas fotograf\u00edas de un d\u00eda en la vida de Matty y su familia, Sopas, ensaladas, s\u00e1ndwiches te har\u00e1 preparar sin miedo tus propias combinaciones en la cocina.<\/p>\n","protected":false},"excerpt":{"rendered":"<p>MATTY MATHESON<\/p>\n","protected":false},"featured_media":1087216,"template":"","meta":{"_acf_changed":false,"om_disable_all_campaigns":false,"rs_blank_template":"","rs_page_bg_color":"","slide_template_v7":"","inline_featured_image":false,"_monsterinsights_skip_tracking":false,"_monsterinsights_sitenote_active":false,"_monsterinsights_sitenote_note":"","_monsterinsights_sitenote_category":0},"product_brand":[],"product_cat":[553,103],"product_tag":[],"class_list":{"0":"post-1086856","1":"product","2":"type-product","3":"status-publish","4":"has-post-thumbnail","6":"product_cat-cocina","7":"product_cat-cuina","9":"first","10":"instock","11":"taxable","12":"shipping-taxable","13":"purchasable","14":"product-type-simple"},"acf":{"autor":"MATTY MATHESON","codart":"841950952","libros-coleccion":"","ediciones":"1","encuadernacion":"Carton\u00e9","fecha_de_publicacion":"01\/02\/2026","novedad":"1","paginas":"350","subtitulo":"","orden":"0","portada":"0","idioma":"spa","booktrailer":"","resenas":"","editorial":[{"ID":148568,"post_author":"3","post_date":"2022-10-14 11:59:15","post_date_gmt":"2022-10-14 09:59:15","post_content":"","post_title":"NEO PERSON","post_excerpt":"","post_status":"publish","comment_status":"closed","ping_status":"closed","post_password":"","post_name":"neo-person","to_ping":"","pinged":"","post_modified":"2022-10-14 11:59:15","post_modified_gmt":"2022-10-14 09:59:15","post_content_filtered":"","post_parent":0,"guid":"http:\/\/dev.claret.cat\/editorial\/neo-person\/","menu_order":0,"post_type":"editorial","post_mime_type":"","comment_count":"0","filter":"raw"}]},"aioseo_notices":[],"_links":{"self":[{"href":"https:\/\/www.claret.cat\/es\/wp-json\/wp\/v2\/product\/1086856","targetHints":{"allow":["GET"]}}],"collection":[{"href":"https:\/\/www.claret.cat\/es\/wp-json\/wp\/v2\/product"}],"about":[{"href":"https:\/\/www.claret.cat\/es\/wp-json\/wp\/v2\/types\/product"}],"wp:featuredmedia":[{"embeddable":true,"href":"https:\/\/www.claret.cat\/es\/wp-json\/wp\/v2\/media\/1087216"}],"wp:attachment":[{"href":"https:\/\/www.claret.cat\/es\/wp-json\/wp\/v2\/media?parent=1086856"}],"wp:term":[{"taxonomy":"product_brand","embeddable":true,"href":"https:\/\/www.claret.cat\/es\/wp-json\/wp\/v2\/product_brand?post=1086856"},{"taxonomy":"product_cat","embeddable":true,"href":"https:\/\/www.claret.cat\/es\/wp-json\/wp\/v2\/product_cat?post=1086856"},{"taxonomy":"product_tag","embeddable":true,"href":"https:\/\/www.claret.cat\/es\/wp-json\/wp\/v2\/product_tag?post=1086856"}],"curies":[{"name":"wp","href":"https:\/\/api.w.org\/{rel}","templated":true}]}}