{"id":1086859,"date":"2026-02-27T11:35:02","date_gmt":"2026-02-27T10:35:02","guid":{"rendered":"https:\/\/www.claret.cat\/llibre\/sento-9788410220485\/"},"modified":"2026-03-30T13:50:22","modified_gmt":"2026-03-30T11:50:22","slug":"sento-9788410220485","status":"publish","type":"product","link":"https:\/\/www.claret.cat\/es\/libro\/sento-9788410220485\/","title":{"rendered":"SENTO"},"content":{"rendered":"<p>\u00abSento neix d\u2019un desig molt important per a mi: que la societat pugui entendre millor la manera de pensar i de sentir de les persones que, com jo, tenim s\u00edndrome de Down. No m\u2019agrada que la gent parli de nosaltres sense con\u00e8ixer-nos de veritat. Busco que hi hagi m\u00e9s empatia, m\u00e9s comprensi\u00f3 i m\u00e9s respecte per tots nosaltres. Tamb\u00e9 \u00e9s essencial que la societat vegi les nostres capacitats reals. M\u2019agradaria que es fixessin m\u00e9s en el que s\u00ed que faig b\u00e9 i en tot el que vaig aprenent dia a dia.\u00bb<\/p>\n<p> Amb aquesta declaraci\u00f3 d\u2019intencions, Quim Vilamaj\u00f3 Piqu\u00e9 ens obre les portes a la vida amb un cromosoma de m\u00e9s, amb la voluntat d\u2019explicar-la tal com la viu, quina \u00e9s la seva mirada, quins s\u00f3n els seus pensaments, reptes i desitjos. Ell posa en evid\u00e8ncia la realitat del col\u00b7lectiu amb s\u00edndrome de Down, a voltes menystingut, que reivindica portar una vida adulta plena i independent, m\u00e9s enll\u00e0 dels estereotips, i que siguin valorats pel que fan i pel que s\u00f3n, i per la capacitat real d\u2019aportar al m\u00f3n. Nom\u00e9s aix\u00ed es podr\u00e0 construir una societat m\u00e9s justa, oberta i humana.<\/p>\n","protected":false},"excerpt":{"rendered":"<p>QUIM VILAMAJ\u00d3 PIQU\u00c9<\/p>\n","protected":false},"featured_media":1086860,"template":"","meta":{"_acf_changed":false,"om_disable_all_campaigns":false,"rs_blank_template":"","rs_page_bg_color":"","slide_template_v7":"","inline_featured_image":false,"_monsterinsights_skip_tracking":false,"_monsterinsights_sitenote_active":false,"_monsterinsights_sitenote_note":"","_monsterinsights_sitenote_category":0},"product_brand":[],"product_cat":[549,99],"product_tag":[],"class_list":{"0":"post-1086859","1":"product","2":"type-product","3":"status-publish","4":"has-post-thumbnail","6":"product_cat-biografias","7":"product_cat-biografies","9":"first","10":"instock","11":"taxable","12":"shipping-taxable","13":"purchasable","14":"product-type-simple"},"acf":{"autor":"QUIM VILAMAJ\u00d3 PIQU\u00c9","codart":"841022048","libros-coleccion":"","ediciones":"1","encuadernacion":"R\u00fastica","fecha_de_publicacion":"01\/03\/2026","novedad":"1","paginas":"100","subtitulo":"LA VIDA AMB UN CROMOSOMA DE M\u00c9S","orden":"0","portada":"0","idioma":"cat","booktrailer":"","resenas":"","editorial":[{"ID":147978,"post_author":"3","post_date":"2022-10-14 11:54:41","post_date_gmt":"2022-10-14 09:54:41","post_content":"","post_title":"EDITORIAL FONOLL","post_excerpt":"","post_status":"publish","comment_status":"closed","ping_status":"closed","post_password":"","post_name":"editorial-fonoll","to_ping":"","pinged":"","post_modified":"2022-10-14 11:54:41","post_modified_gmt":"2022-10-14 09:54:41","post_content_filtered":"","post_parent":0,"guid":"http:\/\/dev.claret.cat\/editorial\/editorial-fonoll\/","menu_order":0,"post_type":"editorial","post_mime_type":"","comment_count":"0","filter":"raw"}]},"aioseo_notices":[],"_links":{"self":[{"href":"https:\/\/www.claret.cat\/es\/wp-json\/wp\/v2\/product\/1086859","targetHints":{"allow":["GET"]}}],"collection":[{"href":"https:\/\/www.claret.cat\/es\/wp-json\/wp\/v2\/product"}],"about":[{"href":"https:\/\/www.claret.cat\/es\/wp-json\/wp\/v2\/types\/product"}],"wp:featuredmedia":[{"embeddable":true,"href":"https:\/\/www.claret.cat\/es\/wp-json\/wp\/v2\/media\/1086860"}],"wp:attachment":[{"href":"https:\/\/www.claret.cat\/es\/wp-json\/wp\/v2\/media?parent=1086859"}],"wp:term":[{"taxonomy":"product_brand","embeddable":true,"href":"https:\/\/www.claret.cat\/es\/wp-json\/wp\/v2\/product_brand?post=1086859"},{"taxonomy":"product_cat","embeddable":true,"href":"https:\/\/www.claret.cat\/es\/wp-json\/wp\/v2\/product_cat?post=1086859"},{"taxonomy":"product_tag","embeddable":true,"href":"https:\/\/www.claret.cat\/es\/wp-json\/wp\/v2\/product_tag?post=1086859"}],"curies":[{"name":"wp","href":"https:\/\/api.w.org\/{rel}","templated":true}]}}