{"id":1086862,"date":"2026-02-27T11:55:02","date_gmt":"2026-02-27T10:55:02","guid":{"rendered":"https:\/\/www.claret.cat\/llibre\/el-llop-que-salvava-els-animals-9791039576925\/"},"modified":"2026-03-11T16:10:58","modified_gmt":"2026-03-11T15:10:58","slug":"el-llop-que-salvava-els-animals-9791039576925","status":"publish","type":"product","link":"https:\/\/www.claret.cat\/es\/libro\/el-llop-que-salvava-els-animals-9791039576925\/","title":{"rendered":"EL LLOP QUE SALVAVA ELS ANIMALS"},"content":{"rendered":"<p>El Llop parteix a la recerca d\u2019un anyellet perdut en un bosc fosc. <br \/> I, pel cam\u00ed, ajudar\u00e0 un lle\u00f3 atrapat en una xarxa, una granota que va volar i va quedar atrapada en un arbre despr\u00e9s d\u2019inflar-se per assemblar-se a un bou, i un corb que va perdre el seu formatge&#8230;<br \/>\u00c9s possible que el Llop sigui al m\u00f3n de les faules? I l\u2019anyellet que busca \u00e9s tan assenyat com sembla? S\u00f3n realment dolents aquells que pensem?<\/p>\n","protected":false},"excerpt":{"rendered":"<p>ORIANNE LALLEMAND<\/p>\n","protected":false},"featured_media":1087022,"template":"","meta":{"_acf_changed":false,"om_disable_all_campaigns":false,"rs_blank_template":"","rs_page_bg_color":"","slide_template_v7":"","inline_featured_image":false,"_monsterinsights_skip_tracking":false,"_monsterinsights_sitenote_active":false,"_monsterinsights_sitenote_note":"","_monsterinsights_sitenote_category":0},"product_brand":[],"product_cat":[131,361],"product_tag":[],"class_list":{"0":"post-1086862","1":"product","2":"type-product","3":"status-publish","4":"has-post-thumbnail","6":"product_cat-contes-per-infants-0-6-anys","7":"product_cat-cuentos-para-ninos-0-6-anos","9":"first","10":"instock","11":"taxable","12":"shipping-taxable","13":"purchasable","14":"product-type-simple"},"acf":{"autor":"ORIANNE LALLEMAND","codart":"103957692","libros-coleccion":"","ediciones":"1","encuadernacion":"R\u00fastica","fecha_de_publicacion":"01\/11\/2025","novedad":"1","paginas":"32","subtitulo":"","orden":"0","portada":"0","idioma":"cat","booktrailer":"","resenas":"","editorial":[{"ID":1056500,"post_author":"3","post_date":"2025-10-01 13:20:59","post_date_gmt":"2025-10-01 11:20:59","post_content":"","post_title":"Planeta-De Agostini","post_excerpt":"","post_status":"publish","comment_status":"closed","ping_status":"closed","post_password":"","post_name":"planeta-de-agostini","to_ping":"","pinged":"","post_modified":"2025-10-01 13:20:59","post_modified_gmt":"2025-10-01 11:20:59","post_content_filtered":"","post_parent":0,"guid":"https:\/\/www.claret.cat\/editorial\/planeta-de-agostini\/","menu_order":0,"post_type":"editorial","post_mime_type":"","comment_count":"0","filter":"raw"}]},"aioseo_notices":[],"_links":{"self":[{"href":"https:\/\/www.claret.cat\/es\/wp-json\/wp\/v2\/product\/1086862","targetHints":{"allow":["GET"]}}],"collection":[{"href":"https:\/\/www.claret.cat\/es\/wp-json\/wp\/v2\/product"}],"about":[{"href":"https:\/\/www.claret.cat\/es\/wp-json\/wp\/v2\/types\/product"}],"wp:featuredmedia":[{"embeddable":true,"href":"https:\/\/www.claret.cat\/es\/wp-json\/wp\/v2\/media\/1087022"}],"wp:attachment":[{"href":"https:\/\/www.claret.cat\/es\/wp-json\/wp\/v2\/media?parent=1086862"}],"wp:term":[{"taxonomy":"product_brand","embeddable":true,"href":"https:\/\/www.claret.cat\/es\/wp-json\/wp\/v2\/product_brand?post=1086862"},{"taxonomy":"product_cat","embeddable":true,"href":"https:\/\/www.claret.cat\/es\/wp-json\/wp\/v2\/product_cat?post=1086862"},{"taxonomy":"product_tag","embeddable":true,"href":"https:\/\/www.claret.cat\/es\/wp-json\/wp\/v2\/product_tag?post=1086862"}],"curies":[{"name":"wp","href":"https:\/\/api.w.org\/{rel}","templated":true}]}}