{"id":1086871,"date":"2026-02-27T11:55:47","date_gmt":"2026-02-27T10:55:47","guid":{"rendered":"https:\/\/www.claret.cat\/llibre\/el-lobo-que-salvaba-a-los-animales-9791039576918\/"},"modified":"2026-02-28T11:15:42","modified_gmt":"2026-02-28T10:15:42","slug":"el-lobo-que-salvaba-a-los-animales-9791039576918","status":"publish","type":"product","link":"https:\/\/www.claret.cat\/es\/libro\/el-lobo-que-salvaba-a-los-animales-9791039576918\/","title":{"rendered":"EL LOBO QUE SALVABA A LOS ANIMALES"},"content":{"rendered":"<p>Lobo parte en busca de un corderito perdido en un bosque oscuro. <br \/> Y, en el camino, ayudar\u00e1 a un le\u00f3n atrapado en una red, a una rana que vol\u00f3 y se qued\u00f3 atrapada en un \u00e1rbol despu\u00e9s de inflarse para parecerse a un buey, y a un cuervo que perdi\u00f3 su queso&#8230;<br \/>\u00bfEstar\u00e1 Lobo en el mundo de las f\u00e1bulas? \u00bfY el corderito que busca es tan sabio como parece? \u00bfSon los malos realmente quienes pensamos?<\/p>\n","protected":false},"excerpt":{"rendered":"<p>ORIANNE LALLEMAND<\/p>\n","protected":false},"featured_media":1087016,"template":"","meta":{"_acf_changed":false,"om_disable_all_campaigns":false,"rs_blank_template":"","rs_page_bg_color":"","slide_template_v7":"","inline_featured_image":false,"_monsterinsights_skip_tracking":false,"_monsterinsights_sitenote_active":false,"_monsterinsights_sitenote_note":"","_monsterinsights_sitenote_category":0},"product_brand":[],"product_cat":[131,361],"product_tag":[],"class_list":{"0":"post-1086871","1":"product","2":"type-product","3":"status-publish","4":"has-post-thumbnail","6":"product_cat-contes-per-infants-0-6-anys","7":"product_cat-cuentos-para-ninos-0-6-anos","9":"first","10":"instock","11":"taxable","12":"shipping-taxable","13":"purchasable","14":"product-type-simple"},"acf":{"autor":"ORIANNE LALLEMAND","codart":"103957691","libros-coleccion":"","ediciones":"1","encuadernacion":"R\u00fastica","fecha_de_publicacion":"01\/11\/2025","novedad":"1","paginas":"32","subtitulo":"","orden":"0","portada":"0","idioma":"spa","booktrailer":"","resenas":"","editorial":[{"ID":147502,"post_author":"3","post_date":"2022-10-14 11:51:04","post_date_gmt":"2022-10-14 09:51:04","post_content":"","post_title":"Auzou","post_excerpt":"","post_status":"publish","comment_status":"closed","ping_status":"closed","post_password":"","post_name":"auzou","to_ping":"","pinged":"","post_modified":"2022-10-14 11:51:04","post_modified_gmt":"2022-10-14 09:51:04","post_content_filtered":"","post_parent":0,"guid":"http:\/\/dev.claret.cat\/editorial\/auzou\/","menu_order":0,"post_type":"editorial","post_mime_type":"","comment_count":"0","filter":"raw"}]},"aioseo_notices":[],"_links":{"self":[{"href":"https:\/\/www.claret.cat\/es\/wp-json\/wp\/v2\/product\/1086871","targetHints":{"allow":["GET"]}}],"collection":[{"href":"https:\/\/www.claret.cat\/es\/wp-json\/wp\/v2\/product"}],"about":[{"href":"https:\/\/www.claret.cat\/es\/wp-json\/wp\/v2\/types\/product"}],"wp:featuredmedia":[{"embeddable":true,"href":"https:\/\/www.claret.cat\/es\/wp-json\/wp\/v2\/media\/1087016"}],"wp:attachment":[{"href":"https:\/\/www.claret.cat\/es\/wp-json\/wp\/v2\/media?parent=1086871"}],"wp:term":[{"taxonomy":"product_brand","embeddable":true,"href":"https:\/\/www.claret.cat\/es\/wp-json\/wp\/v2\/product_brand?post=1086871"},{"taxonomy":"product_cat","embeddable":true,"href":"https:\/\/www.claret.cat\/es\/wp-json\/wp\/v2\/product_cat?post=1086871"},{"taxonomy":"product_tag","embeddable":true,"href":"https:\/\/www.claret.cat\/es\/wp-json\/wp\/v2\/product_tag?post=1086871"}],"curies":[{"name":"wp","href":"https:\/\/api.w.org\/{rel}","templated":true}]}}