{"id":1086874,"date":"2026-02-27T12:01:11","date_gmt":"2026-02-27T11:01:11","guid":{"rendered":"https:\/\/www.claret.cat\/llibre\/una-iglesia-con-proposito-9780829716832\/"},"modified":"2026-03-02T11:51:00","modified_gmt":"2026-03-02T10:51:00","slug":"una-iglesia-con-proposito-9780829716832","status":"publish","type":"product","link":"https:\/\/www.claret.cat\/es\/libro\/una-iglesia-con-proposito-9780829716832\/","title":{"rendered":"UNA IGLESIA CON PROP\u00d3SITO"},"content":{"rendered":"<p>En este libro usted conocer\u00e1 el secreto que impulsa a la iglesia de m\u00e1s r\u00e1pido crecimiento en la historia de los Estados Unidos.<\/p>\n","protected":false},"excerpt":{"rendered":"<p>RICK WARREN<\/p>\n","protected":false},"featured_media":1087059,"template":"","meta":{"_acf_changed":false,"om_disable_all_campaigns":false,"rs_blank_template":"","rs_page_bg_color":"","slide_template_v7":"","inline_featured_image":false,"_monsterinsights_skip_tracking":false,"_monsterinsights_sitenote_active":false,"_monsterinsights_sitenote_note":"","_monsterinsights_sitenote_category":0},"product_brand":[],"product_cat":[271,409],"product_tag":[],"class_list":{"0":"post-1086874","1":"product","2":"type-product","3":"status-publish","4":"has-post-thumbnail","6":"product_cat-en-general","7":"product_cat-en-general-pastoral-1_espiritualidad","9":"first","10":"instock","11":"taxable","12":"shipping-taxable","13":"purchasable","14":"product-type-simple"},"acf":{"autor":"RICK WARREN","codart":"082971683","libros-coleccion":"","ediciones":"1","encuadernacion":"Carpeta","fecha_de_publicacion":"01\/02\/1999","novedad":"1","paginas":"416","subtitulo":"","orden":"0","portada":"0","idioma":"spa","booktrailer":"","resenas":"","editorial":[{"ID":1035700,"post_author":"3","post_date":"2025-06-23 16:30:36","post_date_gmt":"2025-06-23 14:30:36","post_content":"","post_title":"VIDA","post_excerpt":"","post_status":"publish","comment_status":"closed","ping_status":"closed","post_password":"","post_name":"vida","to_ping":"","pinged":"","post_modified":"2025-06-23 16:30:36","post_modified_gmt":"2025-06-23 14:30:36","post_content_filtered":"","post_parent":0,"guid":"https:\/\/www.claret.cat\/editorial\/vida\/","menu_order":0,"post_type":"editorial","post_mime_type":"","comment_count":"0","filter":"raw"}]},"aioseo_notices":[],"_links":{"self":[{"href":"https:\/\/www.claret.cat\/es\/wp-json\/wp\/v2\/product\/1086874","targetHints":{"allow":["GET"]}}],"collection":[{"href":"https:\/\/www.claret.cat\/es\/wp-json\/wp\/v2\/product"}],"about":[{"href":"https:\/\/www.claret.cat\/es\/wp-json\/wp\/v2\/types\/product"}],"wp:featuredmedia":[{"embeddable":true,"href":"https:\/\/www.claret.cat\/es\/wp-json\/wp\/v2\/media\/1087059"}],"wp:attachment":[{"href":"https:\/\/www.claret.cat\/es\/wp-json\/wp\/v2\/media?parent=1086874"}],"wp:term":[{"taxonomy":"product_brand","embeddable":true,"href":"https:\/\/www.claret.cat\/es\/wp-json\/wp\/v2\/product_brand?post=1086874"},{"taxonomy":"product_cat","embeddable":true,"href":"https:\/\/www.claret.cat\/es\/wp-json\/wp\/v2\/product_cat?post=1086874"},{"taxonomy":"product_tag","embeddable":true,"href":"https:\/\/www.claret.cat\/es\/wp-json\/wp\/v2\/product_tag?post=1086874"}],"curies":[{"name":"wp","href":"https:\/\/api.w.org\/{rel}","templated":true}]}}