{"id":1086877,"date":"2026-02-27T12:05:28","date_gmt":"2026-02-27T11:05:28","guid":{"rendered":"https:\/\/www.claret.cat\/llibre\/la-pareja-de-al-lado-9791387512071\/"},"modified":"2026-03-04T13:10:06","modified_gmt":"2026-03-04T12:10:06","slug":"la-pareja-de-al-lado-9791387512071","status":"publish","type":"product","link":"https:\/\/www.claret.cat\/es\/libro\/la-pareja-de-al-lado-9791387512071\/","title":{"rendered":"LA PAREJA DE AL LADO"},"content":{"rendered":"<p>Todo comenz\u00f3 en una cena con los vecinos&#8230; \u00abEl thriller del que todo el mundo habla\u00bb. Stylist Libro del a\u00f1o para WH Smith en Gran Breta\u00f1a.<br \/>En la lista de m\u00e1s vendidos durante semanas de The New York Times.<br \/>N\u00famero 1 en m\u00e1s vendidos en Canad\u00e1.<br \/>En la lista de m\u00e1s vendidos de The Sunday Times.<br \/>Uno de los mejores libros de 2016 para The Globe.<br \/>Finalista de los Premios Goodreads 2016. Tu vecina te dijo que preferir\u00eda que no llevaras a tu beb\u00e9 de seis meses a la cena. No es nada personal, simplemente no soporta sus llantos. Tu marido estaba de acuerdo. Despu\u00e9s de todo, viv\u00eds en la casa de al lado. Pod\u00edais llevaros el monitor infantil y turnaros para pasar a verla cada media hora. Tu hija dorm\u00eda cuando fuiste a comprobar por \u00faltima vez. Sin embargo, en este momento, mientras subes corriendo las escaleras hasta su habitaci\u00f3n envuelta en un absoluto silencio, confirmas que tu peor pesadilla se ha hecho realidad: ha desaparecido. Nunca antes hab\u00edas tenido que llamar a la polic\u00eda. Ahora est\u00e1n en tu casa y qui\u00e9n sabe lo que pueden llegar a descubrir. \u00bfDe qu\u00e9 ser\u00edas capaz cuando has sobrepasado tus l\u00edmites?La cr\u00edtica ha dicho: \u00abAlta tensi\u00f3n que se mantiene hasta la \u00faltima, y asombrosa, p\u00e1gina\u00bb.<br \/>The Times \u00abUn thriller psicol\u00f3gico potente, nada sanguinario, muy visual y atractivo. Unanovela que entusiasmar\u00e1: fresca, din\u00e1mica, bien aparejada, cautivadora desde la primera p\u00e1gina\u00bb.<br \/>El Peri\u00f3dico de Catalunya \u00abUn debut demoledor y lleno de suspense\u00bb.<br \/>Publishers Weekly \u00abPor completo fascinante, totalmente realista y contado con un estilo maravillosamente sencillo y efectivo. No ver\u00e1s venir las sorpresas\u00bb.<br \/>Daily Mail\u00abUn arranque impactante para un thriller ejecutado con maestr\u00eda, lleno de giros y repleto de culpa, drama y enga\u00f1o\u00bb.<br \/>Sunday Mirror \u00abUna lectura que te atrapa con una trama que te har\u00e1 pasar las p\u00e1ginas a toda velocidad para averiguar qu\u00e9 es lo siguiente que va a pasar.\u00bb<br \/>Grazia \u00ab\u00a1\u00bfD\u00f3nde est\u00e1 el beb\u00e9?! Es dif\u00edcil no dejar de leer hasta el final para averiguarlo, y los giros que te aguardan all\u00ed son gratamente inteligentes.\u00bb<br \/>USA Today \u00abUn lujo de thriller que avanza a un ritmo de v\u00e9rtigo.\u00bb<br \/>Good Housekeeping\u00abLleno de suspense&#8230; Los giros se van revelando sutilmente y con gran aplomo, llevando a la historia a niveles cada vez m\u00e1s altos de impredecibilidad.\u00bb<br \/>Associated Press <br \/> Los lectores han dicho:\u00abEl libro perfecto para amantes del suspense y la novela policiaca.\u00bb<br \/>Blog Nadando entre palabras \u00abUn thriller adictivo que har\u00e1 con tu mente y tus teor\u00edas una bola, las enredar\u00e1 y desenredar\u00e1 a su antojo, y no contento con ello, cuando creas saberlo todo, \u00a1pum! Nada era lo que parec\u00eda&#8230; Vais a alucinar.\u00bb<br \/>Blog El primer cap\u00edtulo \u00abAtrapa al lector en una atm\u00f3sfera angustiosa e inquietante y en una lectura fren\u00e9tica&#8230; Una historia que se lee vorazmente, que nos atrapa por su \u00e1gil ritmo y que termina con un sorprendente final.\u00bb<br \/>Blog El templo de la lectura<\/p>\n","protected":false},"excerpt":{"rendered":"<p>SHARI LAPENA<\/p>\n","protected":false},"featured_media":1086878,"template":"","meta":{"_acf_changed":false,"om_disable_all_campaigns":false,"rs_blank_template":"","rs_page_bg_color":"","slide_template_v7":"","inline_featured_image":false,"_monsterinsights_skip_tracking":false,"_monsterinsights_sitenote_active":false,"_monsterinsights_sitenote_note":"","_monsterinsights_sitenote_category":0},"product_brand":[],"product_cat":[127,357],"product_tag":[],"class_list":{"0":"post-1086877","1":"product","2":"type-product","3":"status-publish","4":"has-post-thumbnail","6":"product_cat-novella-contemporania","7":"product_cat-novela-contemporanea","9":"first","10":"instock","11":"taxable","12":"shipping-taxable","13":"purchasable","14":"product-type-simple"},"acf":{"autor":"SHARI LAPENA","codart":"138751207","libros-coleccion":"SUMA","ediciones":"1","encuadernacion":"R\u00fastica","fecha_de_publicacion":"01\/11\/2024","novedad":"1","paginas":"364","subtitulo":"","orden":"0","portada":"0","idioma":"spa","booktrailer":"","resenas":"","editorial":[{"ID":6370,"post_author":"3","post_date":"2022-07-28 17:50:44","post_date_gmt":"2022-07-28 15:50:44","post_content":"","post_title":"SUMA","post_excerpt":"","post_status":"publish","comment_status":"closed","ping_status":"closed","post_password":"","post_name":"suma","to_ping":"","pinged":"","post_modified":"2022-07-28 17:50:44","post_modified_gmt":"2022-07-28 15:50:44","post_content_filtered":"","post_parent":0,"guid":"http:\/\/dev.claret.cat\/editorial\/suma\/","menu_order":0,"post_type":"editorial","post_mime_type":"","comment_count":"0","filter":"raw"}]},"aioseo_notices":[],"_links":{"self":[{"href":"https:\/\/www.claret.cat\/es\/wp-json\/wp\/v2\/product\/1086877","targetHints":{"allow":["GET"]}}],"collection":[{"href":"https:\/\/www.claret.cat\/es\/wp-json\/wp\/v2\/product"}],"about":[{"href":"https:\/\/www.claret.cat\/es\/wp-json\/wp\/v2\/types\/product"}],"wp:featuredmedia":[{"embeddable":true,"href":"https:\/\/www.claret.cat\/es\/wp-json\/wp\/v2\/media\/1086878"}],"wp:attachment":[{"href":"https:\/\/www.claret.cat\/es\/wp-json\/wp\/v2\/media?parent=1086877"}],"wp:term":[{"taxonomy":"product_brand","embeddable":true,"href":"https:\/\/www.claret.cat\/es\/wp-json\/wp\/v2\/product_brand?post=1086877"},{"taxonomy":"product_cat","embeddable":true,"href":"https:\/\/www.claret.cat\/es\/wp-json\/wp\/v2\/product_cat?post=1086877"},{"taxonomy":"product_tag","embeddable":true,"href":"https:\/\/www.claret.cat\/es\/wp-json\/wp\/v2\/product_tag?post=1086877"}],"curies":[{"name":"wp","href":"https:\/\/api.w.org\/{rel}","templated":true}]}}