{"id":1086881,"date":"2026-02-27T12:05:50","date_gmt":"2026-02-27T11:05:50","guid":{"rendered":"https:\/\/www.claret.cat\/llibre\/sin-miedo-a-volar-9788490615676\/"},"modified":"2026-02-27T12:06:02","modified_gmt":"2026-02-27T11:06:02","slug":"sin-miedo-a-volar-9788490615676","status":"publish","type":"product","link":"https:\/\/www.claret.cat\/es\/libro\/sin-miedo-a-volar-9788490615676\/","title":{"rendered":"SIN MIEDO A VOLAR"},"content":{"rendered":"<p>La popular gimnasta Simone Biles nos descubre la historia de sacrificio y superaci\u00f3n que le ha valido el oro ol\u00edmpico gracias al don que Dios le ha concedido.<\/p>\n<p> &#8216;Simone Biles es un claro ejemplo para todos los j\u00f3venes y para toda la sociedad. Nos transmite claramente que si uno se propone conseguir un objetivo lo puedes lograr. No hay obst\u00e1culo insuperable. Gracias, Simone, por este maravilloso libro&#8217;. -Del pr\u00f3logo de LAURA MU\u00d1OZ Gimnasta ol\u00edmpica en Los \u00c1ngeles 1984 y Se\u00fal 1988, fue la primera espa\u00f1ola en conseguir un 10<\/p>\n<p> &#8216;La vida de Simone es una gran historia de \u00e9xito para todas las edades&#8217;. -MARTHA KAROLYl Coordinadora del equipo nacional de gimnasia art\u00edstica de Estados Unidos del 2000 al 2016<\/p>\n<p> &#8216;Sin miedo a volar es realmente una historia extraordinaria sobre una persona y una atleta incre\u00edble&#8230; Todos y cada uno de los cap\u00edtulos son verdaderamente inspiradores&#8217;. -NASTlA LlUKlN, Ganadora de cinco medallas ol\u00edmpicas y conferenciante motivacional<\/p>\n<p> Mi camino a las Olimpiadas de 2016 comenz\u00f3 un d\u00eda de excursi\u00f3n escolar. Quiz\u00e1 creas que lo m\u00e1s asombroso de mi historia es llegar a ser medalla de oro ol\u00edmpica en los Juegos de R\u00edo de Janeiro, partiendo de una infancia dif\u00edcil en un centro de acogida. Pero no es as\u00ed. Lo m\u00e1s milagroso de todo es c\u00f3mo lo consegu\u00ed&#8230; O para ser m\u00e1s preciso, qui\u00e9n me ayud\u00f3 a conseguirlo.<\/p>\n<p> Os voy a contar una historia. Mi historia. Os voy a contar c\u00f3mo mi fe y mi familia consiguieron que mis sue\u00f1os m\u00e1s profundos se hicieran realidad. Y c\u00f3mo cuando persigues un sue\u00f1o puede darte alas para volar.<\/p>\n","protected":false},"excerpt":{"rendered":"<p>BILES, SIMONE<\/p>\n","protected":false},"featured_media":1086882,"template":"","meta":{"_acf_changed":false,"om_disable_all_campaigns":false,"rs_blank_template":"","rs_page_bg_color":"","slide_template_v7":"","inline_featured_image":false,"_monsterinsights_skip_tracking":false,"_monsterinsights_sitenote_active":false,"_monsterinsights_sitenote_note":"","_monsterinsights_sitenote_category":0},"product_brand":[],"product_cat":[549,99],"product_tag":[],"class_list":{"0":"post-1086881","1":"product","2":"type-product","3":"status-publish","4":"has-post-thumbnail","6":"product_cat-biografias","7":"product_cat-biografies","9":"first","10":"instock","11":"taxable","12":"shipping-taxable","13":"purchasable","14":"product-type-simple"},"acf":{"autor":"BILES, SIMONE","codart":"849061567","libros-coleccion":"Astor","ediciones":"1","encuadernacion":"R\u00fastica","fecha_de_publicacion":"01\/05\/2017","novedad":"1","paginas":"248","subtitulo":"EL MOVIMIENTO DE UN CUERPO, EL EQUILIBRIO DE UNA VIDA","orden":"0","portada":"0","idioma":"spa","booktrailer":"","resenas":"","editorial":[{"ID":148621,"post_author":"3","post_date":"2022-10-14 11:59:41","post_date_gmt":"2022-10-14 09:59:41","post_content":"","post_title":"PALABRA","post_excerpt":"","post_status":"publish","comment_status":"closed","ping_status":"closed","post_password":"","post_name":"palabra","to_ping":"","pinged":"","post_modified":"2022-10-14 11:59:41","post_modified_gmt":"2022-10-14 09:59:41","post_content_filtered":"","post_parent":0,"guid":"http:\/\/dev.claret.cat\/editorial\/palabra\/","menu_order":0,"post_type":"editorial","post_mime_type":"","comment_count":"0","filter":"raw"}],"autores-libros":[{"ID":1086880,"post_author":"3","post_date":"2026-02-27 12:05:45","post_date_gmt":"2026-02-27 11:05:45","post_content":"","post_title":"SIMONE BILES","post_excerpt":"","post_status":"publish","comment_status":"closed","ping_status":"closed","post_password":"","post_name":"simone-biles","to_ping":"","pinged":"","post_modified":"2026-02-27 12:05:45","post_modified_gmt":"2026-02-27 11:05:45","post_content_filtered":"","post_parent":0,"guid":"https:\/\/www.claret.cat\/autor\/simone-biles\/","menu_order":0,"post_type":"autor","post_mime_type":"","comment_count":"0","filter":"raw"}]},"aioseo_notices":[],"_links":{"self":[{"href":"https:\/\/www.claret.cat\/es\/wp-json\/wp\/v2\/product\/1086881","targetHints":{"allow":["GET"]}}],"collection":[{"href":"https:\/\/www.claret.cat\/es\/wp-json\/wp\/v2\/product"}],"about":[{"href":"https:\/\/www.claret.cat\/es\/wp-json\/wp\/v2\/types\/product"}],"wp:featuredmedia":[{"embeddable":true,"href":"https:\/\/www.claret.cat\/es\/wp-json\/wp\/v2\/media\/1086882"}],"wp:attachment":[{"href":"https:\/\/www.claret.cat\/es\/wp-json\/wp\/v2\/media?parent=1086881"}],"wp:term":[{"taxonomy":"product_brand","embeddable":true,"href":"https:\/\/www.claret.cat\/es\/wp-json\/wp\/v2\/product_brand?post=1086881"},{"taxonomy":"product_cat","embeddable":true,"href":"https:\/\/www.claret.cat\/es\/wp-json\/wp\/v2\/product_cat?post=1086881"},{"taxonomy":"product_tag","embeddable":true,"href":"https:\/\/www.claret.cat\/es\/wp-json\/wp\/v2\/product_tag?post=1086881"}],"curies":[{"name":"wp","href":"https:\/\/api.w.org\/{rel}","templated":true}]}}