{"id":108690,"date":"2022-10-12T09:49:34","date_gmt":"2022-10-12T07:49:34","guid":{"rendered":"http:\/\/dev.claret.cat\/producte\/epidemiocracia\/"},"modified":"2023-01-28T06:14:40","modified_gmt":"2023-01-28T05:14:40","slug":"epidemiocracia-9788412197945","status":"publish","type":"product","link":"https:\/\/www.claret.cat\/es\/libro\/epidemiocracia-9788412197945\/","title":{"rendered":"EPIDEMIOCRACIA"},"content":{"rendered":"<p>An\u00e1lisis de la respuesta pol\u00edtica, sanitaria y social frente a la pandemia, qu\u00e9 cambios surgir\u00e1n tras ella y qu\u00e9 tenemos que aprender como sociedad e institucionalmente. Sinopsis: Los virus no entienden de fronteras ni clases sociales. Hemos escuchado esta frase como una aventura m\u00e1gica en la que los virus aparecen de un espacio neutro, llegan, infectan y desaparecen. Es falso: las epidemias parten de unos contextos sociales y pol\u00edticos concretos y entender el sustrato pol\u00edtico, econ\u00f3mico, sanitario y social es clave para analizar c\u00f3mo afectan. La peste, el sida, el \u00e9bola o la actual COVID-19 surgieron de contextos determinados, impactaron de forma diferente sobre determinados grupos sociales y transformaron las sociedades. Toca preguntarse: \u00bfqui\u00e9n est\u00e1 m\u00e1s expuesto a enfermar durante una epidemia? \u00bfqui\u00e9n es m\u00e1s vulnerable a sus consecuencias sociales? \u00bfqu\u00e9 respuestas pol\u00edticas tenemos para actuar frente a una crisis epid\u00e9mica? \u00bfqu\u00e9 sanidad queremos para enfrentarlo? Autores: Pedro Gull\u00f3n. Epidemi\u00f3logo social y m\u00e9dico especialista en medicina preventiva y salud p\u00fablica, realiz\u00f3 su doctorado en el grupo de E<\/p>\n","protected":false},"excerpt":{"rendered":"<p>GULL\u00d3N TOS\u00cdO, PEDRO \/PADILLA, JAVIER<\/p>\n","protected":false},"featured_media":108691,"template":"","meta":{"_acf_changed":false,"om_disable_all_campaigns":false,"rs_blank_template":"","rs_page_bg_color":"","slide_template_v7":"","inline_featured_image":false,"_monsterinsights_skip_tracking":false,"_monsterinsights_sitenote_active":false,"_monsterinsights_sitenote_note":"","_monsterinsights_sitenote_category":0},"product_brand":[],"product_cat":[120],"product_tag":[],"class_list":{"0":"post-108690","1":"product","2":"type-product","3":"status-publish","4":"has-post-thumbnail","6":"product_cat-politica","8":"first","9":"instock","10":"taxable","11":"shipping-taxable","12":"purchasable","13":"product-type-simple"},"acf":{"editorial":[{"ID":147591,"post_author":"3","post_date":"2022-10-14 11:51:45","post_date_gmt":"2022-10-14 09:51:45","post_content":"","post_title":"Capit\u00e1n Swing Libros S.l.","post_excerpt":"","post_status":"publish","comment_status":"closed","ping_status":"closed","post_password":"","post_name":"capitan-swing-libros-s-l","to_ping":"","pinged":"","post_modified":"2022-10-14 11:51:45","post_modified_gmt":"2022-10-14 09:51:45","post_content_filtered":"","post_parent":0,"guid":"http:\/\/dev.claret.cat\/editorial\/capitan-swing-libros-s-l\/","menu_order":0,"post_type":"editorial","post_mime_type":"","comment_count":"0","filter":"raw"}],"autores-libros":[{"ID":158761,"post_author":"3","post_date":"2022-10-14 15:39:24","post_date_gmt":"2022-10-14 13:39:24","post_content":"","post_title":"JAVIER PADILLA","post_excerpt":"","post_status":"publish","comment_status":"closed","ping_status":"closed","post_password":"","post_name":"javier-padilla","to_ping":"","pinged":"","post_modified":"2022-10-14 15:39:24","post_modified_gmt":"2022-10-14 13:39:24","post_content_filtered":"","post_parent":0,"guid":"http:\/\/dev.claret.cat\/autor\/javier-padilla\/","menu_order":0,"post_type":"autor","post_mime_type":"","comment_count":"0","filter":"raw"},{"ID":166857,"post_author":"3","post_date":"2022-10-14 18:06:36","post_date_gmt":"2022-10-14 16:06:36","post_content":"","post_title":"PEDRO GULL\u00d3N TOS\u00cdO","post_excerpt":"","post_status":"publish","comment_status":"closed","ping_status":"closed","post_password":"","post_name":"pedro-gullon-tosio","to_ping":"","pinged":"","post_modified":"2022-10-14 18:06:36","post_modified_gmt":"2022-10-14 16:06:36","post_content_filtered":"","post_parent":0,"guid":"http:\/\/dev.claret.cat\/autor\/pedro-gullon-tosio\/","menu_order":0,"post_type":"autor","post_mime_type":"","comment_count":"0","filter":"raw"}],"autor":"GULL\u00d3N TOS\u00cdO, PEDRO \/PADILLA, JAVIER","codart":"841219794","libros-coleccion":"Ensayo","ediciones":"1","encuadernacion":"R\u00fastica","fecha_de_publicacion":"01\/07\/2020","novedad":"1","paginas":"224","subtitulo":"NADIE EST\u00c1 A SALVO SI NO ESTAMOS TODAS A SALVO","orden":"0","portada":"0","idioma":"spa"},"aioseo_notices":[],"_links":{"self":[{"href":"https:\/\/www.claret.cat\/es\/wp-json\/wp\/v2\/product\/108690","targetHints":{"allow":["GET"]}}],"collection":[{"href":"https:\/\/www.claret.cat\/es\/wp-json\/wp\/v2\/product"}],"about":[{"href":"https:\/\/www.claret.cat\/es\/wp-json\/wp\/v2\/types\/product"}],"wp:featuredmedia":[{"embeddable":true,"href":"https:\/\/www.claret.cat\/es\/wp-json\/wp\/v2\/media\/108691"}],"wp:attachment":[{"href":"https:\/\/www.claret.cat\/es\/wp-json\/wp\/v2\/media?parent=108690"}],"wp:term":[{"taxonomy":"product_brand","embeddable":true,"href":"https:\/\/www.claret.cat\/es\/wp-json\/wp\/v2\/product_brand?post=108690"},{"taxonomy":"product_cat","embeddable":true,"href":"https:\/\/www.claret.cat\/es\/wp-json\/wp\/v2\/product_cat?post=108690"},{"taxonomy":"product_tag","embeddable":true,"href":"https:\/\/www.claret.cat\/es\/wp-json\/wp\/v2\/product_tag?post=108690"}],"curies":[{"name":"wp","href":"https:\/\/api.w.org\/{rel}","templated":true}]}}