{"id":1086915,"date":"2026-02-27T16:50:01","date_gmt":"2026-02-27T15:50:01","guid":{"rendered":"https:\/\/www.claret.cat\/llibre\/evasion-9791387813857\/"},"modified":"2026-03-02T17:21:33","modified_gmt":"2026-03-02T16:21:33","slug":"evasion-9791387813857","status":"publish","type":"product","link":"https:\/\/www.claret.cat\/es\/libro\/evasion-9791387813857\/","title":{"rendered":"EVASI\u00d3N"},"content":{"rendered":"<p>\u00bfPuede haber amor despu\u00e9s de los ochenta? \u00bfPuede haber libertad a partir de esa fecha del calendario? \u00bfMerece la pena intentarlo? Evasi\u00f3n es una novela cargada de im\u00e1genes y de esperanzas; es, tambi\u00e9n, la historia de unos ancianos que deciden rebelarse contra la idea de vivir en una residencia de mayores como si estuvieran en un aparcamiento de los que no pueden seguir el ritmo fren\u00e9tico de la sociedad que hemos creado. Es un sue\u00f1o por cumplir: volver a ba\u00f1arse en pelotas en el r\u00edo, como cuando eran ni\u00f1os y los veranos eran eternos. Y es, en suma, una aventura de retorno a la ni\u00f1ez en la que cada uno, adem\u00e1s de sus a\u00f1os y limitaciones, aporta su experiencia, su humor, su energ\u00eda y su forma de enfrentar los problemas y las ilusiones por vivir. Una novela tierna, vital, luminosa, que con una prosa limpia y sencilla nos anima a ser conscientes del privilegio que supone vivir y a hacerlo, siempre, con una sonrisa.<\/p>\n","protected":false},"excerpt":{"rendered":"<p>MIGUEL \u00c1NGEL P\u00c9REZ GONZ\u00c1LEZ<\/p>\n","protected":false},"featured_media":1087218,"template":"","meta":{"_acf_changed":false,"om_disable_all_campaigns":false,"rs_blank_template":"","rs_page_bg_color":"","slide_template_v7":"","inline_featured_image":false,"_monsterinsights_skip_tracking":false,"_monsterinsights_sitenote_active":false,"_monsterinsights_sitenote_note":"","_monsterinsights_sitenote_category":0},"product_brand":[],"product_cat":[127,357],"product_tag":[],"class_list":{"0":"post-1086915","1":"product","2":"type-product","3":"status-publish","4":"has-post-thumbnail","6":"product_cat-novella-contemporania","7":"product_cat-novela-contemporanea","9":"first","10":"instock","11":"taxable","12":"shipping-taxable","13":"purchasable","14":"product-type-simple"},"acf":{"autor":"MIGUEL \u00c1NGEL P\u00c9REZ GONZ\u00c1LEZ","codart":"138781385","libros-coleccion":"","ediciones":"1","encuadernacion":"R\u00fastica","fecha_de_publicacion":"01\/02\/2026","novedad":"1","paginas":"152","subtitulo":"FINALISTA DEL I PREMIO LITERARIO VIDAS QUE INSPIRAN","orden":"0","portada":"0","idioma":"spa","booktrailer":"","resenas":"","editorial":[{"ID":6331,"post_author":"3","post_date":"2022-07-28 17:49:53","post_date_gmt":"2022-07-28 15:49:53","post_content":"","post_title":"PLATAFORMA EDITORIAL","post_excerpt":"","post_status":"publish","comment_status":"closed","ping_status":"closed","post_password":"","post_name":"plataforma-editorial","to_ping":"","pinged":"","post_modified":"2022-07-28 17:49:53","post_modified_gmt":"2022-07-28 15:49:53","post_content_filtered":"","post_parent":0,"guid":"http:\/\/dev.claret.cat\/editorial\/plataforma-editorial\/","menu_order":0,"post_type":"editorial","post_mime_type":"","comment_count":"0","filter":"raw"}]},"aioseo_notices":[],"_links":{"self":[{"href":"https:\/\/www.claret.cat\/es\/wp-json\/wp\/v2\/product\/1086915","targetHints":{"allow":["GET"]}}],"collection":[{"href":"https:\/\/www.claret.cat\/es\/wp-json\/wp\/v2\/product"}],"about":[{"href":"https:\/\/www.claret.cat\/es\/wp-json\/wp\/v2\/types\/product"}],"wp:featuredmedia":[{"embeddable":true,"href":"https:\/\/www.claret.cat\/es\/wp-json\/wp\/v2\/media\/1087218"}],"wp:attachment":[{"href":"https:\/\/www.claret.cat\/es\/wp-json\/wp\/v2\/media?parent=1086915"}],"wp:term":[{"taxonomy":"product_brand","embeddable":true,"href":"https:\/\/www.claret.cat\/es\/wp-json\/wp\/v2\/product_brand?post=1086915"},{"taxonomy":"product_cat","embeddable":true,"href":"https:\/\/www.claret.cat\/es\/wp-json\/wp\/v2\/product_cat?post=1086915"},{"taxonomy":"product_tag","embeddable":true,"href":"https:\/\/www.claret.cat\/es\/wp-json\/wp\/v2\/product_tag?post=1086915"}],"curies":[{"name":"wp","href":"https:\/\/api.w.org\/{rel}","templated":true}]}}