{"id":1086918,"date":"2026-02-27T16:50:20","date_gmt":"2026-02-27T15:50:20","guid":{"rendered":"https:\/\/www.claret.cat\/llibre\/vender-bonito-9791387813833\/"},"modified":"2026-02-27T17:10:35","modified_gmt":"2026-02-27T16:10:35","slug":"vender-bonito-9791387813833","status":"publish","type":"product","link":"https:\/\/www.claret.cat\/es\/libro\/vender-bonito-9791387813833\/","title":{"rendered":"VENDER BONITO"},"content":{"rendered":"<p>La idea de este libro nace de dos necesidades fundamentales. La primera, contribuir a que la figura del vendedor recupere el prestigio que tuvo no hace tanto tiempo. La segunda, m\u00e1s personal, responde al deseo de haber contado con una gu\u00eda como esta cuando, con 21 a\u00f1os, comenz\u00f3 a trabajar como vendedor junior en un concesionario de coches. Con Vender bonito, Diego Mu\u00f1oz propone volver a la esencia de lo que significa realmente vender: ganarse la vida honradamente, relacionarse con calidad con los clientes y ayudarles en su proceso de decisi\u00f3n de compra.<\/p>\n<p> En pleno 2025, el mercado, los modelos de adquisici\u00f3n, los productos financieros, la tecnolog\u00eda, la econom\u00eda, la omnicanalidad y, m\u00e1s recientemente, la inteligencia artificial, son factores que transforman de forma constante cada venta. Sin embargo, sigue siendo imposible vender sin una relaci\u00f3n humana aut\u00e9ntica: vender no es solo ofrecer precios, sino generar confianza y v\u00ednculos reales.<\/p>\n<p> A lo largo de este libro, Diego habla con claridad, experiencia y empat\u00eda sobre lo que realmente implica vender. Porque no se trata de que el cliente te compre, sino de c\u00f3mo t\u00fa te relacionas. De tu capacidad para conectar, demostrar y cerrar sin artificios depender\u00e1 tu \u00e9xito profesional&#8230; y tu capacidad para seguir siendo insustituible.<\/p>\n","protected":false},"excerpt":{"rendered":"<p>DIEGO MU\u00d1OZ<\/p>\n","protected":false},"featured_media":1086938,"template":"","meta":{"_acf_changed":false,"om_disable_all_campaigns":false,"rs_blank_template":"","rs_page_bg_color":"","slide_template_v7":"","inline_featured_image":false,"_monsterinsights_skip_tracking":false,"_monsterinsights_sitenote_active":false,"_monsterinsights_sitenote_note":"","_monsterinsights_sitenote_category":0},"product_brand":[],"product_cat":[90,540],"product_tag":[],"class_list":{"0":"post-1086918","1":"product","2":"type-product","3":"status-publish","4":"has-post-thumbnail","6":"product_cat-altres","7":"product_cat-otros","9":"first","10":"instock","11":"taxable","12":"shipping-taxable","13":"purchasable","14":"product-type-simple"},"acf":{"autor":"DIEGO MU\u00d1OZ","codart":"138781383","libros-coleccion":"","ediciones":"1","encuadernacion":"R\u00fastica","fecha_de_publicacion":"01\/02\/2026","novedad":"1","paginas":"214","subtitulo":"EL OFICIO DE VENDER CONTADO POR UN VENDEDOR","orden":"0","portada":"0","idioma":"spa","booktrailer":"","resenas":"","editorial":[{"ID":6331,"post_author":"3","post_date":"2022-07-28 17:49:53","post_date_gmt":"2022-07-28 15:49:53","post_content":"","post_title":"PLATAFORMA EDITORIAL","post_excerpt":"","post_status":"publish","comment_status":"closed","ping_status":"closed","post_password":"","post_name":"plataforma-editorial","to_ping":"","pinged":"","post_modified":"2022-07-28 17:49:53","post_modified_gmt":"2022-07-28 15:49:53","post_content_filtered":"","post_parent":0,"guid":"http:\/\/dev.claret.cat\/editorial\/plataforma-editorial\/","menu_order":0,"post_type":"editorial","post_mime_type":"","comment_count":"0","filter":"raw"}]},"aioseo_notices":[],"_links":{"self":[{"href":"https:\/\/www.claret.cat\/es\/wp-json\/wp\/v2\/product\/1086918","targetHints":{"allow":["GET"]}}],"collection":[{"href":"https:\/\/www.claret.cat\/es\/wp-json\/wp\/v2\/product"}],"about":[{"href":"https:\/\/www.claret.cat\/es\/wp-json\/wp\/v2\/types\/product"}],"wp:featuredmedia":[{"embeddable":true,"href":"https:\/\/www.claret.cat\/es\/wp-json\/wp\/v2\/media\/1086938"}],"wp:attachment":[{"href":"https:\/\/www.claret.cat\/es\/wp-json\/wp\/v2\/media?parent=1086918"}],"wp:term":[{"taxonomy":"product_brand","embeddable":true,"href":"https:\/\/www.claret.cat\/es\/wp-json\/wp\/v2\/product_brand?post=1086918"},{"taxonomy":"product_cat","embeddable":true,"href":"https:\/\/www.claret.cat\/es\/wp-json\/wp\/v2\/product_cat?post=1086918"},{"taxonomy":"product_tag","embeddable":true,"href":"https:\/\/www.claret.cat\/es\/wp-json\/wp\/v2\/product_tag?post=1086918"}],"curies":[{"name":"wp","href":"https:\/\/api.w.org\/{rel}","templated":true}]}}