{"id":1086933,"date":"2026-02-27T17:02:47","date_gmt":"2026-02-27T16:02:47","guid":{"rendered":"https:\/\/www.claret.cat\/llibre\/manual-de-emergencia-para-mujeres-maltratadas-9788433039866-5\/"},"modified":"2026-02-27T17:02:47","modified_gmt":"2026-02-27T16:02:47","slug":"manual-de-emergencia-para-mujeres-maltratadas-9788433039866-5","status":"publish","type":"product","link":"https:\/\/www.claret.cat\/es\/libro\/manual-de-emergencia-para-mujeres-maltratadas-9788433039866-5\/","title":{"rendered":"MANUAL DE EMERGENCIA PARA MUJERES MALTRATADAS"},"content":{"rendered":"<p>&#8216;Manual de emergencia para mujeres maltratadas&#8217; no es un libro m\u00e1s. Es una mano tendida en medio del miedo, la confusi\u00f3n y el silencio.<\/p>\n<p> En estas p\u00e1ginas se condensan m\u00e1s de veinte a\u00f1os de experiencia docente, terap\u00e9utica y judicial de dos profesionales que acompa\u00f1an, cada d\u00eda, a mujeres que sufren violencia por parte de sus parejas o exparejas. El resultado es una gu\u00eda clara y accesible que ayuda a poner nombre a lo que muchas veces cuesta reconocer: el origen, el trasfondo y las distintas formas del maltrato machista.<\/p>\n<p> Escrito con un lenguaje sencillo y cercano, este manual ofrece comprensi\u00f3n y apoyo desde una mirada emocional, educativa y tambi\u00e9n jur\u00eddica. No pretende decirte qu\u00e9 hacer, sino ayudarte a entender qu\u00e9 est\u00e1s viviendo, por qu\u00e9 ocurre y qu\u00e9 opciones existen para protegerte y cuidarte.<\/p>\n<p> Aqu\u00ed no encontrar\u00e1s juicios ni culpabilizaci\u00f3n. Al contrario, el libro parte de una idea esencial: la responsabilidad del maltrato es siempre de quien lo ejerce. Y desde ese lugar de respeto, invita a las mujeres a dejar de esperar un cambio que no depende de ellas y a empezar, cuando est\u00e9n preparadas, a tomar las riendas de su propia vida.<\/p>\n<p> No importa en qu\u00e9 punto te encuentres ahora. Este libro respeta tus tiempos, tus decisiones y tu historia. Quiere ser un refugio, una gu\u00eda y un recordatorio fundamental: no est\u00e1s sola, no es tu culpa y mereces una vida libre de violencia.<\/p>\n<p> Jos\u00e9 Antonio Sande, (Avil\u00e9s, 1970). Comienza su labor como terapeuta emocional en 2006, tras diez a\u00f1os de ejercer de maestro de primaria en la escuela p\u00fablica. Su trabajo como terapeuta y formador en el \u00e1mbito emocional le han llevado a participar en gran cantidad de proyectos educativos en guarder\u00edas, colegios, centros de formaci\u00f3n del profesorado, Universidad de Almer\u00eda y asociaciones diversas. Tambi\u00e9n desarrolla una parte de su actividad profesional como mediador familiar.<br \/> Autor de m\u00e1s de una docena de libros sobre el mundo emocional y sobre la Terapia con Flores de Bach, sigue trabajando en su consulta de Aguadulce, en Almer\u00eda, e impartiendo cursos y terapia emocional.<\/p>\n<p> www.norayterapia.com<\/p>\n","protected":false},"excerpt":{"rendered":"<p>&#8216;Manual de emergencia para mujeres maltratadas&#8217; no es un libro m\u00e1s. Es una mano tendida en medio del miedo, la confusi\u00f3n y el silencio. En estas p\u00e1ginas se condensan m\u00e1s de veinte a\u00f1os de experiencia docente, terap\u00e9utica y judicial de dos profesionales que acompa\u00f1an, cada d\u00eda, a mujeres que sufren violencia por parte de sus [&hellip;]<\/p>\n","protected":false},"featured_media":0,"template":"","meta":{"_acf_changed":false,"om_disable_all_campaigns":false,"rs_blank_template":"","rs_page_bg_color":"","slide_template_v7":"","inline_featured_image":false,"_monsterinsights_skip_tracking":false,"_monsterinsights_sitenote_active":false,"_monsterinsights_sitenote_note":"","_monsterinsights_sitenote_category":0},"product_brand":[],"product_cat":[241],"product_tag":[],"class_list":{"0":"post-1086933","1":"product","2":"type-product","3":"status-publish","5":"product_cat-testimonis","7":"first","8":"instock","9":"taxable","10":"shipping-taxable","11":"product-type-simple"},"acf":{"subtitulo":null,"editorial":null,"autor":null,"autores-libros":null,"traductores-libros":null,"ilustradores-libros":null,"fecha_de_publicacion":null,"libros-coleccion":null,"paginas":null,"encuadernacion":null,"ediciones":null,"formato":null,"idioma":null,"linkebook":null,"precioebook":null,"ebookportada":null,"ficha":null,"muestra":null,"presentacion":null,"booktrailer":null,"resenas":null,"codart":null,"portada":null,"orden":null,"novedad":null,"recomendamos":null,"mas_vendido":null},"aioseo_notices":[],"_links":{"self":[{"href":"https:\/\/www.claret.cat\/es\/wp-json\/wp\/v2\/product\/1086933","targetHints":{"allow":["GET"]}}],"collection":[{"href":"https:\/\/www.claret.cat\/es\/wp-json\/wp\/v2\/product"}],"about":[{"href":"https:\/\/www.claret.cat\/es\/wp-json\/wp\/v2\/types\/product"}],"wp:attachment":[{"href":"https:\/\/www.claret.cat\/es\/wp-json\/wp\/v2\/media?parent=1086933"}],"wp:term":[{"taxonomy":"product_brand","embeddable":true,"href":"https:\/\/www.claret.cat\/es\/wp-json\/wp\/v2\/product_brand?post=1086933"},{"taxonomy":"product_cat","embeddable":true,"href":"https:\/\/www.claret.cat\/es\/wp-json\/wp\/v2\/product_cat?post=1086933"},{"taxonomy":"product_tag","embeddable":true,"href":"https:\/\/www.claret.cat\/es\/wp-json\/wp\/v2\/product_tag?post=1086933"}],"curies":[{"name":"wp","href":"https:\/\/api.w.org\/{rel}","templated":true}]}}