{"id":1086961,"date":"2026-02-27T18:45:04","date_gmt":"2026-02-27T17:45:04","guid":{"rendered":"https:\/\/www.claret.cat\/llibre\/el-jim-i-la-janis-9788466160094\/"},"modified":"2026-02-28T10:35:37","modified_gmt":"2026-02-28T09:35:37","slug":"el-jim-i-la-janis-9788466160094","status":"publish","type":"product","link":"https:\/\/www.claret.cat\/es\/libro\/el-jim-i-la-janis-9788466160094\/","title":{"rendered":"EL JIM I LA JANIS"},"content":{"rendered":"<p>El Mitus \u00e9s dels qui acostumen a veure el got mig buit. Ara ha de fer-se c\u00e0rrec del Dylan, el gos del germ\u00e0 de l#\u00e0via, que \u00e9s a l#hospital. A casa de l#oncle, el Mitus hi descobreix un m\u00f3n que desconeixia, un m\u00f3n ple de m\u00fasica. I tamb\u00e9 una carta de l#oncle adre\u00e7ada a una misteriosa Janis, un amor de joventut que no ha oblidat mai. El Mitus es proposa trobar la Janis, i pel cam\u00ed es trobar\u00e0 a ell mateix.<\/p>\n","protected":false},"excerpt":{"rendered":"<p>CAPDEVILA I ROURE, LLOREN\u00c7<\/p>\n","protected":false},"featured_media":1086999,"template":"","meta":{"_acf_changed":false,"om_disable_all_campaigns":false,"rs_blank_template":"","rs_page_bg_color":"","slide_template_v7":"","inline_featured_image":false,"_monsterinsights_skip_tracking":false,"_monsterinsights_sitenote_active":false,"_monsterinsights_sitenote_note":"","_monsterinsights_sitenote_category":0},"product_brand":[],"product_cat":[133,363],"product_tag":[],"class_list":{"0":"post-1086961","1":"product","2":"type-product","3":"status-publish","4":"has-post-thumbnail","6":"product_cat-lectures-per-adolescents-12-18-anys","7":"product_cat-lecturas-por-adolescentes-12-18-anos","9":"first","10":"instock","11":"taxable","12":"shipping-taxable","13":"purchasable","14":"product-type-simple"},"acf":{"autor":"CAPDEVILA I ROURE, LLOREN\u00c7","codart":"846616009","libros-coleccion":"GRAN ANGULAR","ediciones":"1","encuadernacion":"R\u00fastica","fecha_de_publicacion":"01\/10\/2025","novedad":"1","paginas":"157","subtitulo":"","orden":"0","portada":"0","idioma":"cat","booktrailer":"","resenas":"","editorial":[{"ID":147679,"post_author":"3","post_date":"2022-10-14 11:52:25","post_date_gmt":"2022-10-14 09:52:25","post_content":"","post_title":"CRUILLA \/SM-EDICIONS -VALENCIANO\/CATALAN","post_excerpt":"","post_status":"publish","comment_status":"closed","ping_status":"closed","post_password":"","post_name":"cruilla-sm-edicions-valenciano-catalan","to_ping":"","pinged":"","post_modified":"2022-10-14 11:52:25","post_modified_gmt":"2022-10-14 09:52:25","post_content_filtered":"","post_parent":0,"guid":"http:\/\/dev.claret.cat\/editorial\/cruilla-sm-edicions-valenciano-catalan\/","menu_order":0,"post_type":"editorial","post_mime_type":"","comment_count":"0","filter":"raw"}]},"aioseo_notices":[],"_links":{"self":[{"href":"https:\/\/www.claret.cat\/es\/wp-json\/wp\/v2\/product\/1086961","targetHints":{"allow":["GET"]}}],"collection":[{"href":"https:\/\/www.claret.cat\/es\/wp-json\/wp\/v2\/product"}],"about":[{"href":"https:\/\/www.claret.cat\/es\/wp-json\/wp\/v2\/types\/product"}],"wp:featuredmedia":[{"embeddable":true,"href":"https:\/\/www.claret.cat\/es\/wp-json\/wp\/v2\/media\/1086999"}],"wp:attachment":[{"href":"https:\/\/www.claret.cat\/es\/wp-json\/wp\/v2\/media?parent=1086961"}],"wp:term":[{"taxonomy":"product_brand","embeddable":true,"href":"https:\/\/www.claret.cat\/es\/wp-json\/wp\/v2\/product_brand?post=1086961"},{"taxonomy":"product_cat","embeddable":true,"href":"https:\/\/www.claret.cat\/es\/wp-json\/wp\/v2\/product_cat?post=1086961"},{"taxonomy":"product_tag","embeddable":true,"href":"https:\/\/www.claret.cat\/es\/wp-json\/wp\/v2\/product_tag?post=1086961"}],"curies":[{"name":"wp","href":"https:\/\/api.w.org\/{rel}","templated":true}]}}