{"id":1086986,"date":"2026-02-27T20:00:06","date_gmt":"2026-02-27T19:00:06","guid":{"rendered":"https:\/\/www.claret.cat\/llibre\/viaje-al-pais-de-los-blancos-9788466360630-2\/"},"modified":"2026-02-27T20:00:06","modified_gmt":"2026-02-27T19:00:06","slug":"viaje-al-pais-de-los-blancos-9788466360630-2","status":"publish","type":"product","link":"https:\/\/www.claret.cat\/es\/libro\/viaje-al-pais-de-los-blancos-9788466360630-2\/","title":{"rendered":"VIAJE AL PA\u00cdS DE LOS BLANCOS"},"content":{"rendered":"<p>La odisea de un joven que arriesg\u00f3 su vida por un futuro mejor. Mi nombre es Ousman Umar. S\u00e9 que nac\u00ed un martes, no s\u00e9 de qu\u00e9 mes ni de qu\u00e9 a\u00f1o porque en mi tribu eso no importa. Crec\u00ed en la sabana africana. Caminaba siete kil\u00f3metros para ir a la escuela. Mi vida era feliz y sencilla, hasta que un d\u00eda, entre juegos, vi un avi\u00f3n volar. Desde ese momento quise ser piloto, ingeniero, todo, menos negro. La curiosidad por conocer el mundo me empuj\u00f3 a hacer un viaje sin retorno hacia el Pa\u00eds de los Blancos. A los trece a\u00f1os cruc\u00e9 el Sahara a pie, el mar en patera y vi morir en el camino a la mayor\u00eda de mis compa\u00f1eros de viaje, entre ellos a mi mejor amigo. Cuatro a\u00f1os despu\u00e9s de comenzar esa haza\u00f1a, logr\u00e9 llegar a Espa\u00f1a y, tras varios meses durmiendo en la calle, me acogi\u00f3 una familia. La primera noche que dorm\u00ed en su casa, pese a las comodidades y el confort, me puse a llorar como un ni\u00f1o. \u00bfPor qu\u00e9 hab\u00eda sufrido tanto? \u00bfPor qu\u00e9 tanta lucha? \u00bfQu\u00e9 hab\u00eda hecho mal? Ahora, necesito contar esta historia, hasta que no haya m\u00e1s historias como esta que contar.Rese\u00f1as:<br \/>\u00abUn duro viaje de ida y vuelta que migrantes y sociedades de acogida deben conocer.\u00bb<br \/>Ana Pastor  \u00abLa historia de Ousman Umar es una de las m\u00e1s hermosas que la radio me ha permitido compartir. S\u00e9 que muchos oyentes han estado al borde de las l\u00e1grimas. Yo, tambi\u00e9n. Ya les aviso que se van a emocionar con su historia.\u00bb<br \/>Julia Otero  \u00abOusman era un ni\u00f1o que un d\u00eda, en su Ghana natal, vio volar un avi\u00f3n. Desde entonces la curiosidad le empuj\u00f3 a cruzar el Mediterr\u00e1neo y viajar hasta el Pa\u00eds de los Blancos. Esta es su historia: la historia de un superviviente.\u00bb<br \/>Gemma Nierga  \u00abEl relato de Ousman comparte con los miles de migrantes que cada a\u00f1o se la juegan para llegar a Europa el dolor, el miedo, la injusticia, el racismoy el sufrimiento. Sentimientos provocados por situaciones que narra con una naturalidad pasmosa.\u00bb<br \/>Ant\u00f2nia Just\u00edcia, La Vanguardia<\/p>\n","protected":false},"excerpt":{"rendered":"<p>La odisea de un joven que arriesg\u00f3 su vida por un futuro mejor. Mi nombre es Ousman Umar. S\u00e9 que nac\u00ed un martes, no s\u00e9 de qu\u00e9 mes ni de qu\u00e9 a\u00f1o porque en mi tribu eso no importa. Crec\u00ed en la sabana africana. Caminaba siete kil\u00f3metros para ir a la escuela. Mi vida era [&hellip;]<\/p>\n","protected":false},"featured_media":0,"template":"","meta":{"_acf_changed":false,"om_disable_all_campaigns":false,"rs_blank_template":"","rs_page_bg_color":"","slide_template_v7":"","inline_featured_image":false,"_monsterinsights_skip_tracking":false,"_monsterinsights_sitenote_active":false,"_monsterinsights_sitenote_note":"","_monsterinsights_sitenote_category":0},"product_brand":[],"product_cat":[241],"product_tag":[],"class_list":{"0":"post-1086986","1":"product","2":"type-product","3":"status-publish","5":"product_cat-testimonis","7":"first","8":"instock","9":"taxable","10":"shipping-taxable","11":"product-type-simple"},"acf":{"subtitulo":null,"editorial":null,"autor":null,"autores-libros":null,"traductores-libros":null,"ilustradores-libros":null,"fecha_de_publicacion":null,"libros-coleccion":null,"paginas":null,"encuadernacion":null,"ediciones":null,"formato":null,"idioma":null,"linkebook":null,"precioebook":null,"ebookportada":null,"ficha":null,"muestra":null,"presentacion":null,"booktrailer":null,"resenas":null,"codart":null,"portada":null,"orden":null,"novedad":null,"recomendamos":null,"mas_vendido":null},"aioseo_notices":[],"_links":{"self":[{"href":"https:\/\/www.claret.cat\/es\/wp-json\/wp\/v2\/product\/1086986","targetHints":{"allow":["GET"]}}],"collection":[{"href":"https:\/\/www.claret.cat\/es\/wp-json\/wp\/v2\/product"}],"about":[{"href":"https:\/\/www.claret.cat\/es\/wp-json\/wp\/v2\/types\/product"}],"wp:attachment":[{"href":"https:\/\/www.claret.cat\/es\/wp-json\/wp\/v2\/media?parent=1086986"}],"wp:term":[{"taxonomy":"product_brand","embeddable":true,"href":"https:\/\/www.claret.cat\/es\/wp-json\/wp\/v2\/product_brand?post=1086986"},{"taxonomy":"product_cat","embeddable":true,"href":"https:\/\/www.claret.cat\/es\/wp-json\/wp\/v2\/product_cat?post=1086986"},{"taxonomy":"product_tag","embeddable":true,"href":"https:\/\/www.claret.cat\/es\/wp-json\/wp\/v2\/product_tag?post=1086986"}],"curies":[{"name":"wp","href":"https:\/\/api.w.org\/{rel}","templated":true}]}}