{"id":1087003,"date":"2026-02-28T10:50:02","date_gmt":"2026-02-28T09:50:02","guid":{"rendered":"https:\/\/www.claret.cat\/llibre\/donoso-cortes-9788412789928\/"},"modified":"2026-03-04T16:26:05","modified_gmt":"2026-03-04T15:26:05","slug":"donoso-cortes-9788412789928","status":"publish","type":"product","link":"https:\/\/www.claret.cat\/es\/libro\/donoso-cortes-9788412789928\/","title":{"rendered":"DONOSO CORT\u00c9S"},"content":{"rendered":"<p>Jurista, escritor pol\u00edtico y poeta de las ideas en may\u00fascula, Juan Donoso Cort\u00e9s, Marqu\u00e9s de Valdegamas, es sin riesgo a equivocarnos el pensador pol\u00edtico espa\u00f1ol m\u00e1s importante del siglo XIX y, probablemente, uno de los pensadores m\u00e1s l\u00facido<\/p>\n","protected":false},"excerpt":{"rendered":"<p>DONOSO CORT\u00c9S<\/p>\n","protected":false},"featured_media":1087004,"template":"","meta":{"_acf_changed":false,"om_disable_all_campaigns":false,"rs_blank_template":"","rs_page_bg_color":"","slide_template_v7":"","inline_featured_image":false,"_monsterinsights_skip_tracking":false,"_monsterinsights_sitenote_active":false,"_monsterinsights_sitenote_note":"","_monsterinsights_sitenote_category":0},"product_brand":[],"product_cat":[373,166],"product_tag":[],"class_list":{"0":"post-1087003","1":"product","2":"type-product","3":"status-publish","4":"has-post-thumbnail","6":"product_cat-autores","7":"product_cat-autors-filosofia","9":"first","10":"instock","11":"taxable","12":"shipping-taxable","13":"purchasable","14":"product-type-simple"},"acf":{"autor":"DONOSO CORT\u00c9S","codart":"841278992","libros-coleccion":"FORA DE COL.LECCI\u00d3","ediciones":"1","encuadernacion":"R\u00fastica","fecha_de_publicacion":"01\/02\/2024","novedad":"1","paginas":"198","subtitulo":"LA RAZ\u00d3N ANTILIBERAL. UNA ANTOLOG\u00cdA","orden":"0","portada":"0","idioma":"spa","booktrailer":"","resenas":"","editorial":[{"ID":1087941,"post_author":"3","post_date":"2026-03-04 16:26:00","post_date_gmt":"2026-03-04 15:26:00","post_content":"","post_title":"Bitland Producciones S.L. (Editorial Man","post_excerpt":"","post_status":"publish","comment_status":"closed","ping_status":"closed","post_password":"","post_name":"bitland-producciones-s-l-editorial-man","to_ping":"","pinged":"","post_modified":"2026-03-04 16:26:00","post_modified_gmt":"2026-03-04 15:26:00","post_content_filtered":"","post_parent":0,"guid":"https:\/\/www.claret.cat\/editorial\/bitland-producciones-s-l-editorial-man\/","menu_order":0,"post_type":"editorial","post_mime_type":"","comment_count":"0","filter":"raw"}]},"aioseo_notices":[],"_links":{"self":[{"href":"https:\/\/www.claret.cat\/es\/wp-json\/wp\/v2\/product\/1087003","targetHints":{"allow":["GET"]}}],"collection":[{"href":"https:\/\/www.claret.cat\/es\/wp-json\/wp\/v2\/product"}],"about":[{"href":"https:\/\/www.claret.cat\/es\/wp-json\/wp\/v2\/types\/product"}],"wp:featuredmedia":[{"embeddable":true,"href":"https:\/\/www.claret.cat\/es\/wp-json\/wp\/v2\/media\/1087004"}],"wp:attachment":[{"href":"https:\/\/www.claret.cat\/es\/wp-json\/wp\/v2\/media?parent=1087003"}],"wp:term":[{"taxonomy":"product_brand","embeddable":true,"href":"https:\/\/www.claret.cat\/es\/wp-json\/wp\/v2\/product_brand?post=1087003"},{"taxonomy":"product_cat","embeddable":true,"href":"https:\/\/www.claret.cat\/es\/wp-json\/wp\/v2\/product_cat?post=1087003"},{"taxonomy":"product_tag","embeddable":true,"href":"https:\/\/www.claret.cat\/es\/wp-json\/wp\/v2\/product_tag?post=1087003"}],"curies":[{"name":"wp","href":"https:\/\/api.w.org\/{rel}","templated":true}]}}