{"id":1087011,"date":"2026-02-28T11:10:02","date_gmt":"2026-02-28T10:10:02","guid":{"rendered":"https:\/\/www.claret.cat\/llibre\/el-bosque-magico-super-chachi-1-la-seta-tremenda-9788410552500\/"},"modified":"2026-02-28T11:10:26","modified_gmt":"2026-02-28T10:10:26","slug":"el-bosque-magico-super-chachi-1-la-seta-tremenda-9788410552500","status":"publish","type":"product","link":"https:\/\/www.claret.cat\/es\/libro\/el-bosque-magico-super-chachi-1-la-seta-tremenda-9788410552500\/","title":{"rendered":"EL BOSQUE M\u00c1GICO S\u00daPER CHACHI 1: LA SETA TREMENDA"},"content":{"rendered":"<p>En el coraz\u00f3n del Bosque M\u00e1gico S\u00faper Chachi ha aparecido una presencia pestilente y maligna: Hongolongo, una SETA TREMENDA que rezuma esporas y MALA BABA. <br \/> Por suerte, hay cinco h\u00e9roes a mano para detenerlo&#8230; Con sus habilidades de fauno, hada, gnomo y unicornio, \u00a1no hay malvado que se les resista! <br \/> (\u00bfC\u00f3mo? \u00bfQue falta uno? Ah, bueno, tambi\u00e9n est\u00e1 Trevor. Pero no parece servir de mucho&#8230;).<\/p>\n","protected":false},"excerpt":{"rendered":"<p>MATTY LONG<\/p>\n","protected":false},"featured_media":1087012,"template":"","meta":{"_acf_changed":false,"om_disable_all_campaigns":false,"rs_blank_template":"","rs_page_bg_color":"","slide_template_v7":"","inline_featured_image":false,"_monsterinsights_skip_tracking":false,"_monsterinsights_sitenote_active":false,"_monsterinsights_sitenote_note":"","_monsterinsights_sitenote_category":0},"product_brand":[],"product_cat":[132,364,134,362],"product_tag":[],"class_list":{"0":"post-1087011","1":"product","2":"type-product","3":"status-publish","4":"has-post-thumbnail","6":"product_cat-lectures-per-preadolescents-6-12-anys","7":"product_cat-comics-infantil-3_infantil-juvenil-spa","8":"product_cat-comics","9":"product_cat-libros-preadolescentes-6-12-anos","11":"first","12":"instock","13":"taxable","14":"shipping-taxable","15":"purchasable","16":"product-type-simple"},"acf":{"autor":"MATTY LONG","codart":"841055250","libros-coleccion":"","ediciones":"1","encuadernacion":"R\u00fastica","fecha_de_publicacion":"01\/02\/2026","novedad":"0","paginas":"177","subtitulo":"","orden":"0","portada":"0","idioma":"spa","booktrailer":"","resenas":"","editorial":[{"ID":147854,"post_author":"3","post_date":"2022-10-14 11:53:43","post_date_gmt":"2022-10-14 09:53:43","post_content":"","post_title":"EDICIONES SM","post_excerpt":"","post_status":"publish","comment_status":"closed","ping_status":"closed","post_password":"","post_name":"ediciones-sm","to_ping":"","pinged":"","post_modified":"2022-10-14 11:53:43","post_modified_gmt":"2022-10-14 09:53:43","post_content_filtered":"","post_parent":0,"guid":"http:\/\/dev.claret.cat\/editorial\/ediciones-sm\/","menu_order":0,"post_type":"editorial","post_mime_type":"","comment_count":"0","filter":"raw"}]},"aioseo_notices":[],"_links":{"self":[{"href":"https:\/\/www.claret.cat\/es\/wp-json\/wp\/v2\/product\/1087011","targetHints":{"allow":["GET"]}}],"collection":[{"href":"https:\/\/www.claret.cat\/es\/wp-json\/wp\/v2\/product"}],"about":[{"href":"https:\/\/www.claret.cat\/es\/wp-json\/wp\/v2\/types\/product"}],"wp:featuredmedia":[{"embeddable":true,"href":"https:\/\/www.claret.cat\/es\/wp-json\/wp\/v2\/media\/1087012"}],"wp:attachment":[{"href":"https:\/\/www.claret.cat\/es\/wp-json\/wp\/v2\/media?parent=1087011"}],"wp:term":[{"taxonomy":"product_brand","embeddable":true,"href":"https:\/\/www.claret.cat\/es\/wp-json\/wp\/v2\/product_brand?post=1087011"},{"taxonomy":"product_cat","embeddable":true,"href":"https:\/\/www.claret.cat\/es\/wp-json\/wp\/v2\/product_cat?post=1087011"},{"taxonomy":"product_tag","embeddable":true,"href":"https:\/\/www.claret.cat\/es\/wp-json\/wp\/v2\/product_tag?post=1087011"}],"curies":[{"name":"wp","href":"https:\/\/api.w.org\/{rel}","templated":true}]}}