{"id":1087051,"date":"2026-03-02T11:50:02","date_gmt":"2026-03-02T10:50:02","guid":{"rendered":"https:\/\/www.claret.cat\/llibre\/una-vida-con-proposito-9780829763782\/"},"modified":"2026-03-02T11:51:14","modified_gmt":"2026-03-02T10:51:14","slug":"una-vida-con-proposito-9780829763782","status":"publish","type":"product","link":"https:\/\/www.claret.cat\/es\/libro\/una-vida-con-proposito-9780829763782\/","title":{"rendered":"UNA VIDA CON PROPOSITO"},"content":{"rendered":"<p>Edici\u00f3n especial del D\u00e9cimo Aniversario del libro de contenido cristiano n\u00famero uno en ventas de la historia. Esta obra de Rick Warren cuenta con m\u00e1s de 32 millones de copias totales impresas, 3.2 millones de ellas en espa\u00f1ol.<\/p>\n","protected":false},"excerpt":{"rendered":"<p>RICK WARREN<\/p>\n","protected":false},"featured_media":1087052,"template":"","meta":{"_acf_changed":false,"om_disable_all_campaigns":false,"rs_blank_template":"","rs_page_bg_color":"","slide_template_v7":"","inline_featured_image":false,"_monsterinsights_skip_tracking":false,"_monsterinsights_sitenote_active":false,"_monsterinsights_sitenote_note":"","_monsterinsights_sitenote_category":0},"product_brand":[],"product_cat":[542,92],"product_tag":[],"class_list":{"0":"post-1087051","1":"product","2":"type-product","3":"status-publish","4":"has-post-thumbnail","6":"product_cat-vida-religiosa-1_espiritualidad-spa","7":"product_cat-vida-religiosa","9":"first","10":"instock","11":"taxable","12":"shipping-taxable","13":"purchasable","14":"product-type-simple"},"acf":{"autor":"RICK WARREN","codart":"082976378","libros-coleccion":"","ediciones":"1","encuadernacion":"Carpeta","fecha_de_publicacion":"01\/11\/2013","novedad":"1","paginas":"360","subtitulo":"","orden":"0","portada":"0","idioma":"spa","booktrailer":"","resenas":"","editorial":[{"ID":1035700,"post_author":"3","post_date":"2025-06-23 16:30:36","post_date_gmt":"2025-06-23 14:30:36","post_content":"","post_title":"VIDA","post_excerpt":"","post_status":"publish","comment_status":"closed","ping_status":"closed","post_password":"","post_name":"vida","to_ping":"","pinged":"","post_modified":"2025-06-23 16:30:36","post_modified_gmt":"2025-06-23 14:30:36","post_content_filtered":"","post_parent":0,"guid":"https:\/\/www.claret.cat\/editorial\/vida\/","menu_order":0,"post_type":"editorial","post_mime_type":"","comment_count":"0","filter":"raw"}]},"aioseo_notices":[],"_links":{"self":[{"href":"https:\/\/www.claret.cat\/es\/wp-json\/wp\/v2\/product\/1087051","targetHints":{"allow":["GET"]}}],"collection":[{"href":"https:\/\/www.claret.cat\/es\/wp-json\/wp\/v2\/product"}],"about":[{"href":"https:\/\/www.claret.cat\/es\/wp-json\/wp\/v2\/types\/product"}],"wp:featuredmedia":[{"embeddable":true,"href":"https:\/\/www.claret.cat\/es\/wp-json\/wp\/v2\/media\/1087052"}],"wp:attachment":[{"href":"https:\/\/www.claret.cat\/es\/wp-json\/wp\/v2\/media?parent=1087051"}],"wp:term":[{"taxonomy":"product_brand","embeddable":true,"href":"https:\/\/www.claret.cat\/es\/wp-json\/wp\/v2\/product_brand?post=1087051"},{"taxonomy":"product_cat","embeddable":true,"href":"https:\/\/www.claret.cat\/es\/wp-json\/wp\/v2\/product_cat?post=1087051"},{"taxonomy":"product_tag","embeddable":true,"href":"https:\/\/www.claret.cat\/es\/wp-json\/wp\/v2\/product_tag?post=1087051"}],"curies":[{"name":"wp","href":"https:\/\/api.w.org\/{rel}","templated":true}]}}