{"id":1087076,"date":"2026-03-02T12:40:02","date_gmt":"2026-03-02T11:40:02","guid":{"rendered":"https:\/\/www.claret.cat\/llibre\/tair-9788410220508\/"},"modified":"2026-03-02T12:40:38","modified_gmt":"2026-03-02T11:40:38","slug":"tair-9788410220508","status":"publish","type":"product","link":"https:\/\/www.claret.cat\/es\/libro\/tair-9788410220508\/","title":{"rendered":"TAIR"},"content":{"rendered":"<p>Guanyador del 28\u00e8 Premi de Poesia Alella a Maria Oleart.<br \/> Un homenatge a la gran poesia que vol donar resposta a la preocupaci\u00f3 existencial de l\u2019\u00e9sser hum\u00e0.<br \/> Pr\u00f2leg de Margarida Castells<\/p>\n<p> tair \u00e9s la creaci\u00f3 po\u00e8tica d\u2019uns ulls que no volen deixar de veure i d\u2019observar el m\u00f3n i les seves meravelles. Els seus versos esdevenen un homenatge a la gran poesia en diverses lleng\u00fces que ha pret\u00e8s respondre la preocupaci\u00f3 essencial de l\u2019\u00e9sser hum\u00e0: el seu lloc en l\u2019univers i el motiu secret de l\u2019exist\u00e8ncia. I, com aquells ocells de Fariddud\u00edn Attar, volen per les valls del coneixement i de la bellesa.<\/p>\n<p>     Cap a l\u2019\u00faltim llindar caminem junts,<br \/>     vens amb mi fins al l\u00edmit de la porta.<\/p>\n<p> El jurat format per Josep Pedrals, Maria Sevilla i Laura Torres va destacar el seg\u00fcent:<br \/> \u00abEl llibre tair \u00e9s una pe\u00e7a d\u2019art verbal molt ben elaborada i tancada que fa una reflexi\u00f3 sobre la sensibilitat i la ceguesa a partir de referents de la poesia ar\u00e0biga, xinesa o argentina, amb construccions po\u00e8tiques fermes i flu\u00efdes, imatges de gran pulcritud, unes rimes superbes i una delicada erudici\u00f3. Aix\u00ed com l\u2019aspecte formal del llibre ens aferra a unes estructures rigoroses i precises, que alhora basteixen una arquitectura interna ben s\u00f2lida, el m\u00f3n singular que tair ens proposa \u00e9s un viatge entre la imaginaci\u00f3 i la hist\u00f2ria, la mem\u00f2ria i la ficci\u00f3, les guerres antigues i la bellesa de les flors.\u00bb<\/p>\n","protected":false},"excerpt":{"rendered":"<p>ISRAEL CLAR\u00c0 L\u00d3PEZ<\/p>\n","protected":false},"featured_media":1087077,"template":"","meta":{"_acf_changed":false,"om_disable_all_campaigns":false,"rs_blank_template":"","rs_page_bg_color":"","slide_template_v7":"","inline_featured_image":false,"_monsterinsights_skip_tracking":false,"_monsterinsights_sitenote_active":false,"_monsterinsights_sitenote_note":"","_monsterinsights_sitenote_category":0},"product_brand":[],"product_cat":[121,340],"product_tag":[],"class_list":{"0":"post-1087076","1":"product","2":"type-product","3":"status-publish","4":"has-post-thumbnail","6":"product_cat-poesia","7":"product_cat-poesia-5_otras","9":"first","10":"instock","11":"taxable","12":"shipping-taxable","13":"purchasable","14":"product-type-simple"},"acf":{"autor":"ISRAEL CLAR\u00c0 L\u00d3PEZ","codart":"841022050","libros-coleccion":"","ediciones":"1","encuadernacion":"R\u00fastica","fecha_de_publicacion":"01\/03\/2026","novedad":"1","paginas":"80","subtitulo":"","orden":"0","portada":"0","idioma":"cat","booktrailer":"","resenas":"","editorial":[{"ID":147978,"post_author":"3","post_date":"2022-10-14 11:54:41","post_date_gmt":"2022-10-14 09:54:41","post_content":"","post_title":"EDITORIAL FONOLL","post_excerpt":"","post_status":"publish","comment_status":"closed","ping_status":"closed","post_password":"","post_name":"editorial-fonoll","to_ping":"","pinged":"","post_modified":"2022-10-14 11:54:41","post_modified_gmt":"2022-10-14 09:54:41","post_content_filtered":"","post_parent":0,"guid":"http:\/\/dev.claret.cat\/editorial\/editorial-fonoll\/","menu_order":0,"post_type":"editorial","post_mime_type":"","comment_count":"0","filter":"raw"}]},"aioseo_notices":[],"_links":{"self":[{"href":"https:\/\/www.claret.cat\/es\/wp-json\/wp\/v2\/product\/1087076","targetHints":{"allow":["GET"]}}],"collection":[{"href":"https:\/\/www.claret.cat\/es\/wp-json\/wp\/v2\/product"}],"about":[{"href":"https:\/\/www.claret.cat\/es\/wp-json\/wp\/v2\/types\/product"}],"wp:featuredmedia":[{"embeddable":true,"href":"https:\/\/www.claret.cat\/es\/wp-json\/wp\/v2\/media\/1087077"}],"wp:attachment":[{"href":"https:\/\/www.claret.cat\/es\/wp-json\/wp\/v2\/media?parent=1087076"}],"wp:term":[{"taxonomy":"product_brand","embeddable":true,"href":"https:\/\/www.claret.cat\/es\/wp-json\/wp\/v2\/product_brand?post=1087076"},{"taxonomy":"product_cat","embeddable":true,"href":"https:\/\/www.claret.cat\/es\/wp-json\/wp\/v2\/product_cat?post=1087076"},{"taxonomy":"product_tag","embeddable":true,"href":"https:\/\/www.claret.cat\/es\/wp-json\/wp\/v2\/product_tag?post=1087076"}],"curies":[{"name":"wp","href":"https:\/\/api.w.org\/{rel}","templated":true}]}}